{"id":99,"date":"2019-06-04T22:22:58","date_gmt":"2019-06-04T20:22:58","guid":{"rendered":"http:\/\/mefuxe.pl\/?page_id=99"},"modified":"2026-01-04T21:57:02","modified_gmt":"2026-01-04T20:57:02","slug":"meaugustyn","status":"publish","type":"page","link":"https:\/\/mefuxe.pl\/?page_id=99","title":{"rendered":"meAugustyn"},"content":{"rendered":"<table width=\"100%\">\n<tbody>\n<tr>\n<td width=\"16%\"><img fetchpriority=\"high\" decoding=\"async\" class=\"alignnone wp-image-251 size-medium\" title=\"Augustyn Fuchs\" src=\"https:\/\/mefuxe.pl\/wp-content\/uploads\/2019\/06\/personalPhotoUploaderThumbnail-18-199x300.jpg\" alt=\"Augustyn Fuchs\" width=\"199\" height=\"300\" srcset=\"https:\/\/mefuxe.pl\/wp-content\/uploads\/2019\/06\/personalPhotoUploaderThumbnail-18-199x300.jpg 199w, https:\/\/mefuxe.pl\/wp-content\/uploads\/2019\/06\/personalPhotoUploaderThumbnail-18-768x1157.jpg 768w, https:\/\/mefuxe.pl\/wp-content\/uploads\/2019\/06\/personalPhotoUploaderThumbnail-18-680x1024.jpg 680w, https:\/\/mefuxe.pl\/wp-content\/uploads\/2019\/06\/personalPhotoUploaderThumbnail-18.jpg 1156w\" sizes=\"(max-width: 199px) 100vw, 199px\" \/><\/td>\n<td style=\"text-align: center;\" width=\"83%\"><strong>Augustyn Fuchs <\/strong>aka \u201eGustek wszystko potrafi\u201d<\/td>\n<\/tr>\n<tr>\n<td width=\"16%\">\u00a0<\/td>\n<td width=\"83%\">\u00a0<\/td>\n<\/tr>\n<tr>\n<td width=\"16%\">Daty<\/td>\n<td width=\"83%\">1908-1988<\/td>\n<\/tr>\n<tr>\n<td width=\"16%\">Zaw\u00f3d<\/td>\n<td width=\"83%\">Naczelnik Urz\u0119du Skarbowego w Nowym Targu, Prezes klubu KS Podhale Nowy Targ.<\/td>\n<\/tr>\n<tr>\n<td width=\"16%\">Biografia<\/td>\n<td width=\"83%\">Urodzi\u0142 si\u0119 w rodzinie w\u0142a\u015bciciela d\u00f3br tabularnych (dworskich) w <a href=\"https:\/\/pl.wikipedia.org\/wiki\/Skawinki\" target=\"_blank\" rel=\"noopener\">Skawinkach<\/a> oraz <a href=\"https:\/\/upload.wikimedia.org\/wikipedia\/commons\/9\/9e\/Skawinki_wies_gmina_Lanckorona_ok.1897.jpg\" target=\"_blank\" rel=\"noopener\">dzier\u017cawcy ziemskiego<\/a> w tamtych okolicach Johanna Fuchsa (m.in. Jastrz\u0119bia Dolna), przyby\u0142ego do Skawinek w roku\u00a0 1873 z Bia\u0142ej (obecnie Bielsko-Bia\u0142a).\n<p>Syn Rudolfa Fuchsa oraz Marty z domu Lonczig.<\/p>\n<p>Szko\u0142\u0119 podstawow\u0105 uko\u0144czy\u0142 w Bia\u0142ej Krakowskiej (obecnie Bielsko-Bia\u0142a).<\/p>\n<p>Uko\u0144czy\u0142 gimnazjum O. Pijar\u00f3w w Rakowicach ko\u0142o Krakowa (w klasie V cz\u0142onek orkiestry d\u0119tej) .<\/p>\n<p>Uko\u0144czy\u0142 szko\u0142\u0119 Podchor\u0105\u017cych Rezerwy Artylerii.<\/p>\n<p>Studiowa\u0142 na Uniwersytecie Jagiello\u0144skim w Krakowie.<\/p>\n<p>W roku 1933 przyby\u0142 do Nowego Targu gdzie rozpocz\u0105\u0142 prac\u0119 w Urz\u0119dzie Skarbowym.<\/p>\n<p>W roku 1936 o\u017ceni\u0142 si\u0119 z Janin\u0105 Szubi\u0144sk\u0105 (pierwszy skarbnik <a href=\"https:\/\/pl.wikipedia.org\/wiki\/Podhale_Nowy_Targ\" target=\"_blank\" rel=\"noopener noreferrer\">KS Podhale Nowy Targ<\/a>).<\/p>\n<p>W roku 1939,\u00a0 w randze podporucznika, dosta\u0142 si\u0119 do niewoli pod Ciechanowem.<\/p>\n<p>Ca\u0142\u0105 okupacj\u0119 sp\u0119dzi\u0142 w Oflagu XI B oraz II C (<a href=\"https:\/\/pl.wikipedia.org\/wiki\/Oflag_II_C_Woldenberg\">Woldenberg<\/a>).<\/p>\n<p>W niewoli by\u0142 m.in. lektorem tygodnika i dziennika obozowego oraz przynale\u017ca\u0142 do KS Wawel.<\/p>\n<p>Podczas pobytu w Oflagu odm\u00f3wi\u0142 przej\u015bcia na stron\u0119 niemieck\u0105 (aspekt pochodzenia).\u00a0<\/p>\n<p>Po wojnie pe\u0142ni\u0142 wiele funkcji zawodowych oraz spo\u0142ecznych (m.in.):<\/p>\n<p>\u00b7\u00a0\u00a0\u00a0\u00a0\u00a0\u00a0 Naczelnik Urz\u0119du Skarbowego w Limanowej<\/p>\n<p>\u00b7\u00a0\u00a0\u00a0\u00a0\u00a0\u00a0 Naczelnik Urz\u0119du Skarbowego w Nowym Targu<\/p>\n<p>\u00b7\u00a0\u00a0\u00a0\u00a0\u00a0\u00a0 Dyrektor Ruch w Nowym Targu<\/p>\n<p>\u00b7\u00a0\u00a0\u00a0\u00a0\u00a0\u00a0 Prezes klubu <a href=\"https:\/\/pl.wikipedia.org\/wiki\/Podhale_Nowy_Targ\" target=\"_blank\" rel=\"noopener noreferrer\">KS Podhale Nowy Targ<\/a> (1953-1967)<\/p>\n<p>\u00b7\u00a0\u00a0\u00a0\u00a0\u00a0\u00a0 Wsp\u00f3\u0142za\u0142o\u017cyciel i Prezes Ko\u0142a \u0141owieckiego Ponowa (przed W\u015a2).<\/p>\n<p>Aktywny sportowo:<\/p>\n<p>W czasie studi\u00f3w, w Krakowie, zawodnik KS Cracovia (sekcja pi\u0142ka r\u0119czna, przekaz rodzinny wspomina o pozycji bramkarza).<\/p>\n<p>W Nowym Targu, bramkarz w\u00a0 sekcji pi\u0142ki no\u017cnej klubu KS Podhale, uczestnik zawod\u00f3w strzeleckich.<\/p>\n<p>Odznaczenia:<\/p>\n<ul>\n<li>Krzy\u017c Kawalerski Orderu Odrodzenia Polski<\/li>\n<li>Z\u0142oty i Srebrny Krzy\u017c Zas\u0142ugi<\/li>\n<li>Medal Niepodleg\u0142o\u015bci<\/li>\n<li>Odznaka Grunwaldzka<\/li>\n<li>Honorowa Odznaka PZHL<\/li>\n<li>Z\u0142ota Odznaka \u201eZas\u0142u\u017cony Dzia\u0142acz KS Podhale\u201d<\/li>\n<li>Odznaka Zas\u0142u\u017cony Dzia\u0142acz Kultury Fizycznej<\/li>\n<li>Z\u0142ota Odznaka za Zas\u0142ugi dla Wojew\u00f3dztwa Nowos\u0105deckiego<\/li>\n<li>Medal 40lecia PRL<\/li>\n<\/ul>\n<p>Ojciec Haliny (vel Krystyny) oraz Andrzeja.<\/p>\n<p>M\u00f3j dziadek. <strong>M\u00f3j wz\u00f3r<\/strong>.<\/p>\n<p>Zdj\u0119cia dziadka mo\u017cna znale\u017a\u0107 tak\u017ce na podstronach <a href=\"https:\/\/mefuxe.pl\/?page_id=1048\">tej<\/a> i <a href=\"https:\/\/mefuxe.pl\/?page_id=1051\">tej<\/a>.<\/p>\n<\/td>\n<\/tr>\n<tr>\n<td width=\"16%\">Ciekawe linki<\/td>\n<td width=\"83%\">\u00b7\u00a0\u00a0\u00a0\u00a0\u00a0\u00a0 <a href=\"http:\/\/podhalenowytarg.pl\/kh\/2017\/11\/26\/85-temu-powstal-ks-podhale-nowy-targ\/\" target=\"_blank\" rel=\"noopener noreferrer\">http:\/\/podhalenowytarg.pl\/kh\/2017\/11\/26\/85-temu-powstal-ks-podhale-nowy-targ\/<\/a>\n<p>\u00b7\u00a0\u00a0\u00a0\u00a0\u00a0\u00a0 <a href=\"https:\/\/cyfrowa.tvp.pl\/video\/sport-i-sportowcy,kij-w-mrowisku,59157999\" target=\"_blank\" rel=\"noopener\">https:\/\/cyfrowa.tvp.pl\/video\/sport-i-sportowcy,kij-w-mrowisku,59157999<\/a><\/p>\n<p>\u00b7\u00a0\u00a0\u00a0\u00a0\u00a0\u00a0 <a href=\"https:\/\/www.sportowepodhale.pl\/index.php?s=tekst&amp;id=12199\" target=\"_blank\" rel=\"noopener noreferrer\">https:\/\/www.sportowepodhale.pl\/index.php?s=tekst&amp;id=12199<\/a><\/p>\n<p>\u00b7\u00a0\u00a0\u00a0\u00a0\u00a0\u00a0 <a href=\"https:\/\/youtu.be\/EgOLrTcoz-s\" target=\"_blank\" rel=\"noopener noreferrer\">https:\/\/youtu.be\/EgOLrTcoz-s<\/a><\/p>\n<p>\u00b7\u00a0\u00a0\u00a0\u00a0\u00a0\u00a0 <a href=\"http:\/\/www.ponowa.nowytarg.pl\/historia\" target=\"_blank\" rel=\"noopener noreferrer\">http:\/\/www.ponowa.nowytarg.pl\/historia<\/a><\/p>\n<p>\u00b7\u00a0 \u00a0 \u00a0 <a href=\"https:\/\/www.sportowepodhale.pl\/artykul\/16522\/Poczet-waznych-ludzi-czesc-IV\" target=\"_blank\" rel=\"noopener noreferrer\">https:\/\/www.sportowepodhale.pl\/artykul\/16522\/Poczet-waznych-ludzi-czesc-IV<\/a><\/p>\n<\/td>\n<\/tr>\n<\/tbody>\n<\/table>\n\n\n<p><\/p>\n","protected":false},"excerpt":{"rendered":"<p>Augustyn Fuchs aka \u201eGustek wszystko potrafi\u201d \u00a0 \u00a0 Daty 1908-1988 Zaw\u00f3d Naczelnik Urz\u0119du Skarbowego w Nowym Targu, Prezes klubu KS Podhale Nowy Targ. Biografia Urodzi\u0142 si\u0119 w rodzinie w\u0142a\u015bciciela d\u00f3br tabularnych (dworskich) w Skawinkach oraz dzier\u017cawcy ziemskiego w tamtych okolicach &hellip; <a href=\"https:\/\/mefuxe.pl\/?page_id=99\">Czytaj dalej <span class=\"meta-nav\">&rarr;<\/span><\/a><\/p>\n","protected":false},"author":2,"featured_media":0,"parent":0,"menu_order":0,"comment_status":"closed","ping_status":"closed","template":"","meta":{"footnotes":""},"class_list":["post-99","page","type-page","status-publish","hentry"],"_links":{"self":[{"href":"https:\/\/mefuxe.pl\/index.php?rest_route=\/wp\/v2\/pages\/99","targetHints":{"allow":["GET"]}}],"collection":[{"href":"https:\/\/mefuxe.pl\/index.php?rest_route=\/wp\/v2\/pages"}],"about":[{"href":"https:\/\/mefuxe.pl\/index.php?rest_route=\/wp\/v2\/types\/page"}],"author":[{"embeddable":true,"href":"https:\/\/mefuxe.pl\/index.php?rest_route=\/wp\/v2\/users\/2"}],"replies":[{"embeddable":true,"href":"https:\/\/mefuxe.pl\/index.php?rest_route=%2Fwp%2Fv2%2Fcomments&post=99"}],"version-history":[{"count":58,"href":"https:\/\/mefuxe.pl\/index.php?rest_route=\/wp\/v2\/pages\/99\/revisions"}],"predecessor-version":[{"id":2188,"href":"https:\/\/mefuxe.pl\/index.php?rest_route=\/wp\/v2\/pages\/99\/revisions\/2188"}],"wp:attachment":[{"href":"https:\/\/mefuxe.pl\/index.php?rest_route=%2Fwp%2Fv2%2Fmedia&parent=99"}],"curies":[{"name":"wp","href":"https:\/\/api.w.org\/{rel}","templated":true}]}}