{"id":741,"date":"2020-04-04T16:35:57","date_gmt":"2020-04-04T14:35:57","guid":{"rendered":"http:\/\/mefuxe.pl\/?page_id=741"},"modified":"2023-01-05T18:52:33","modified_gmt":"2023-01-05T17:52:33","slug":"mekevinnothomealone","status":"publish","type":"page","link":"https:\/\/mefuxe.pl\/?page_id=741","title":{"rendered":"meKevinNotHomeAlone"},"content":{"rendered":"\n<p><a rel=\"noreferrer noopener\" href=\"https:\/\/youtu.be\/xG9LIf5PcfE\" target=\"_blank\">Sta\u0142o si\u0119, sta\u0142o si\u0119 to co mia\u0142o si\u0119 sta\u0107<\/a>, \u015bpiewa\u0142 Kazik Staszewski. Grzebanie w przesz\u0142o\u015bci zawsze przechodzi w tera\u017aniejszo\u015b\u0107. Rozpoczynaj\u0105c ten projekt nie by\u0142em \u015bwiadomy jak szybko mo\u017ce do tego doj\u015b\u0107 i kiedy to nast\u0105pi. Oczywi\u015bcie, \u015bwiadomo\u015b\u0107 istnienia potomk\u00f3w mojej rodziny, rozsianych po \u015bwiecie, w pewnym momencie by\u0142a ju\u017c nad wyraz widoczna ale dopiero przylot Kevina z USA u\u015bwiadomi\u0142 mi nowy, istotny wymiar.  Wymiar rodzinnej wymiany wspomnie\u0144 w\u015br\u00f3d \u017cyj\u0105cych.  <\/p>\n\n\n\n<p>Pod koniec lutego 2020 mia\u0142em okazj\u0119 osobi\u015bcie pozna\u0107 Kevina, kt\u00f3ry przylecia\u0142 specjalnie z USA aby spotka\u0107 si\u0119 ze mn\u0105 oraz odwiedzi\u0107 kilka miejsc zwi\u0105zanych z naszymi wsp\u00f3lnymi przodkami. Dziadkiem Kevina by\u0142, znany z opis\u00f3w na tej stronie, Erwin Fuchs (brat mojego pradziadka <a href=\"https:\/\/mefuxe.pl\/?page_id=139\">Rudolfa Fuchsa<\/a>). Ten sam Erwin kt\u00f3ry emigruj\u0105c do USA zostawia w Polsce \u017con\u0119 i syna <a href=\"https:\/\/mefuxe.pl\/?p=576\">Adama<\/a>. <\/p>\n\n\n\n<p>Kevin wr\u00f3ci\u0142 na stare \u015bmieci. Kevin Not Home Alone. Anymore \ud83d\ude42<\/p>\n\n\n\n<p>Intensywna wycieczka, poprzedzona spotkaniem i objazdem Warszawy samochodem (&#8216;Warsaw by night good?&#8217; za komedi\u0105 <a rel=\"noreferrer noopener\" href=\"https:\/\/www.filmweb.pl\/Alternatywy\" target=\"_blank\">Alternatywy<\/a> ;)) to bardzo mocne i dobre do\u015bwiadczenie.<\/p>\n\n\n\n<p>Kr\u0119cenie k\u00f3\u0142kiem to jedno (mam to po Mamie :)). U\u015bmiech na twarzy Kevina to drugie.  W dwa dni zrobili\u015bmy spor\u0105 tras\u0119 \u015bladami Fuchs\u00f3w.  Bonusem by\u0142o spotkanie z <a href=\"https:\/\/mefuxe.pl\/?page_id=576\">wnuczk\u0105<\/a> Erwina z pierwszego ma\u0142\u017ce\u0144stwa.  Wnuczka i  Kevin  to rodze\u0144stwo w drugiej linii -&gt; &#8216;Half cousins&#8217;. Kevin zdecydowa\u0142 \ud83d\ude42 Masterpiece!!! <\/p>\n\n\n\n<p>O nocnym popasie na <a rel=\"noreferrer noopener\" href=\"https:\/\/pl.wikipedia.org\/wiki\/Kazimierz_(Krak%C3%B3w)\" target=\"_blank\">Kazimierzu<\/a> wspomina\u0107 nie wypada \ud83d\ude09<\/p>\n\n\n\n<p>Trasa Pierwszego Tour de Fuchs*0: Warszawa -&gt; Krak\u00f3w -&gt; Wieliczka -&gt; <a rel=\"noreferrer noopener\" href=\"https:\/\/pl.wikipedia.org\/wiki\/Skawinki#\/media\/Plik:Skawinki_wies_gmina_Lanckorona_ok.1897.jpg\" target=\"_blank\">Skawinki<\/a> -&gt; Bielsko-BIA\u0141A-&gt;Krak\u00f3w-&gt; Warszawa.<\/p>\n\n\n\n<figure class=\"wp-block-gallery has-nested-images columns-default is-cropped wp-block-gallery-1 is-layout-flex wp-block-gallery-is-layout-flex\">\n<figure class=\"wp-block-image size-large\"><a href=\"https:\/\/mefuxe.pl\/wp-content\/uploads\/2020\/04\/0d4a9cc8-66d8-419a-a926-2ae87134d970.jpg\"><img fetchpriority=\"high\" decoding=\"async\" width=\"1024\" height=\"768\" data-id=\"764\" src=\"https:\/\/mefuxe.pl\/wp-content\/uploads\/2020\/04\/0d4a9cc8-66d8-419a-a926-2ae87134d970.jpg\" alt=\"\" class=\"wp-image-764\" srcset=\"https:\/\/mefuxe.pl\/wp-content\/uploads\/2020\/04\/0d4a9cc8-66d8-419a-a926-2ae87134d970.jpg 1024w, https:\/\/mefuxe.pl\/wp-content\/uploads\/2020\/04\/0d4a9cc8-66d8-419a-a926-2ae87134d970-300x225.jpg 300w, https:\/\/mefuxe.pl\/wp-content\/uploads\/2020\/04\/0d4a9cc8-66d8-419a-a926-2ae87134d970-768x576.jpg 768w\" sizes=\"(max-width: 1024px) 100vw, 1024px\" \/><\/a><figcaption class=\"wp-element-caption\">Warmup in Warsaw<\/figcaption><\/figure>\n\n\n\n<figure class=\"wp-block-image size-large\"><a href=\"https:\/\/mefuxe.pl\/wp-content\/uploads\/2020\/04\/2020-02-28-12-13-37-0053.jpg\"><img decoding=\"async\" width=\"1024\" height=\"684\" data-id=\"767\" src=\"https:\/\/mefuxe.pl\/wp-content\/uploads\/2020\/04\/2020-02-28-12-13-37-0053-1024x684.jpg\" alt=\"\" class=\"wp-image-767\" srcset=\"https:\/\/mefuxe.pl\/wp-content\/uploads\/2020\/04\/2020-02-28-12-13-37-0053-1024x684.jpg 1024w, https:\/\/mefuxe.pl\/wp-content\/uploads\/2020\/04\/2020-02-28-12-13-37-0053-300x200.jpg 300w, https:\/\/mefuxe.pl\/wp-content\/uploads\/2020\/04\/2020-02-28-12-13-37-0053-768x513.jpg 768w, https:\/\/mefuxe.pl\/wp-content\/uploads\/2020\/04\/2020-02-28-12-13-37-0053.jpg 1198w\" sizes=\"(max-width: 1024px) 100vw, 1024px\" \/><\/a><figcaption class=\"wp-element-caption\">Skawinki *1<\/figcaption><\/figure>\n\n\n\n<figure class=\"wp-block-image size-large\"><a href=\"https:\/\/mefuxe.pl\/wp-content\/uploads\/2020\/04\/2020-02-28-11-57-15-0012.jpg\"><img decoding=\"async\" width=\"1024\" height=\"684\" data-id=\"765\" src=\"https:\/\/mefuxe.pl\/wp-content\/uploads\/2020\/04\/2020-02-28-11-57-15-0012-1024x684.jpg\" alt=\"\" class=\"wp-image-765\" srcset=\"https:\/\/mefuxe.pl\/wp-content\/uploads\/2020\/04\/2020-02-28-11-57-15-0012-1024x684.jpg 1024w, https:\/\/mefuxe.pl\/wp-content\/uploads\/2020\/04\/2020-02-28-11-57-15-0012-300x200.jpg 300w, https:\/\/mefuxe.pl\/wp-content\/uploads\/2020\/04\/2020-02-28-11-57-15-0012-768x513.jpg 768w, https:\/\/mefuxe.pl\/wp-content\/uploads\/2020\/04\/2020-02-28-11-57-15-0012.jpg 1198w\" sizes=\"(max-width: 1024px) 100vw, 1024px\" \/><\/a><figcaption class=\"wp-element-caption\">Skawinki<\/figcaption><\/figure>\n\n\n\n<figure class=\"wp-block-image size-large\"><a href=\"https:\/\/mefuxe.pl\/wp-content\/uploads\/2020\/04\/2020-02-28-11-57-44-0013.jpg\"><img loading=\"lazy\" decoding=\"async\" width=\"1024\" height=\"684\" data-id=\"766\" src=\"https:\/\/mefuxe.pl\/wp-content\/uploads\/2020\/04\/2020-02-28-11-57-44-0013-1024x684.jpg\" alt=\"\" class=\"wp-image-766\" srcset=\"https:\/\/mefuxe.pl\/wp-content\/uploads\/2020\/04\/2020-02-28-11-57-44-0013-1024x684.jpg 1024w, https:\/\/mefuxe.pl\/wp-content\/uploads\/2020\/04\/2020-02-28-11-57-44-0013-300x200.jpg 300w, https:\/\/mefuxe.pl\/wp-content\/uploads\/2020\/04\/2020-02-28-11-57-44-0013-768x513.jpg 768w, https:\/\/mefuxe.pl\/wp-content\/uploads\/2020\/04\/2020-02-28-11-57-44-0013.jpg 1198w\" sizes=\"(max-width: 1024px) 100vw, 1024px\" \/><\/a><figcaption class=\"wp-element-caption\">Skawinki<\/figcaption><\/figure>\n\n\n\n<figure class=\"wp-block-image size-large\"><a href=\"https:\/\/mefuxe.pl\/wp-content\/uploads\/2020\/04\/2020-02-28-11-57-59-0015.jpg\"><img loading=\"lazy\" decoding=\"async\" width=\"1024\" height=\"684\" data-id=\"768\" src=\"https:\/\/mefuxe.pl\/wp-content\/uploads\/2020\/04\/2020-02-28-11-57-59-0015-1024x684.jpg\" alt=\"\" class=\"wp-image-768\" srcset=\"https:\/\/mefuxe.pl\/wp-content\/uploads\/2020\/04\/2020-02-28-11-57-59-0015-1024x684.jpg 1024w, https:\/\/mefuxe.pl\/wp-content\/uploads\/2020\/04\/2020-02-28-11-57-59-0015-300x200.jpg 300w, https:\/\/mefuxe.pl\/wp-content\/uploads\/2020\/04\/2020-02-28-11-57-59-0015-768x513.jpg 768w, https:\/\/mefuxe.pl\/wp-content\/uploads\/2020\/04\/2020-02-28-11-57-59-0015.jpg 1198w\" sizes=\"(max-width: 1024px) 100vw, 1024px\" \/><\/a><figcaption class=\"wp-element-caption\">Skawinki<\/figcaption><\/figure>\n\n\n\n<figure class=\"wp-block-image size-large\"><a href=\"https:\/\/mefuxe.pl\/wp-content\/uploads\/2020\/04\/2020-02-28-12-01-23-0020.jpg\"><img loading=\"lazy\" decoding=\"async\" width=\"1024\" height=\"684\" data-id=\"769\" src=\"https:\/\/mefuxe.pl\/wp-content\/uploads\/2020\/04\/2020-02-28-12-01-23-0020-1024x684.jpg\" alt=\"\" class=\"wp-image-769\" srcset=\"https:\/\/mefuxe.pl\/wp-content\/uploads\/2020\/04\/2020-02-28-12-01-23-0020-1024x684.jpg 1024w, https:\/\/mefuxe.pl\/wp-content\/uploads\/2020\/04\/2020-02-28-12-01-23-0020-300x200.jpg 300w, https:\/\/mefuxe.pl\/wp-content\/uploads\/2020\/04\/2020-02-28-12-01-23-0020-768x513.jpg 768w, https:\/\/mefuxe.pl\/wp-content\/uploads\/2020\/04\/2020-02-28-12-01-23-0020.jpg 1198w\" sizes=\"(max-width: 1024px) 100vw, 1024px\" \/><\/a><figcaption class=\"wp-element-caption\">Skawinki<\/figcaption><\/figure>\n\n\n\n<figure class=\"wp-block-image size-large\"><a href=\"https:\/\/mefuxe.pl\/wp-content\/uploads\/2020\/04\/be8b0010-0d99-4c42-a438-5505a44802e6.jpg\"><img loading=\"lazy\" decoding=\"async\" width=\"1024\" height=\"768\" data-id=\"762\" src=\"https:\/\/mefuxe.pl\/wp-content\/uploads\/2020\/04\/be8b0010-0d99-4c42-a438-5505a44802e6.jpg\" alt=\"\" class=\"wp-image-762\" srcset=\"https:\/\/mefuxe.pl\/wp-content\/uploads\/2020\/04\/be8b0010-0d99-4c42-a438-5505a44802e6.jpg 1024w, https:\/\/mefuxe.pl\/wp-content\/uploads\/2020\/04\/be8b0010-0d99-4c42-a438-5505a44802e6-300x225.jpg 300w, https:\/\/mefuxe.pl\/wp-content\/uploads\/2020\/04\/be8b0010-0d99-4c42-a438-5505a44802e6-768x576.jpg 768w\" sizes=\"(max-width: 1024px) 100vw, 1024px\" \/><\/a><figcaption class=\"wp-element-caption\">Bielsko-Bia\u0142a<\/figcaption><\/figure>\n\n\n\n<figure class=\"wp-block-image size-large\"><a href=\"https:\/\/mefuxe.pl\/wp-content\/uploads\/2020\/04\/2020-02-28-16-53-27-0073.jpg\"><img loading=\"lazy\" decoding=\"async\" width=\"1024\" height=\"684\" data-id=\"770\" src=\"https:\/\/mefuxe.pl\/wp-content\/uploads\/2020\/04\/2020-02-28-16-53-27-0073-1024x684.jpg\" alt=\"\" class=\"wp-image-770\" srcset=\"https:\/\/mefuxe.pl\/wp-content\/uploads\/2020\/04\/2020-02-28-16-53-27-0073-1024x684.jpg 1024w, https:\/\/mefuxe.pl\/wp-content\/uploads\/2020\/04\/2020-02-28-16-53-27-0073-300x200.jpg 300w, https:\/\/mefuxe.pl\/wp-content\/uploads\/2020\/04\/2020-02-28-16-53-27-0073-768x513.jpg 768w, https:\/\/mefuxe.pl\/wp-content\/uploads\/2020\/04\/2020-02-28-16-53-27-0073.jpg 1198w\" sizes=\"(max-width: 1024px) 100vw, 1024px\" \/><\/a><figcaption class=\"wp-element-caption\">Krak\u00f3w *2<\/figcaption><\/figure>\n\n\n\n<figure class=\"wp-block-image size-large\"><a href=\"https:\/\/mefuxe.pl\/wp-content\/uploads\/2020\/04\/148c3b9f-34bc-46dd-9f2e-8ee854f066ff.jpg\"><img loading=\"lazy\" decoding=\"async\" width=\"1024\" height=\"768\" data-id=\"761\" src=\"https:\/\/mefuxe.pl\/wp-content\/uploads\/2020\/04\/148c3b9f-34bc-46dd-9f2e-8ee854f066ff.jpg\" alt=\"\" class=\"wp-image-761\" srcset=\"https:\/\/mefuxe.pl\/wp-content\/uploads\/2020\/04\/148c3b9f-34bc-46dd-9f2e-8ee854f066ff.jpg 1024w, https:\/\/mefuxe.pl\/wp-content\/uploads\/2020\/04\/148c3b9f-34bc-46dd-9f2e-8ee854f066ff-300x225.jpg 300w, https:\/\/mefuxe.pl\/wp-content\/uploads\/2020\/04\/148c3b9f-34bc-46dd-9f2e-8ee854f066ff-768x576.jpg 768w\" sizes=\"(max-width: 1024px) 100vw, 1024px\" \/><\/a><figcaption class=\"wp-element-caption\">Family meeting in Cracow *3<\/figcaption><\/figure>\n\n\n\n<figure class=\"wp-block-image size-large\"><a href=\"https:\/\/mefuxe.pl\/wp-content\/uploads\/2020\/04\/2020-02-28-14-10-12-0055.jpg\"><img loading=\"lazy\" decoding=\"async\" width=\"1024\" height=\"684\" data-id=\"771\" src=\"https:\/\/mefuxe.pl\/wp-content\/uploads\/2020\/04\/2020-02-28-14-10-12-0055-1024x684.jpg\" alt=\"\" class=\"wp-image-771\" srcset=\"https:\/\/mefuxe.pl\/wp-content\/uploads\/2020\/04\/2020-02-28-14-10-12-0055-1024x684.jpg 1024w, https:\/\/mefuxe.pl\/wp-content\/uploads\/2020\/04\/2020-02-28-14-10-12-0055-300x200.jpg 300w, https:\/\/mefuxe.pl\/wp-content\/uploads\/2020\/04\/2020-02-28-14-10-12-0055-768x513.jpg 768w, https:\/\/mefuxe.pl\/wp-content\/uploads\/2020\/04\/2020-02-28-14-10-12-0055.jpg 1198w\" sizes=\"(max-width: 1024px) 100vw, 1024px\" \/><\/a><figcaption class=\"wp-element-caption\">Bielsko-Bia\u0142a *4<\/figcaption><\/figure>\n\n\n\n<figure class=\"wp-block-image size-large\"><a href=\"https:\/\/mefuxe.pl\/wp-content\/uploads\/2020\/04\/2020-02-29-11-07-15-0381.jpg\"><img loading=\"lazy\" decoding=\"async\" width=\"684\" height=\"1024\" data-id=\"772\" src=\"https:\/\/mefuxe.pl\/wp-content\/uploads\/2020\/04\/2020-02-29-11-07-15-0381-684x1024.jpg\" alt=\"\" class=\"wp-image-772\" srcset=\"https:\/\/mefuxe.pl\/wp-content\/uploads\/2020\/04\/2020-02-29-11-07-15-0381-684x1024.jpg 684w, https:\/\/mefuxe.pl\/wp-content\/uploads\/2020\/04\/2020-02-29-11-07-15-0381-200x300.jpg 200w, https:\/\/mefuxe.pl\/wp-content\/uploads\/2020\/04\/2020-02-29-11-07-15-0381-768x1150.jpg 768w, https:\/\/mefuxe.pl\/wp-content\/uploads\/2020\/04\/2020-02-29-11-07-15-0381.jpg 800w\" sizes=\"(max-width: 684px) 100vw, 684px\" \/><\/a><figcaption class=\"wp-element-caption\">Krak\u00f3w<\/figcaption><\/figure>\n\n\n\n<figure class=\"wp-block-image size-large\"><a href=\"https:\/\/mefuxe.pl\/wp-content\/uploads\/2020\/04\/2020-02-29-10-07-58-0206.jpg\"><img loading=\"lazy\" decoding=\"async\" width=\"1024\" height=\"684\" data-id=\"773\" src=\"https:\/\/mefuxe.pl\/wp-content\/uploads\/2020\/04\/2020-02-29-10-07-58-0206-1024x684.jpg\" alt=\"\" class=\"wp-image-773\" srcset=\"https:\/\/mefuxe.pl\/wp-content\/uploads\/2020\/04\/2020-02-29-10-07-58-0206-1024x684.jpg 1024w, https:\/\/mefuxe.pl\/wp-content\/uploads\/2020\/04\/2020-02-29-10-07-58-0206-300x200.jpg 300w, https:\/\/mefuxe.pl\/wp-content\/uploads\/2020\/04\/2020-02-29-10-07-58-0206-768x513.jpg 768w, https:\/\/mefuxe.pl\/wp-content\/uploads\/2020\/04\/2020-02-29-10-07-58-0206.jpg 1198w\" sizes=\"(max-width: 1024px) 100vw, 1024px\" \/><\/a><figcaption class=\"wp-element-caption\">Krak\u00f3w<\/figcaption><\/figure>\n<\/figure>\n\n\n\n<p><\/p>\n\n\n\n<p>*0) Kevin awizuje powr\u00f3t w szerszym gronie a ju\u017c nied\u0142ugo (COVID-19 storpedowa\u0142 pierwszy termin) spotkam si\u0119 z potomkiem siostry mojego pradziadka Rudolfa. Another London is calling \ud83d\ude42<\/p>\n\n\n\n<p>*1) Odtworzenie uj\u0119cia ze zdj\u0119cia <a rel=\"noreferrer noopener\" href=\"https:\/\/pl.wikipedia.org\/wiki\/Skawinki\" target=\"_blank\">Awita Szuberta z okolic roku 1897<\/a>. W tym okresie dom nale\u017ca\u0142 do rodziny Fuchs.<\/p>\n\n\n\n<p>*2) Brama kamienicy w kt\u00f3rej mieszka\u0142 dziadek Kevina (Erwin Fuchs) przed emigracj\u0105 do USA.<\/p>\n\n\n\n<p>*3) Wsp\u00f3lna fotografia kuzyn\u00f3w (wsp\u00f3lny dziadek): Pani Anna i Kevin. Ja i wnuczka (Autor zdj\u0119cia) Pani Anny jako &#8220;komunikacyjne proxy&#8221; \ud83d\ude09<\/p>\n\n\n\n<p>*4) Kevin na &#8220;tle&#8221; domu (puste pole i cze\u015b\u0107 Domu Maklerskiego z lewej strony) jaki nale\u017ca\u0142 do rodziny na pocz\u0105tku XIX wieku. Drugiego. Pierwszy znajdowa\u0142 si\u0119 w okolicach obecnej ulicy Romana Dmowskiego (XVIII w.).<\/p>\n\n\n\n<p><\/p>\n\n\n\n<p><\/p>\n\n\n\n<p><\/p>\n","protected":false},"excerpt":{"rendered":"<p>Sta\u0142o si\u0119, sta\u0142o si\u0119 to co mia\u0142o si\u0119 sta\u0107, \u015bpiewa\u0142 Kazik Staszewski. Grzebanie w przesz\u0142o\u015bci zawsze przechodzi w tera\u017aniejszo\u015b\u0107. Rozpoczynaj\u0105c ten projekt nie by\u0142em \u015bwiadomy jak szybko mo\u017ce do tego doj\u015b\u0107 i kiedy to nast\u0105pi. Oczywi\u015bcie, \u015bwiadomo\u015b\u0107 istnienia potomk\u00f3w mojej &hellip; <a href=\"https:\/\/mefuxe.pl\/?page_id=741\">Czytaj dalej <span class=\"meta-nav\">&rarr;<\/span><\/a><\/p>\n","protected":false},"author":2,"featured_media":0,"parent":0,"menu_order":0,"comment_status":"closed","ping_status":"closed","template":"","meta":{"footnotes":""},"class_list":["post-741","page","type-page","status-publish","hentry"],"_links":{"self":[{"href":"https:\/\/mefuxe.pl\/index.php?rest_route=\/wp\/v2\/pages\/741","targetHints":{"allow":["GET"]}}],"collection":[{"href":"https:\/\/mefuxe.pl\/index.php?rest_route=\/wp\/v2\/pages"}],"about":[{"href":"https:\/\/mefuxe.pl\/index.php?rest_route=\/wp\/v2\/types\/page"}],"author":[{"embeddable":true,"href":"https:\/\/mefuxe.pl\/index.php?rest_route=\/wp\/v2\/users\/2"}],"replies":[{"embeddable":true,"href":"https:\/\/mefuxe.pl\/index.php?rest_route=%2Fwp%2Fv2%2Fcomments&post=741"}],"version-history":[{"count":34,"href":"https:\/\/mefuxe.pl\/index.php?rest_route=\/wp\/v2\/pages\/741\/revisions"}],"predecessor-version":[{"id":1766,"href":"https:\/\/mefuxe.pl\/index.php?rest_route=\/wp\/v2\/pages\/741\/revisions\/1766"}],"wp:attachment":[{"href":"https:\/\/mefuxe.pl\/index.php?rest_route=%2Fwp%2Fv2%2Fmedia&parent=741"}],"curies":[{"name":"wp","href":"https:\/\/api.w.org\/{rel}","templated":true}]}}