{"id":691,"date":"2019-12-14T21:17:43","date_gmt":"2019-12-14T20:17:43","guid":{"rendered":"http:\/\/mefuxe.pl\/?page_id=691"},"modified":"2024-11-09T14:43:14","modified_gmt":"2024-11-09T13:43:14","slug":"melastnoblestanding","status":"publish","type":"page","link":"https:\/\/mefuxe.pl\/?page_id=691","title":{"rendered":"meLastNobleStanding"},"content":{"rendered":"\n<p>Zak\u0142adka po\u015bwi\u0119cona mojej 2x prababci od strony Mamy. Katarzyna Manasterska herbu Sas. M\u00f3j ostatni przodek szlachetnie urodzony.<\/p>\n\n\n\n<p>Urodzi\u0142a si\u0119 w 1851 w <a rel=\"noreferrer noopener\" aria-label=\"Bobuli\u0144cach (otwiera si\u0119 na nowej zak\u0142adce)\" href=\"https:\/\/pl.wikipedia.org\/wiki\/Bobuli%C5%84ce\" target=\"_blank\">Bobuli\u0144cach<\/a> (metryka greckokatolicka), w wojew\u00f3dztwie tarnopolskim, na Kresach. Wed\u0142ug moich materia\u0142\u00f3w jako si\u00f3dme dziecko Bazylego Manasterskiego herbu Sas oraz Ludwiki de domo Turku\u0142 herbu Ostoja. Troch\u0119 wi\u0119cej o przodkach Ludwiki mo\u017cna przeczyta\u0107 w zak\u0142adce <a href=\"https:\/\/mefuxe.pl\/?page_id=147\">meVasile<\/a>.<\/p>\n\n\n\n<p>Niestety nie dotar\u0142em do miejsca zgonu Katarzyny. Jak zwykle to tylko kwestia czasu jak i do tego dojd\u0119. <\/p>\n\n\n\n<figure class=\"wp-block-image size-large\"><img fetchpriority=\"high\" decoding=\"async\" width=\"1024\" height=\"248\" src=\"https:\/\/mefuxe.pl\/wp-content\/uploads\/2019\/12\/442-1024x248.jpg\" alt=\"Manasterski Turku\u0142 Bobuli\u0144ce\" class=\"wp-image-705\" srcset=\"https:\/\/mefuxe.pl\/wp-content\/uploads\/2019\/12\/442-1024x248.jpg 1024w, https:\/\/mefuxe.pl\/wp-content\/uploads\/2019\/12\/442-300x73.jpg 300w, https:\/\/mefuxe.pl\/wp-content\/uploads\/2019\/12\/442-768x186.jpg 768w\" sizes=\"(max-width: 1024px) 100vw, 1024px\" \/><figcaption class=\"wp-element-caption\">Akt Chrztu Katarzyny Manasterskiej.<\/figcaption><\/figure>\n\n\n\n<figure class=\"wp-block-image size-large\"><img decoding=\"async\" width=\"1024\" height=\"588\" src=\"https:\/\/mefuxe.pl\/wp-content\/uploads\/2021\/02\/Wisniowczyk_Manasterski-1024x588.png\" alt=\"Manasterski Kujdan\u00f3w\" class=\"wp-image-1228\" srcset=\"https:\/\/mefuxe.pl\/wp-content\/uploads\/2021\/02\/Wisniowczyk_Manasterski-1024x588.png 1024w, https:\/\/mefuxe.pl\/wp-content\/uploads\/2021\/02\/Wisniowczyk_Manasterski-300x172.png 300w, https:\/\/mefuxe.pl\/wp-content\/uploads\/2021\/02\/Wisniowczyk_Manasterski-768x441.png 768w, https:\/\/mefuxe.pl\/wp-content\/uploads\/2021\/02\/Wisniowczyk_Manasterski-1536x883.png 1536w, https:\/\/mefuxe.pl\/wp-content\/uploads\/2021\/02\/Wisniowczyk_Manasterski-2048x1177.png 2048w\" sizes=\"(max-width: 1024px) 100vw, 1024px\" \/><figcaption class=\"wp-element-caption\">Zapowiedzi pomi\u0119dzy Tomaszem Manasterskim a Ann\u0105 Strzelbick\u0105 (dziadkowie Katarzyny).<\/figcaption><\/figure>\n\n\n\n<figure class=\"wp-block-image size-large\"><img decoding=\"async\" width=\"1024\" height=\"267\" src=\"https:\/\/mefuxe.pl\/wp-content\/uploads\/2021\/02\/manasterski_Brykuly_Stare_480-1024x267.jpg\" alt=\"Manasterski Kujdan\u00f3w\" class=\"wp-image-1240\" srcset=\"https:\/\/mefuxe.pl\/wp-content\/uploads\/2021\/02\/manasterski_Brykuly_Stare_480-1024x267.jpg 1024w, https:\/\/mefuxe.pl\/wp-content\/uploads\/2021\/02\/manasterski_Brykuly_Stare_480-300x78.jpg 300w, https:\/\/mefuxe.pl\/wp-content\/uploads\/2021\/02\/manasterski_Brykuly_Stare_480-768x200.jpg 768w, https:\/\/mefuxe.pl\/wp-content\/uploads\/2021\/02\/manasterski_Brykuly_Stare_480-1536x400.jpg 1536w, https:\/\/mefuxe.pl\/wp-content\/uploads\/2021\/02\/manasterski_Brykuly_Stare_480.jpg 2038w\" sizes=\"(max-width: 1024px) 100vw, 1024px\" \/><figcaption class=\"wp-element-caption\">Akt ma\u0142\u017ce\u0144stwa <em>pomi\u0119dzy Tomaszem Manasterskim a Ann\u0105 Strzelbick\u0105<\/em> (dziadkowie Katarzyny).<\/figcaption><\/figure>\n\n\n\n<p>Przodkowie Katarzyny pod koniec XVIII wieku legitymizowali swoje szlacheckie korzenie z przydomkiem J\u0119drzejkowicz \/ Watiuszczak.<\/p>\n\n\n\n<figure class=\"wp-block-image size-large\"><img loading=\"lazy\" decoding=\"async\" width=\"1024\" height=\"512\" src=\"https:\/\/mefuxe.pl\/wp-content\/uploads\/2023\/12\/screenshotAtUploadCC_1704017871982-1024x512.jpeg\" alt=\"Manasterski Kujdan\u00f3w\" class=\"wp-image-1932\" srcset=\"https:\/\/mefuxe.pl\/wp-content\/uploads\/2023\/12\/screenshotAtUploadCC_1704017871982-1024x512.jpeg 1024w, https:\/\/mefuxe.pl\/wp-content\/uploads\/2023\/12\/screenshotAtUploadCC_1704017871982-300x150.jpeg 300w, https:\/\/mefuxe.pl\/wp-content\/uploads\/2023\/12\/screenshotAtUploadCC_1704017871982-768x384.jpeg 768w, https:\/\/mefuxe.pl\/wp-content\/uploads\/2023\/12\/screenshotAtUploadCC_1704017871982-500x250.jpeg 500w, https:\/\/mefuxe.pl\/wp-content\/uploads\/2023\/12\/screenshotAtUploadCC_1704017871982.jpeg 1293w\" sizes=\"(max-width: 1024px) 100vw, 1024px\" \/><figcaption class=\"wp-element-caption\">Wyw\u00f3d rodziny Manasterskich.<\/figcaption><\/figure>\n\n\n\n<figure class=\"wp-block-image size-large\"><img loading=\"lazy\" decoding=\"async\" width=\"1024\" height=\"632\" src=\"https:\/\/mefuxe.pl\/wp-content\/uploads\/2019\/12\/819-1-1024x632.jpg\" alt=\"Manasterski Kujdan\u00f3w\" class=\"wp-image-709\" srcset=\"https:\/\/mefuxe.pl\/wp-content\/uploads\/2019\/12\/819-1-1024x632.jpg 1024w, https:\/\/mefuxe.pl\/wp-content\/uploads\/2019\/12\/819-1-300x185.jpg 300w, https:\/\/mefuxe.pl\/wp-content\/uploads\/2019\/12\/819-1-768x474.jpg 768w, https:\/\/mefuxe.pl\/wp-content\/uploads\/2019\/12\/819-1.jpg 1993w\" sizes=\"(max-width: 1024px) 100vw, 1024px\" \/><figcaption class=\"wp-element-caption\">Wyw\u00f3d rodziny Manasterskich.<\/figcaption><\/figure>\n\n\n\n<p>Przynajmniej dwukrotnie zam\u0119\u017cna. W <a href=\"https:\/\/pl.wikipedia.org\/wiki\/Kurzany\" target=\"_blank\" rel=\"noreferrer noopener\" aria-label=\" (otwiera si\u0119 na nowej zak\u0142adce)\">Kurzanach<\/a> w roku 1877 wychodzi za m\u0105\u017c za Marcina Wierzbickiego. Kowala.  Tak\u017ce dwukrotnie \u017conatego.  <\/p>\n\n\n\n<figure class=\"wp-block-image size-large\"><img loading=\"lazy\" decoding=\"async\" width=\"1024\" height=\"398\" src=\"https:\/\/mefuxe.pl\/wp-content\/uploads\/2019\/12\/0206-1-1024x398.jpg\" alt=\"Manasterski Wierzbicki Kurzany\" class=\"wp-image-712\" srcset=\"https:\/\/mefuxe.pl\/wp-content\/uploads\/2019\/12\/0206-1-1024x398.jpg 1024w, https:\/\/mefuxe.pl\/wp-content\/uploads\/2019\/12\/0206-1-300x117.jpg 300w, https:\/\/mefuxe.pl\/wp-content\/uploads\/2019\/12\/0206-1-768x298.jpg 768w, https:\/\/mefuxe.pl\/wp-content\/uploads\/2019\/12\/0206-1.jpg 1994w\" sizes=\"(max-width: 1024px) 100vw, 1024px\" \/><\/figure>\n\n\n\n<p>Wed\u0142ug <a href=\"http:\/\/gajl.wielcy.pl\/herby_user_herb.php?lang=pl&amp;herb=sas\" target=\"_blank\" rel=\"noreferrer noopener\" aria-label=\"Herbiarza Tadeusza Gajla (otwiera si\u0119 na nowej zak\u0142adce)\">Herbiarza Tadeusza Gajla<\/a> herb wygl\u0105da jak poni\u017cej.<\/p>\n\n\n\n<figure class=\"wp-block-image\"><img loading=\"lazy\" decoding=\"async\" width=\"945\" height=\"506\" src=\"https:\/\/mefuxe.pl\/wp-content\/uploads\/2019\/12\/sas.jpg\" alt=\"Herbiarz Tadeusz Gail\" class=\"wp-image-714\" srcset=\"https:\/\/mefuxe.pl\/wp-content\/uploads\/2019\/12\/sas.jpg 945w, https:\/\/mefuxe.pl\/wp-content\/uploads\/2019\/12\/sas-300x161.jpg 300w, https:\/\/mefuxe.pl\/wp-content\/uploads\/2019\/12\/sas-768x411.jpg 768w\" sizes=\"(max-width: 945px) 100vw, 945px\" \/><\/figure>\n\n\n\n<p><\/p>\n","protected":false},"excerpt":{"rendered":"<p>Zak\u0142adka po\u015bwi\u0119cona mojej 2x prababci od strony Mamy. Katarzyna Manasterska herbu Sas. M\u00f3j ostatni przodek szlachetnie urodzony. Urodzi\u0142a si\u0119 w 1851 w Bobuli\u0144cach (metryka greckokatolicka), w wojew\u00f3dztwie tarnopolskim, na Kresach. Wed\u0142ug moich materia\u0142\u00f3w jako si\u00f3dme dziecko Bazylego Manasterskiego herbu Sas &hellip; <a href=\"https:\/\/mefuxe.pl\/?page_id=691\">Czytaj dalej <span class=\"meta-nav\">&rarr;<\/span><\/a><\/p>\n","protected":false},"author":2,"featured_media":0,"parent":0,"menu_order":0,"comment_status":"closed","ping_status":"closed","template":"","meta":{"footnotes":""},"class_list":["post-691","page","type-page","status-publish","hentry"],"_links":{"self":[{"href":"https:\/\/mefuxe.pl\/index.php?rest_route=\/wp\/v2\/pages\/691","targetHints":{"allow":["GET"]}}],"collection":[{"href":"https:\/\/mefuxe.pl\/index.php?rest_route=\/wp\/v2\/pages"}],"about":[{"href":"https:\/\/mefuxe.pl\/index.php?rest_route=\/wp\/v2\/types\/page"}],"author":[{"embeddable":true,"href":"https:\/\/mefuxe.pl\/index.php?rest_route=\/wp\/v2\/users\/2"}],"replies":[{"embeddable":true,"href":"https:\/\/mefuxe.pl\/index.php?rest_route=%2Fwp%2Fv2%2Fcomments&post=691"}],"version-history":[{"count":35,"href":"https:\/\/mefuxe.pl\/index.php?rest_route=\/wp\/v2\/pages\/691\/revisions"}],"predecessor-version":[{"id":2036,"href":"https:\/\/mefuxe.pl\/index.php?rest_route=\/wp\/v2\/pages\/691\/revisions\/2036"}],"wp:attachment":[{"href":"https:\/\/mefuxe.pl\/index.php?rest_route=%2Fwp%2Fv2%2Fmedia&parent=691"}],"curies":[{"name":"wp","href":"https:\/\/api.w.org\/{rel}","templated":true}]}}