{"id":67,"date":"2019-06-04T21:28:47","date_gmt":"2019-06-04T19:28:47","guid":{"rendered":"http:\/\/mefuxe.pl\/?page_id=67"},"modified":"2025-09-12T21:44:46","modified_gmt":"2025-09-12T19:44:46","slug":"metree","status":"publish","type":"page","link":"https:\/\/mefuxe.pl\/?page_id=67","title":{"rendered":"meTree"},"content":{"rendered":"\n<p>Poni\u017cej w formie pogl\u0105dowej drzewo moich przodk\u00f3w bezpo\u015brednich.<\/p>\n\n\n\n<figure class=\"wp-block-gallery has-nested-images columns-default is-cropped wp-block-gallery-1 is-layout-flex wp-block-gallery-is-layout-flex\">\n<figure data-wp-context=\"{&quot;imageId&quot;:&quot;69e49bad55a55&quot;}\" data-wp-interactive=\"core\/image\" data-wp-key=\"69e49bad55a55\" class=\"wp-block-image size-large wp-lightbox-container\"><img fetchpriority=\"high\" decoding=\"async\" width=\"1024\" height=\"515\" data-wp-class--hide=\"state.isContentHidden\" data-wp-class--show=\"state.isContentVisible\" data-wp-init=\"callbacks.setButtonStyles\" data-wp-on--click=\"actions.showLightbox\" data-wp-on--load=\"callbacks.setButtonStyles\" data-wp-on-window--resize=\"callbacks.setButtonStyles\" data-id=\"2155\" src=\"https:\/\/mefuxe.pl\/wp-content\/uploads\/2025\/09\/Tadeusz-Fuchss-Ancestors-Tree-v20250912-by-Tadeusz-Fuchs-meFuxe-pl-1024x515.jpg\" alt=\"\" class=\"wp-image-2155\" srcset=\"https:\/\/mefuxe.pl\/wp-content\/uploads\/2025\/09\/Tadeusz-Fuchss-Ancestors-Tree-v20250912-by-Tadeusz-Fuchs-meFuxe-pl-1024x515.jpg 1024w, https:\/\/mefuxe.pl\/wp-content\/uploads\/2025\/09\/Tadeusz-Fuchss-Ancestors-Tree-v20250912-by-Tadeusz-Fuchs-meFuxe-pl-300x151.jpg 300w, https:\/\/mefuxe.pl\/wp-content\/uploads\/2025\/09\/Tadeusz-Fuchss-Ancestors-Tree-v20250912-by-Tadeusz-Fuchs-meFuxe-pl-768x386.jpg 768w, https:\/\/mefuxe.pl\/wp-content\/uploads\/2025\/09\/Tadeusz-Fuchss-Ancestors-Tree-v20250912-by-Tadeusz-Fuchs-meFuxe-pl-1536x772.jpg 1536w, https:\/\/mefuxe.pl\/wp-content\/uploads\/2025\/09\/Tadeusz-Fuchss-Ancestors-Tree-v20250912-by-Tadeusz-Fuchs-meFuxe-pl-2048x1029.jpg 2048w, https:\/\/mefuxe.pl\/wp-content\/uploads\/2025\/09\/Tadeusz-Fuchss-Ancestors-Tree-v20250912-by-Tadeusz-Fuchs-meFuxe-pl-500x251.jpg 500w\" sizes=\"(max-width: 1024px) 100vw, 1024px\" \/><button\n\t\t\tclass=\"lightbox-trigger\"\n\t\t\ttype=\"button\"\n\t\t\taria-haspopup=\"dialog\"\n\t\t\taria-label=\"Powi\u0119ksz\"\n\t\t\tdata-wp-init=\"callbacks.initTriggerButton\"\n\t\t\tdata-wp-on--click=\"actions.showLightbox\"\n\t\t\tdata-wp-style--right=\"state.imageButtonRight\"\n\t\t\tdata-wp-style--top=\"state.imageButtonTop\"\n\t\t>\n\t\t\t<svg xmlns=\"http:\/\/www.w3.org\/2000\/svg\" width=\"12\" height=\"12\" fill=\"none\" viewBox=\"0 0 12 12\">\n\t\t\t\t<path fill=\"#fff\" d=\"M2 0a2 2 0 0 0-2 2v2h1.5V2a.5.5 0 0 1 .5-.5h2V0H2Zm2 10.5H2a.5.5 0 0 1-.5-.5V8H0v2a2 2 0 0 0 2 2h2v-1.5ZM8 12v-1.5h2a.5.5 0 0 0 .5-.5V8H12v2a2 2 0 0 1-2 2H8Zm2-12a2 2 0 0 1 2 2v2h-1.5V2a.5.5 0 0 0-.5-.5H8V0h2Z\" \/>\n\t\t\t<\/svg>\n\t\t<\/button><\/figure>\n<\/figure>\n\n\n\n<p>Punktowa mapa z ustalonymi miejscami urodzin. Pe\u0142na lista miejscowo\u015bci w zak\u0142adce <a href=\"https:\/\/mefuxe.pl\/?page_id=110\">meSurnames<\/a>.<\/p>\n\n\n\n<figure class=\"wp-block-image size-large\"><img decoding=\"async\" width=\"1024\" height=\"748\" src=\"https:\/\/mefuxe.pl\/wp-content\/uploads\/2020\/08\/Google_maps_Urodzenie-1024x748.png\" alt=\"\" class=\"wp-image-844\" srcset=\"https:\/\/mefuxe.pl\/wp-content\/uploads\/2020\/08\/Google_maps_Urodzenie-1024x748.png 1024w, https:\/\/mefuxe.pl\/wp-content\/uploads\/2020\/08\/Google_maps_Urodzenie-300x219.png 300w, https:\/\/mefuxe.pl\/wp-content\/uploads\/2020\/08\/Google_maps_Urodzenie-768x561.png 768w, https:\/\/mefuxe.pl\/wp-content\/uploads\/2020\/08\/Google_maps_Urodzenie-1536x1121.png 1536w, https:\/\/mefuxe.pl\/wp-content\/uploads\/2020\/08\/Google_maps_Urodzenie.png 2001w\" sizes=\"(max-width: 1024px) 100vw, 1024px\" \/><\/figure>\n\n\n\n<p><\/p>\n","protected":false},"excerpt":{"rendered":"<p>Poni\u017cej w formie pogl\u0105dowej drzewo moich przodk\u00f3w bezpo\u015brednich. Punktowa mapa z ustalonymi miejscami urodzin. Pe\u0142na lista miejscowo\u015bci w zak\u0142adce meSurnames.<\/p>\n","protected":false},"author":2,"featured_media":0,"parent":0,"menu_order":0,"comment_status":"closed","ping_status":"closed","template":"","meta":{"footnotes":""},"class_list":["post-67","page","type-page","status-publish","hentry"],"_links":{"self":[{"href":"https:\/\/mefuxe.pl\/index.php?rest_route=\/wp\/v2\/pages\/67","targetHints":{"allow":["GET"]}}],"collection":[{"href":"https:\/\/mefuxe.pl\/index.php?rest_route=\/wp\/v2\/pages"}],"about":[{"href":"https:\/\/mefuxe.pl\/index.php?rest_route=\/wp\/v2\/types\/page"}],"author":[{"embeddable":true,"href":"https:\/\/mefuxe.pl\/index.php?rest_route=\/wp\/v2\/users\/2"}],"replies":[{"embeddable":true,"href":"https:\/\/mefuxe.pl\/index.php?rest_route=%2Fwp%2Fv2%2Fcomments&post=67"}],"version-history":[{"count":20,"href":"https:\/\/mefuxe.pl\/index.php?rest_route=\/wp\/v2\/pages\/67\/revisions"}],"predecessor-version":[{"id":2157,"href":"https:\/\/mefuxe.pl\/index.php?rest_route=\/wp\/v2\/pages\/67\/revisions\/2157"}],"wp:attachment":[{"href":"https:\/\/mefuxe.pl\/index.php?rest_route=%2Fwp%2Fv2%2Fmedia&parent=67"}],"curies":[{"name":"wp","href":"https:\/\/api.w.org\/{rel}","templated":true}]}}