{"id":273,"date":"2019-06-11T11:25:42","date_gmt":"2019-06-11T09:25:42","guid":{"rendered":"http:\/\/mefuxe.pl\/?page_id=273"},"modified":"2021-01-29T12:51:07","modified_gmt":"2021-01-29T11:51:07","slug":"meamericacalling","status":"publish","type":"page","link":"https:\/\/mefuxe.pl\/?page_id=273","title":{"rendered":"meAmericaCalling"},"content":{"rendered":"\n<p><strong>Wersja Fuchs<\/strong><\/p>\n\n\n\n<p>Zacz\u0119\u0142o si\u0119 niewinnie na samym pocz\u0105tku projektu &#8220;meFuxe&#8221;. W trakcie wywiad\u00f3w rodzinnych pozna\u0142em miejscowo\u015b\u0107 w kt\u00f3rej urodzi\u0142 si\u0119 dziadek Augustyn Fuchs. Zanim uruchomi\u0142em machin\u0119, zdobywania metryk rodzic\u00f3w Augustyna, &#8220;wszed\u0142em&#8221; g\u0142\u0119biej w internet  i znalaz\u0142em to: &#8220;Erwin Fuchs aus Skawinki&#8221; w spisie uczni\u00f3w pewnej szko\u0142y. Daty sugerowa\u0142y, \u017ce to jaki\u015b kuzyn. O tym, \u017ce mo\u017ce to by\u0107 brat Rudolfa nawet nie pomy\u015bla\u0142em. Sprawa wyja\u015bni\u0142a si\u0119 potem jak przysz\u0142y fotokopie akt\u00f3w chrzt\u00f3w. Erwin okaza\u0142 si\u0119 bratem Rudolfa. Ot taka ciekawostka genealogiczna. <\/p>\n\n\n\n<p>Jako, \u017ce to by\u0142 pocz\u0105tek projektu, du\u017co czasu po\u015bwi\u0119ca\u0142em na szukanie w dost\u0119pnych bazach a wiedza i do\u015bwiadczenie co jak sprawdza\u0107 by\u0142o w powijakach. Tak trafi\u0142em na wysp\u0119 Ellis i spis pasa\u017cer\u00f3w kt\u00f3rzy trafili do USA na pok\u0142adzie statk\u00f3w. W tym przypadku by\u0142 to statek Amerika  a na li\u015bcie by\u0142 jaki\u015b Erwin z &#8220;Lanok&#8221;, &#8220;Skawonki&#8221;, m\u0105\u017c Eugenii.  Skawonki pasowa\u0142y mi do Skawinek ale to tylko puzzel. Zacz\u0105\u0142em sobie budowa\u0107 drzewo Fuchsa w USA w nadziei, \u017ce si\u0119 to przyda w przysz\u0142o\u015bci. Szybko potwierdzi\u0142o si\u0119 powiedzenie, \u017ce w genealogii warto zbiera\u0107 dane na przysz\u0142o\u015b\u0107.  Po otrzymaniu skan\u00f3w chrztu Erwina wr\u00f3ci\u0142em do tematu i bum. Erwin \u017ceni si\u0119 w USA,  podaj\u0105c imiona rodzic\u00f3w, w tym panie\u0144skie swojej mamy. Imiona rodzic\u00f3w mog\u0105 si\u0119 powtarza\u0107 ale panie\u0144skie mamy jest na tyle specyficzne (imi\u0119 w sumie te\u017c), \u017ce o przypadku nie mo\u017ce by\u0107 mowy.  Objawi\u0142 si\u0119 zatem Erwin za &#8220;wielk\u0105 ka\u0142u\u017c\u0105&#8221;. Zastanawia\u0142 mnie fakt, \u017ce we ww. wniosku poda\u0142, \u017ce \u017ceni\u0142 si\u0119 wcze\u015bniej raz. Czy to ta Eugenia z listy Ellis? Pud\u0142o. Erwin zostawi\u0142 Eugeni\u0119 w Europie a \u017ceni\u0142 si\u0119 w USA dwukrotnie.  Tego by\u0142em ju\u017c pewien wynajduj\u0105c w spisach mieszka\u0144c\u00f3w Erwina i Jego rodzin\u0119.<\/p>\n\n\n\n<p>Nasta\u0142 czas na poszukanie \u017cywych Fuchs w USA. Jak zwykle w sukurs przyszed\u0142 &#8220;wujek googiel&#8221;. Bardzo szybko dotar\u0142em do kuzynostwa (2ga linia dla mojego taty). By\u0142 to pocz\u0105tkowy okres projektu &#8220;meFuxe&#8221; wi\u0119c szuka\u0142em materia\u0142\u00f3w o moim pradziadku. Takowych w USA nie znalaz\u0142em ale dosta\u0142em m.in. wiele zdj\u0119\u0107 kuzyn\u00f3w mojego dziadka. Przygoda z USA potwierdzi\u0142a te\u017c udzia\u0142 Erwina Fuchs w procesie szpiegowskim o kt\u00f3rym kilka s\u0142\u00f3w napisa\u0142em w <a href=\"https:\/\/mefuxe.pl\/?page_id=261\">meKeyDates<\/a>.  Ot\u00f3\u017c Erwin zabra\u0142 do USA swoje \u015bwiadectwo pracy gdzie piecz\u0119\u0107 oraz podpis jest takie samo jak dane &#8220;bohatera&#8221;  oskar\u017conego w procesie o szpiegowanie na rzecz Rosji. <\/p>\n\n\n\n<p>Pozyskuj\u0105c materia\u0142y na temat zgonu Johanna Fuchs (akty zgonu + sprawa spadkowa) potwierdzi\u0142a si\u0119 &#8220;porzucona&#8221; Eugenia ale tak\u017ce nieletni syn Adam.  Jakie by\u0142y losy Adama? <s>Mam to na tapecie<\/s> <s>i kiedy\u015b do Jego historii te\u017c dojd\u0119<\/s>. Kilka s\u0142\u00f3w o Adamie w zak\u0142adce <a href=\"https:\/\/mefuxe.pl\/?page_id=576\">meWhoisAdam<\/a>.<\/p>\n\n\n\n<figure class=\"wp-block-gallery columns-3 is-cropped wp-block-gallery-1 is-layout-flex wp-block-gallery-is-layout-flex\"><ul class=\"blocks-gallery-grid\"><li class=\"blocks-gallery-item\"><figure><img fetchpriority=\"high\" decoding=\"async\" width=\"1024\" height=\"710\" src=\"https:\/\/mefuxe.pl\/wp-content\/uploads\/2019\/06\/46-oscar-ted-fox-1024x710.jpg\" alt=\"\" data-id=\"506\" data-link=\"https:\/\/mefuxe.pl\/?attachment_id=506\" class=\"wp-image-506\" srcset=\"https:\/\/mefuxe.pl\/wp-content\/uploads\/2019\/06\/46-oscar-ted-fox-1024x710.jpg 1024w, https:\/\/mefuxe.pl\/wp-content\/uploads\/2019\/06\/46-oscar-ted-fox-300x208.jpg 300w, https:\/\/mefuxe.pl\/wp-content\/uploads\/2019\/06\/46-oscar-ted-fox-768x532.jpg 768w\" sizes=\"(max-width: 1024px) 100vw, 1024px\" \/><\/figure><\/li><li class=\"blocks-gallery-item\"><figure><img decoding=\"async\" width=\"719\" height=\"1024\" src=\"https:\/\/mefuxe.pl\/wp-content\/uploads\/2019\/06\/47-oscar-lottie-arthur-fox-719x1024.jpg\" alt=\"\" data-id=\"507\" data-link=\"https:\/\/mefuxe.pl\/?attachment_id=507\" class=\"wp-image-507\" srcset=\"https:\/\/mefuxe.pl\/wp-content\/uploads\/2019\/06\/47-oscar-lottie-arthur-fox-719x1024.jpg 719w, https:\/\/mefuxe.pl\/wp-content\/uploads\/2019\/06\/47-oscar-lottie-arthur-fox-211x300.jpg 211w, https:\/\/mefuxe.pl\/wp-content\/uploads\/2019\/06\/47-oscar-lottie-arthur-fox-768x1094.jpg 768w, https:\/\/mefuxe.pl\/wp-content\/uploads\/2019\/06\/47-oscar-lottie-arthur-fox.jpg 1904w\" sizes=\"(max-width: 719px) 100vw, 719px\" \/><\/figure><\/li><li class=\"blocks-gallery-item\"><figure><img decoding=\"async\" width=\"695\" height=\"1024\" src=\"https:\/\/mefuxe.pl\/wp-content\/uploads\/2019\/06\/50s-art-fox-family-695x1024.jpg\" alt=\"\" data-id=\"508\" data-link=\"https:\/\/mefuxe.pl\/?attachment_id=508\" class=\"wp-image-508\" srcset=\"https:\/\/mefuxe.pl\/wp-content\/uploads\/2019\/06\/50s-art-fox-family-695x1024.jpg 695w, https:\/\/mefuxe.pl\/wp-content\/uploads\/2019\/06\/50s-art-fox-family-204x300.jpg 204w, https:\/\/mefuxe.pl\/wp-content\/uploads\/2019\/06\/50s-art-fox-family-768x1132.jpg 768w, https:\/\/mefuxe.pl\/wp-content\/uploads\/2019\/06\/50s-art-fox-family.jpg 1960w\" sizes=\"(max-width: 695px) 100vw, 695px\" \/><\/figure><\/li><li class=\"blocks-gallery-item\"><figure><img loading=\"lazy\" decoding=\"async\" width=\"768\" height=\"1024\" src=\"https:\/\/mefuxe.pl\/wp-content\/uploads\/2019\/06\/Erwin-Fuchs-c.1937-768x1024.jpg\" alt=\"\" data-id=\"509\" data-link=\"https:\/\/mefuxe.pl\/?attachment_id=509\" class=\"wp-image-509\" srcset=\"https:\/\/mefuxe.pl\/wp-content\/uploads\/2019\/06\/Erwin-Fuchs-c.1937-768x1024.jpg 768w, https:\/\/mefuxe.pl\/wp-content\/uploads\/2019\/06\/Erwin-Fuchs-c.1937-225x300.jpg 225w\" sizes=\"(max-width: 768px) 100vw, 768px\" \/><\/figure><\/li><li class=\"blocks-gallery-item\"><figure><img loading=\"lazy\" decoding=\"async\" width=\"581\" height=\"800\" src=\"https:\/\/mefuxe.pl\/wp-content\/uploads\/2019\/06\/grandma-fox-closeup-002.jpg\" alt=\"\" data-id=\"510\" data-link=\"https:\/\/mefuxe.pl\/?attachment_id=510\" class=\"wp-image-510\" srcset=\"https:\/\/mefuxe.pl\/wp-content\/uploads\/2019\/06\/grandma-fox-closeup-002.jpg 581w, https:\/\/mefuxe.pl\/wp-content\/uploads\/2019\/06\/grandma-fox-closeup-002-218x300.jpg 218w\" sizes=\"(max-width: 581px) 100vw, 581px\" \/><\/figure><\/li><li class=\"blocks-gallery-item\"><figure><img loading=\"lazy\" decoding=\"async\" width=\"557\" height=\"800\" src=\"https:\/\/mefuxe.pl\/wp-content\/uploads\/2019\/06\/grandma-fox.jpg\" alt=\"\" data-id=\"511\" data-link=\"https:\/\/mefuxe.pl\/?attachment_id=511\" class=\"wp-image-511\" srcset=\"https:\/\/mefuxe.pl\/wp-content\/uploads\/2019\/06\/grandma-fox.jpg 557w, https:\/\/mefuxe.pl\/wp-content\/uploads\/2019\/06\/grandma-fox-209x300.jpg 209w\" sizes=\"(max-width: 557px) 100vw, 557px\" \/><\/figure><\/li><li class=\"blocks-gallery-item\"><figure><img loading=\"lazy\" decoding=\"async\" width=\"529\" height=\"800\" src=\"https:\/\/mefuxe.pl\/wp-content\/uploads\/2019\/06\/possible-grandma-fox-in-hat-004.jpg\" alt=\"\" data-id=\"512\" data-link=\"https:\/\/mefuxe.pl\/?attachment_id=512\" class=\"wp-image-512\" srcset=\"https:\/\/mefuxe.pl\/wp-content\/uploads\/2019\/06\/possible-grandma-fox-in-hat-004.jpg 529w, https:\/\/mefuxe.pl\/wp-content\/uploads\/2019\/06\/possible-grandma-fox-in-hat-004-198x300.jpg 198w\" sizes=\"(max-width: 529px) 100vw, 529px\" \/><\/figure><\/li><li class=\"blocks-gallery-item\"><figure><img loading=\"lazy\" decoding=\"async\" width=\"431\" height=\"800\" src=\"https:\/\/mefuxe.pl\/wp-content\/uploads\/2019\/06\/possible-grandma-fox-with-face-on-hands-003.jpg\" alt=\"\" data-id=\"513\" data-link=\"https:\/\/mefuxe.pl\/?attachment_id=513\" class=\"wp-image-513\" srcset=\"https:\/\/mefuxe.pl\/wp-content\/uploads\/2019\/06\/possible-grandma-fox-with-face-on-hands-003.jpg 431w, https:\/\/mefuxe.pl\/wp-content\/uploads\/2019\/06\/possible-grandma-fox-with-face-on-hands-003-162x300.jpg 162w\" sizes=\"(max-width: 431px) 100vw, 431px\" \/><\/figure><\/li><li class=\"blocks-gallery-item\"><figure><img loading=\"lazy\" decoding=\"async\" width=\"311\" height=\"800\" src=\"https:\/\/mefuxe.pl\/wp-content\/uploads\/2019\/06\/possible-grandma-fox001.jpg\" alt=\"\" data-id=\"514\" data-link=\"https:\/\/mefuxe.pl\/?attachment_id=514\" class=\"wp-image-514\" srcset=\"https:\/\/mefuxe.pl\/wp-content\/uploads\/2019\/06\/possible-grandma-fox001.jpg 311w, https:\/\/mefuxe.pl\/wp-content\/uploads\/2019\/06\/possible-grandma-fox001-117x300.jpg 117w\" sizes=\"(max-width: 311px) 100vw, 311px\" \/><\/figure><\/li><\/ul><\/figure>\n\n\n\n<p><strong>Wersja Skupie\u0144<\/strong><\/p>\n\n\n\n<p>Mam rodzin\u0119 w USA ze strony Ojca. Pewnie i po stronie Mamy takowa b\u0119dzie. Przesz\u0142o po g\u0142owie. W tym przypadku poszukiwania posz\u0142y szybko i kontakt z USA nast\u0105pi\u0142 natychmiastowo po opublikowaniu na portalu polishorigins.com wpisu o moich potyczkach w Pieni\u0105\u017ckowicach.<\/p>\n\n\n\n<p>M\u00f3j pradziadek pochodzi\u0142 z Pieni\u0105\u017ckowic, chod\u017a do wybuchu II Wojny \u015awiatowej mieszka\u0142 na Kresach.  Genealogia w Pieni\u0105\u017ckowicach jest (jeszcze nie sko\u0144czy\u0142em tego w\u0105tku) przyjemna i \u0142atwa bo kilka pokole\u0144 nie rusza\u0142o si\u0119 w \u015bwiat.  Jedyny minus to czas. Kwerendy wykonuj\u0119 samodzielnie a jestem na Orawie tylko jak przyje\u017cd\u017cam do Nowego Targu.  Co mog\u0142em na szybko to zrobi\u0142em reszta sobie spokojnie czeka na swoj\u0105 kolej.<\/p>\n\n\n\n<p>Pradziadek Jan Skupie\u0144 (rodzinne przekazy wspominaj\u0105 m.in. o swobodnym pos\u0142ugiwaniu si\u0119 grek\u0105 i \u0142acin\u0105) mia\u0142 kilku braci. Dw\u00f3ch z Nich wyjecha\u0142o do USA. Wnuk jednego z Nich nawi\u0105za\u0142 za mn\u0105 kontakt. Zatem i od strony Mamy mam kogo\u015b w USA.<\/p>\n\n\n\n<figure class=\"wp-block-gallery columns-3 is-cropped wp-block-gallery-2 is-layout-flex wp-block-gallery-is-layout-flex\"><ul class=\"blocks-gallery-grid\"><li class=\"blocks-gallery-item\"><figure><img loading=\"lazy\" decoding=\"async\" width=\"789\" height=\"1024\" src=\"https:\/\/mefuxe.pl\/wp-content\/uploads\/2019\/06\/Karol-Skupien-family-789x1024.jpg\" alt=\"\" data-id=\"498\" data-link=\"https:\/\/mefuxe.pl\/?attachment_id=498\" class=\"wp-image-498\" srcset=\"https:\/\/mefuxe.pl\/wp-content\/uploads\/2019\/06\/Karol-Skupien-family-789x1024.jpg 789w, https:\/\/mefuxe.pl\/wp-content\/uploads\/2019\/06\/Karol-Skupien-family-231x300.jpg 231w, https:\/\/mefuxe.pl\/wp-content\/uploads\/2019\/06\/Karol-Skupien-family-768x997.jpg 768w, https:\/\/mefuxe.pl\/wp-content\/uploads\/2019\/06\/Karol-Skupien-family.jpg 1348w\" sizes=\"(max-width: 789px) 100vw, 789px\" \/><\/figure><\/li><li class=\"blocks-gallery-item\"><figure><img loading=\"lazy\" decoding=\"async\" width=\"1024\" height=\"749\" src=\"https:\/\/mefuxe.pl\/wp-content\/uploads\/2019\/06\/Skupien-wedding-1024x749.jpg\" alt=\"\" data-id=\"499\" data-link=\"https:\/\/mefuxe.pl\/?attachment_id=499\" class=\"wp-image-499\" srcset=\"https:\/\/mefuxe.pl\/wp-content\/uploads\/2019\/06\/Skupien-wedding-1024x749.jpg 1024w, https:\/\/mefuxe.pl\/wp-content\/uploads\/2019\/06\/Skupien-wedding-300x219.jpg 300w, https:\/\/mefuxe.pl\/wp-content\/uploads\/2019\/06\/Skupien-wedding-768x562.jpg 768w, https:\/\/mefuxe.pl\/wp-content\/uploads\/2019\/06\/Skupien-wedding.jpg 1875w\" sizes=\"(max-width: 1024px) 100vw, 1024px\" \/><\/figure><\/li><li class=\"blocks-gallery-item\"><figure><img loading=\"lazy\" decoding=\"async\" width=\"664\" height=\"1024\" src=\"https:\/\/mefuxe.pl\/wp-content\/uploads\/2019\/06\/Sofia-Skupien-unknown-664x1024.jpg\" alt=\"\" data-id=\"500\" data-link=\"https:\/\/mefuxe.pl\/?attachment_id=500\" class=\"wp-image-500\" srcset=\"https:\/\/mefuxe.pl\/wp-content\/uploads\/2019\/06\/Sofia-Skupien-unknown-664x1024.jpg 664w, https:\/\/mefuxe.pl\/wp-content\/uploads\/2019\/06\/Sofia-Skupien-unknown-195x300.jpg 195w, https:\/\/mefuxe.pl\/wp-content\/uploads\/2019\/06\/Sofia-Skupien-unknown-768x1184.jpg 768w, https:\/\/mefuxe.pl\/wp-content\/uploads\/2019\/06\/Sofia-Skupien-unknown.jpg 981w\" sizes=\"(max-width: 664px) 100vw, 664px\" \/><\/figure><\/li><\/ul><\/figure>\n","protected":false},"excerpt":{"rendered":"<p>Wersja Fuchs Zacz\u0119\u0142o si\u0119 niewinnie na samym pocz\u0105tku projektu &#8220;meFuxe&#8221;. W trakcie wywiad\u00f3w rodzinnych pozna\u0142em miejscowo\u015b\u0107 w kt\u00f3rej urodzi\u0142 si\u0119 dziadek Augustyn Fuchs. Zanim uruchomi\u0142em machin\u0119, zdobywania metryk rodzic\u00f3w Augustyna, &#8220;wszed\u0142em&#8221; g\u0142\u0119biej w internet i znalaz\u0142em to: &#8220;Erwin Fuchs aus &hellip; <a href=\"https:\/\/mefuxe.pl\/?page_id=273\">Czytaj dalej <span class=\"meta-nav\">&rarr;<\/span><\/a><\/p>\n","protected":false},"author":2,"featured_media":0,"parent":0,"menu_order":0,"comment_status":"closed","ping_status":"closed","template":"","meta":{"footnotes":""},"class_list":["post-273","page","type-page","status-publish","hentry"],"_links":{"self":[{"href":"https:\/\/mefuxe.pl\/index.php?rest_route=\/wp\/v2\/pages\/273","targetHints":{"allow":["GET"]}}],"collection":[{"href":"https:\/\/mefuxe.pl\/index.php?rest_route=\/wp\/v2\/pages"}],"about":[{"href":"https:\/\/mefuxe.pl\/index.php?rest_route=\/wp\/v2\/types\/page"}],"author":[{"embeddable":true,"href":"https:\/\/mefuxe.pl\/index.php?rest_route=\/wp\/v2\/users\/2"}],"replies":[{"embeddable":true,"href":"https:\/\/mefuxe.pl\/index.php?rest_route=%2Fwp%2Fv2%2Fcomments&post=273"}],"version-history":[{"count":41,"href":"https:\/\/mefuxe.pl\/index.php?rest_route=\/wp\/v2\/pages\/273\/revisions"}],"predecessor-version":[{"id":1172,"href":"https:\/\/mefuxe.pl\/index.php?rest_route=\/wp\/v2\/pages\/273\/revisions\/1172"}],"wp:attachment":[{"href":"https:\/\/mefuxe.pl\/index.php?rest_route=%2Fwp%2Fv2%2Fmedia&parent=273"}],"curies":[{"name":"wp","href":"https:\/\/api.w.org\/{rel}","templated":true}]}}