{"id":261,"date":"2019-06-11T10:58:16","date_gmt":"2019-06-11T08:58:16","guid":{"rendered":"http:\/\/mefuxe.pl\/?page_id=261"},"modified":"2025-10-03T00:05:54","modified_gmt":"2025-10-02T22:05:54","slug":"mekeydates","status":"publish","type":"page","link":"https:\/\/mefuxe.pl\/?page_id=261","title":{"rendered":"meKeyDates"},"content":{"rendered":"\n<p>Zbi\u00f3r, wartych odnotowania i szerszej publikacji, wydarze\u0144 zwi\u0105zanych z moj\u0105 najbli\u017csz\u0105 rodzin\u0105.<\/p>\n\n\n<table>\n<tbody>\n<tr>\n<td width=\"238\">\n<p>1474<\/p>\n<\/td>\n<td width=\"684\">\n<p>Najstarsza data w <a href=\"https:\/\/www.wbc.poznan.pl\/publication\/56068\" target=\"_blank\" rel=\"noopener noreferrer\">Herbiarzu Uruskiego<\/a>, dotycz\u0105ca rodziny G\u0142owackich z G\u0142owaczewic w powiacie szadkowskim. Protoplast\u00f3w G\u0142owackich z Kujdanowa z kt\u00f3rych Anna G\u0142owacka by\u0142a \u017con\u0105 Grzegorza Manasterskiego (5x pradziadek).<\/p>\n<\/td>\n<\/tr>\n<tr>\n<td width=\"238\">\n<p>1508<\/p>\n<\/td>\n<td width=\"684\">\n<p>Najstarsza data w <a href=\"https:\/\/crispa.uw.edu.pl\/object\/files\/416532\/display\/Default\" target=\"_blank\" rel=\"noopener noreferrer\">Herbiarzu Bonieckiego<\/a>. dotycz\u0105ca rodziny Ilnickich ze wsi Ilnik w ziemi lwowskiej. Protoplast\u00f3w Ilnickich z kt\u00f3rych Regina Ilnicka by\u0142a \u017con\u0105 Micha\u0142a Manasterskiego (6x pradziadek).<\/p>\n<\/td>\n<\/tr>\n<tr>\n<td width=\"238\">\n<p>1589<\/p>\n<\/td>\n<td width=\"684\">\n<p>Najstarsza data w <a href=\"https:\/\/crispa.uw.edu.pl\/object\/files\/416532\/display\/Default\" target=\"_blank\" rel=\"noopener noreferrer\">Herbiarzu Bonieckiego <\/a>, dotycz\u0105ca rodziny Bili\u0144skich ze wsi Biliny w powiecie samborskim. Protoplast\u00f3w Bili\u0144skich z kt\u00f3rych Zofia Bili\u0144ska by\u0142a \u017con\u0105 Jana Manasterskiego (7x pradziadek).<\/p>\n<\/td>\n<\/tr>\n<tr>\n<td width=\"238\">\n<p>1590<\/p>\n<\/td>\n<td width=\"684\">\n<p>Najstarsza data w <a href=\"https:\/\/www.wbc.poznan.pl\/publication\/56068\" target=\"_blank\" rel=\"noopener noreferrer\">Herbiarzu Uruskiego <\/a>, dotycz\u0105ca rodziny Manasterskich ze wsi Manasterzec w ziemi przemy\u015blskiej. Protoplast\u00f3w rodu Manasterskich z <a href=\"https:\/\/pl.wikipedia.org\/wiki\/Kujdan%C3%B3w\" target=\"_blank\" rel=\"noopener noreferrer\">Kujdanowa<\/a> i <a href=\"https:\/\/pl.wikipedia.org\/wiki\/Bobuli%C5%84ce\" target=\"_blank\" rel=\"noopener noreferrer\">Bobuli\u0144c<\/a>.<\/p>\n<\/td>\n<\/tr>\n<tr>\n<td width=\"238\">\n<p>1617<\/p>\n<\/td>\n<td width=\"684\">\n<p>Archidiakon\u00a0 s\u0105decki ks. Jan Januszowski przeprowadza\u00a0 spis kmieci\/osadnik\u00f3w w Odrow\u0105\u017cu i okolicach (1606). W\u015br\u00f3d nazwisk pojawia si\u0119 nazwisko Skupie\u0144.\u00a0<\/p>\n<\/td>\n<\/tr>\n<tr>\n<td width=\"238\">\n<p>1644<\/p>\n<\/td>\n<td width=\"684\">\n<p>27 stycznia w Go\u0142kowicach wierno\u015b\u0107 \u015blubuj\u0105 sobie Stanis\u0142aw Gawlik oraz Agnieszka Gomor. Moi 8xpradziadkowie. Najstarszy obecnie dokument metrykalny uj\u0119ty w moim drzewie.<\/p>\n<\/td>\n<\/tr>\n<tr>\n<td width=\"238\">\n<p>1676<\/p>\n<\/td>\n<td width=\"684\">\n<p>Wyniesienie do poziomu szlacheckiego bojara <a href=\"https:\/\/mefuxe.pl\/?page_id=147\">Bazylego Turku\u0142a<\/a> (Vasile Turcule\u0163) z Wo\u0142oszczyzny. M\u00f3j 8xpradziadek. Jego dzieci, w tym m\u00f3j 7xpradziadek, blisko wsp\u00f3\u0142pracowali m.in. z <a href=\"https:\/\/pl.wikipedia.org\/wiki\/Jan_III_Sobieski\" target=\"_blank\" rel=\"noopener noreferrer\">Kr\u00f3lem Janem III Sobieskim<\/a>.<\/p>\n<\/td>\n<\/tr>\n<tr>\n<td width=\"238\">\n<p>1683<\/p>\n<\/td>\n<td width=\"684\">\n<p>12 wrze\u015bnia pod Wiedniem stoczono bitw\u0119 mi\u0119dzy wojskami polsko-cesarskimi pod dow\u00f3dztwem kr\u00f3la Jana III Sobieskiego a armi\u0105 Imperium Osma\u0144skiego pod wodz\u0105 wezyra Kara Mustafy. W\u015br\u00f3d walcz\u0105cych by\u0142 <a href=\"https:\/\/mefuxe.pl\/?page_id=147\">Bazyli Turku\u0142<\/a> (8xpradziadek)<\/p>\n<\/td>\n<\/tr>\n<tr>\n<td width=\"238\">\n<p>1753<\/p>\n<\/td>\n<td width=\"684\">\n<p>W mie\u015bcie Bia\u0142a (obecnie Bielsko-Bia\u0142a), ojciec uwalnia swojego syna z obowi\u0105zku dalszej nauki cechowej (tzw. Freisprechung). W tym przypadku chodzi o <a href=\"https:\/\/mefuxe.pl\/?page_id=1265\">Lorentza Fuchsa<\/a> (6xpradziadek) i Jego syna Johanna Fuchsa (5xpradziadek).<\/p>\n<\/td>\n<\/tr>\n<tr>\n<td width=\"238\">\n<p>1769<\/p>\n<\/td>\n<td width=\"684\">\n<p>W parafii Brze\u017ca\u0144skiej mieszka\u0144cy id\u0105 do spowiedzi Wielkanocnej. Nie umyka to uwadze proboszcza. Tworzy spis parafian kt\u00f3rzy tego dokonali. W\u015br\u00f3d nich s\u0105 moi przodkowie, np. \u00a0Walenty Wierzbicki, 5xpradziadek.<\/p>\n<\/td>\n<\/tr>\n<tr>\n<td width=\"238\">\n<p>1792<\/p>\n<\/td>\n<td width=\"684\">\n<p><a href=\"https:\/\/mefuxe.pl\/?page_id=691\">Manasterscy<\/a> herbu Sas legitymuj\u0105 swoje szlacheckie korzenie.<\/p>\n<\/td>\n<\/tr>\n<tr>\n<td width=\"238\">\n<p>1811<\/p>\n<\/td>\n<td width=\"684\">\n<p>Kronika Rybnicka donosi o \u201eWio\u015bnie Lud\u00f3w\u201d i zniesieniu pa\u0144szczyzny. Lud naciera na proboszcza Schneidera. Proboszcz chowa si\u0119 w szkole kt\u00f3rej kierownikiem by\u0142 m\u00f3j 4xpradziadek, Franz Lonczig. Lud nie rozumia\u0142 w czym rzecz, konieczne by\u0142o wojsko aby uspokoi\u0107 t\u0142um.<\/p>\n<\/td>\n<\/tr>\n<tr>\n<td width=\"238\">\n<p>1844-1848<\/p>\n<\/td>\n<td width=\"684\">\n<p>Przy budowie <a href=\"https:\/\/pl.wikipedia.org\/wiki\/Katedra_w_Kolonii\" target=\"_blank\" rel=\"noopener noreferrer\">Katedry w Kolonii<\/a> praktykuje p\u00f3\u017aniejszy budowniczy m.in. <a href=\"https:\/\/pl.wikipedia.org\/wiki\/Ko%C5%9Bci%C3%B3%C5%82_%C5%9Bw._Jana_Chrzciciela_w_Raciborzu\" target=\"_blank\" rel=\"noopener noreferrer\">ko\u015bcio\u0142a w Raciborzu Ostr\u00f3g<\/a>, <a href=\"https:\/\/mefuxe.pl\/?page_id=135\">Johannes Kirstein<\/a>. M\u00f3j 3xpradziadek. Archiwum Katedry precyzuje stanowisko \u201eSteinmetz- u. Maurermeister\u201c oraz \u00f3wczesny zakres prac \u201ewas to finish the low owerr of the nave and transept of the owerra and to build the lower parts of the two fa\u00e7ades of the transept\u201d.<\/p>\n<\/td>\n<\/tr>\n<tr>\n<td width=\"238\">\n<p>1851<\/p>\n<\/td>\n<td width=\"684\">\n<p>W Bobuli\u0144cach dochodzi do aktu chrztu <a href=\"https:\/\/mefuxe.pl\/?page_id=691\">Katarzyny Manasterskiej<\/a> herbu Sas. Ostatniej osoby ze szlacheckim rodowodem w moim drzewie. Moja 2xprababcia.<\/p>\n<\/td>\n<\/tr>\n<tr>\n<td width=\"238\">\n<p>1897<\/p>\n<\/td>\n<td width=\"684\">\n<p>Naczelnik Urz\u0119du w <a href=\"https:\/\/pl.wikipedia.org\/wiki\/Bijasowice\" target=\"_blank\" rel=\"noopener noreferrer\">Bijasowicach<\/a>, kr\u00f3lewski dzier\u017cawca,<a href=\"https:\/\/mefuxe.pl\/?page_id=141\"> Pawe\u0142 Lonczig<\/a>, skre\u015bla Martina Jureckiego z listy pijak\u00f3w. Pawe\u0142 to m\u00f3j 2xpradziadek. Ludzki Pan z mojego przodka.<\/p>\n<\/td>\n<\/tr>\n<tr>\n<td width=\"238\">\n<p>1898<\/p>\n<\/td>\n<td width=\"684\">\n<p>\u201eKatolik\u201d donosi, \u017ce <a href=\"https:\/\/mefuxe.pl\/?page_id=141\">Pawe\u0142 Lonczig<\/a> dok\u0142ada si\u0119 do budowy pomnika <a href=\"https:\/\/pl.wikipedia.org\/wiki\/Otto_von_Bismarck\" target=\"_blank\" rel=\"noopener\">Bismarcka<\/a> we Wroc\u0142awiu i widnieje w spisie jako Bismarkowiec. \u201eStary Bismarck, najwi\u0119kszy kulturnik i wr\u00f3g Ko\u015bcio\u0142a katolickiego\u201d, mo\u017cna wyczyta\u0107.<\/p>\n<\/td>\n<\/tr>\n<tr>\n<td width=\"238\">\n<p>1907<\/p>\n<\/td>\n<td width=\"684\">\n<p>\u201ePrzyjaciel Ludu\u201d po\u015bwi\u0119ca swe \u0142amy na artyku\u0142 hejtuj\u0105cy mojego pradziadka, <a href=\"https:\/\/mefuxe.pl\/?page_id=139\" target=\"_blank\" rel=\"noopener noreferrer\">Rudolfa Fuchsa<\/a>. Sta\u0144czyk, dorobkiewicz, spolszczony Niemiec, obro\u0144ca pan\u00f3w, wymienia Anonim. \u201ePoczekajcie, psiekrwie, smarkacze, ja was naucz\u0119\u201d odpowiada przodek.<\/p>\n<\/td>\n<\/tr>\n<tr>\n<td width=\"238\">\n<p>1910<\/p>\n<\/td>\n<td width=\"684\">\n<p>\u201eNowa Reforma\u201d opisuje, mro\u017c\u0105cy krew w \u017cy\u0142ach, przebieg procesu o szpiegostwo. \u015awiadkiem na procesie jest brat mojego pradziadka, Erwin Fuchs. Oskar\u017cony Josefert chcia\u0142 szpiegowa\u0107 na rzecz Rosji. Chcia\u0142 do tego nak\u0142oni\u0107 m.in. Erwina, kt\u00f3ry na to, \u017ce \u201esprawa jest \u015bliska\u201d. Josefert dostaje 6 miesi\u0119cy ci\u0119\u017ckiego wi\u0119zienia.<\/p>\n<\/td>\n<\/tr>\n<tr>\n<td width=\"238\">\n<p>1912<\/p>\n<\/td>\n<td width=\"684\">\n<p>Przez \u0142amy wielu gazet (m.in. \u201eNaprz\u00f3d\u201d, \u201eRozw\u00f3j\u201d, \u201eKurjer Warszawski\u201d) przewija si\u0119 opis \u201ekrwawej walki z bandytami w Szczakowej\u201d. W samym \u015brodku akcji jest m\u00f3j pradziadek Jan Szubi\u0144ski. Strzelanina na stacji kolejowej zako\u0144czy\u0142a si\u0119 zabiciem jednego z bandyt\u00f3w. Drugi trafi\u0142 do szpitala. Po stronie str\u00f3\u017c\u00f3w prawa jeden ranny, oficya\u0142\u00a0 Schreter, dosta\u0142 4 strza\u0142y z browninga. Pradziadek prze\u017cy\u0142 bo Schreter by\u0142 m\u0142odszy, silniejszy i wyprzedzi\u0142 Go podczas po\u015bcigu, zanim bandyci oddali strza\u0142y.<\/p>\n<\/td>\n<\/tr>\n<tr>\n<td width=\"238\">\n<p>1914-1918<\/p>\n<\/td>\n<td width=\"684\">\n<p><a href=\"https:\/\/pl.wikipedia.org\/wiki\/Legiony_Polskie_(1914%E2%80%931918)\" target=\"_blank\" rel=\"noopener noreferrer\">Legiony Polskie<\/a>,\u00a0 powsta\u0142e z inicjatywy <a href=\"https:\/\/pl.wikipedia.org\/wiki\/J%C3%B3zef_Pi%C5%82sudski\" target=\"_blank\" rel=\"noopener noreferrer\">J\u00f3zefa Pi\u0142sudskiego<\/a>. W\u015br\u00f3d walcz\u0105cych s\u0105 tak\u017ce <a href=\"https:\/\/zolnierze-niepodleglosci.pl\/%C5%BCo%C5%82nierz\/227200\/\" target=\"_blank\" rel=\"noopener noreferrer\">Bronis\u0142aw Szubi\u0144ski<\/a> (brat mojej babci <a href=\"https:\/\/mefuxe.pl\/?page_id=1048\">Janiny Szubi\u0144skiej<\/a>, poleg\u0142 w 1918) oraz <a href=\"https:\/\/pl.wikipedia.org\/wiki\/Boles%C5%82aw_Frey\" target=\"_blank\" rel=\"noopener\">Bronis\u0142aw Frey<\/a>, starszy brat mojego dziadka <a href=\"https:\/\/mefuxe.pl\/?page_id=143\">W\u0142adys\u0142awa<\/a>.<\/p>\n<\/td>\n<\/tr>\n<tr>\n<td width=\"238\">\n<p>1916<\/p>\n<\/td>\n<td width=\"684\">\n<p>\u201eNeue Freie Presse\u201d z Wiednia donosi, \u017ce moja prababcia <a href=\"https:\/\/mefuxe.pl\/?page_id=263\">Marta Fuchs<\/a>, wspar\u0142a groszem akcj\u0119 budowy nowej \u0142odzi podwodnej wojsk <a href=\"https:\/\/pl.wikipedia.org\/wiki\/Franciszek_J%C3%B3zef_I\" target=\"_blank\" rel=\"noopener\">Franciszka J\u00f3zefa I<\/a>.<\/p>\n<\/td>\n<\/tr>\n<tr>\n<td width=\"238\">\n<p>1932<\/p>\n<\/td>\n<td width=\"684\">\n<p>W<a href=\"https:\/\/pl.wikipedia.org\/wiki\/Nowy_Targ\" target=\"_blank\" rel=\"noopener noreferrer\"> Nowym Targu<\/a> powstaje klub <a href=\"https:\/\/pl.wikipedia.org\/wiki\/Podhale_Nowy_Targ\" target=\"_blank\" rel=\"noopener noreferrer\">KS Podhale<\/a>. W\u015br\u00f3d Za\u0142o\u017cycieli moja babcia <a href=\"https:\/\/mefuxe.pl\/?page_id=1048\">Janina Szubi\u0144ska<\/a>. Pierwszy skarbnik klubu.<\/p>\n<\/td>\n<\/tr>\n<tr>\n<td width=\"238\">\n<p>1936<\/p>\n<\/td>\n<td width=\"684\">\n<p>W <a href=\"https:\/\/pl.wikipedia.org\/wiki\/Nowy_Targ\" target=\"_blank\" rel=\"noopener noreferrer\">Nowym Targu<\/a> umiera <a href=\"https:\/\/www.nowytarg.pl\/dane.php?cid=10\" target=\"_blank\" rel=\"noopener noreferrer\">J\u00f3zef Rajski<\/a>. Rze\u017anik, burmistrz Nowego Targu, pose\u0142 na Sejm, dzia\u0142acz spo\u0142eczny i polityczny. Z edukacj\u0105 by\u0142o troch\u0119 s\u0142abiej bo tylko 4 klasy sko\u0144czone. Prywatnie brat mojej prababci Agnieszki Rajskiej.<\/p>\n<\/td>\n<\/tr>\n<tr>\n<td width=\"238\">\n<p>1939<\/p>\n<\/td>\n<td width=\"684\">\n<p><a href=\"https:\/\/pl.wikipedia.org\/wiki\/Kampania_wrze%C5%9Bniowa\" target=\"_blank\" rel=\"noopener noreferrer\">Kampania wrze\u015bniowa<\/a>.\u00a0<\/p>\n<p><a href=\"https:\/\/mefuxe.pl\/?page_id=99\">Augustyn Fuchs<\/a> jako podporucznik, wzi\u0119ty do niewoli 21 wrze\u015bnia,\u00a0 trafia do Oflagu XI B Woldenberg.<\/p>\n<p><a href=\"https:\/\/mefuxe.pl\/?page_id=143\">W\u0142adys\u0142aw Frey<\/a> jako porucznik, wzi\u0119ty do niewoli 23 wrze\u015bnia,\u00a0 trafia do Oflagu II B Arnswalde.<\/p>\n<\/td>\n<\/tr>\n<tr>\n<td width=\"238\">\n<p>1940<\/p>\n<\/td>\n<td width=\"684\">\n<p>W <a href=\"https:\/\/pl.wikipedia.org\/wiki\/Zbrodnia_katy%C5%84ska\" target=\"_blank\" rel=\"noopener noreferrer\">Katyniu<\/a> ginie <a href=\"https:\/\/mefuxe.pl\/?page_id=1364\">Adolf Sch\u00f6n<\/a>. M\u0105\u017c Zofii Frey, siostry mojego dziadka <a href=\"https:\/\/mefuxe.pl\/?page_id=143\">W\u0142adys\u0142awa Frey<\/a>. Mia\u0142em okazj\u0119 czyta\u0107 list Adolfa kt\u00f3ry napisa\u0142 do rodziny przed egzekucj\u0105.<\/p>\n<p>W <a href=\"https:\/\/pl.wikipedia.org\/wiki\/Zbrodnia_katy%C5%84ska\" target=\"_blank\" rel=\"noopener\">Charkowie<\/a> ginie <a href=\"http:\/\/naszemiasto.radomyslwielki.org.pl\/kasprzyk-wlodzimierz\/\" target=\"_blank\" rel=\"noopener\">W\u0142odzimierz Kasprzyk<\/a>. Kuzyn Augustyna Fuchsa. S\u0142\u00f3w kilka o <a href=\"https:\/\/mefuxe.pl\/?page_id=927\">kuzynostwie dziadka Augustyna<\/a>.<\/p>\n<\/td>\n<\/tr>\n<tr>\n<td width=\"238\">\n<p>1944<\/p>\n<\/td>\n<td width=\"684\">\n<p>Bitwa o <a href=\"https:\/\/pl.wikipedia.org\/wiki\/Bitwa_o_Monte_Cassino\" target=\"_blank\" rel=\"noopener noreferrer\">Monte Cassino<\/a>. W\u015br\u00f3d walcz\u0105cych jest <a href=\"http:\/\/www.brodzianie.pl\/skupien.php\" target=\"_blank\" rel=\"noopener noreferrer\">Tadeusz Skupie\u0144<\/a>.\u00a0 W 1939 student weterynarii na Uniwersytecie Lwowskim, wi\u0119zie\u0144 \u0142agru nad Ko\u0142ym\u0105.\u00a0 M\u00f3j <a href=\"https:\/\/mefuxe.pl\/?page_id=1364\">ojciec chrzestny<\/a> i brat mojej babci <a href=\"https:\/\/mefuxe.pl\/?page_id=143\">Wandy Skupie\u0144<\/a>.<\/p>\n<p>3 Dywizja Strzelc\u00f3w Karpackich walczy\u0142a w dniach 11-29 maja. Tadeusz jako podporucznik i Jego ckm skutecznie walczy\u0142a o zwyci\u0119stwo.\u00a0<\/p>\n<p>Nagrodzony m.in. :<\/p>\n<ul>\n<li>Srebrnym Orderem Wojennym Virtuti Militari<\/li>\n<li>Krzy\u017cem Walecznych, dwukrotnie<\/li>\n<li>Krzy\u017cem Pami\u0105tkowym Monte Cassino\u00a0<\/li>\n<\/ul>\n<\/td>\n<\/tr>\n<tr>\n<td width=\"238\">\n<p>1966<\/p>\n<\/td>\n<td width=\"684\">\n<p>Pierwszy tytu\u0142 mistrza Polski dla <a href=\"https:\/\/pl.wikipedia.org\/wiki\/Podhale_Nowy_Targ\" target=\"_blank\" rel=\"noopener noreferrer\">KS Podhale Nowy Targ<\/a>.<\/p>\n<p>Prezesem <a href=\"https:\/\/mefuxe.pl\/?page_id=99\" target=\"_blank\" rel=\"noopener\">Augustyn Fuchs<\/a>. Dziadek co &#8220;wszystko potrafi\u0142&#8221;.<\/p>\n<p><strong>Niech si\u0119 nigdy nie oddala, tytu\u0142 mistrza od Podhala !!!<\/strong><\/p>\n<\/td>\n<\/tr>\n<tr>\n<td width=\"238\">\n<p>1988<\/p>\n<\/td>\n<td width=\"684\">\n<p>Powiedzenie: &#8220;szcz\u0119\u015bcie chodzi parami&#8221;, wiecznie \u017cywe.<\/p>\n<p>Najpierw w maju, w obecno\u015bci orkiestry d\u0119tej, \u017cegnam <a href=\"https:\/\/mefuxe.pl\/?page_id=99\">Augustyna Fuchsa<\/a>.<\/p>\n<p>W grudniu, w takt skrzypu \u015bniegu, jestem \u015bwiadkiem ostatniej drogi <a href=\"https:\/\/mefuxe.pl\/?page_id=143\">W\u0142adys\u0142awa Freya<\/a>.<\/p>\n<\/td>\n<\/tr>\n<tr>\n<td width=\"238\">\n<p>2010<\/p>\n<\/td>\n<td width=\"684\">\n<p>Na <a href=\"https:\/\/pl.wikipedia.org\/wiki\/Ziemia\" target=\"_blank\" rel=\"noopener\">\u015awiat<\/a> przychodzi On. Od tego momentu reszta nie ma ju\u017c znaczenia.\u00a0 Przysz\u0142o\u015b\u0107 projektu &#8220;meFuxe&#8221;.<\/p>\n<\/td>\n<\/tr>\n<tr>\n<td width=\"238\">\n<p>2025<\/p>\n<\/td>\n<td width=\"684\">\n<p>&#8220;S\u0142oneczko ju\u017c zasz\u0142o za g\u00f3rami, po\u017cegna\u0142 si\u0119 g\u00f3ral, g\u00f3ral si\u0119 po\u017cegna\u0142 z turnickami&#8221;.<\/p>\n<\/td>\n<\/tr>\n<\/tbody>\n<\/table>","protected":false},"excerpt":{"rendered":"<p>Zbi\u00f3r, wartych odnotowania i szerszej publikacji, wydarze\u0144 zwi\u0105zanych z moj\u0105 najbli\u017csz\u0105 rodzin\u0105. 1474 Najstarsza data w Herbiarzu Uruskiego, dotycz\u0105ca rodziny G\u0142owackich z G\u0142owaczewic w powiacie szadkowskim. Protoplast\u00f3w G\u0142owackich z Kujdanowa z kt\u00f3rych Anna G\u0142owacka by\u0142a \u017con\u0105 Grzegorza Manasterskiego (5x pradziadek). &hellip; <a href=\"https:\/\/mefuxe.pl\/?page_id=261\">Czytaj dalej <span class=\"meta-nav\">&rarr;<\/span><\/a><\/p>\n","protected":false},"author":2,"featured_media":0,"parent":0,"menu_order":0,"comment_status":"closed","ping_status":"closed","template":"","meta":{"footnotes":""},"class_list":["post-261","page","type-page","status-publish","hentry"],"_links":{"self":[{"href":"https:\/\/mefuxe.pl\/index.php?rest_route=\/wp\/v2\/pages\/261","targetHints":{"allow":["GET"]}}],"collection":[{"href":"https:\/\/mefuxe.pl\/index.php?rest_route=\/wp\/v2\/pages"}],"about":[{"href":"https:\/\/mefuxe.pl\/index.php?rest_route=\/wp\/v2\/types\/page"}],"author":[{"embeddable":true,"href":"https:\/\/mefuxe.pl\/index.php?rest_route=\/wp\/v2\/users\/2"}],"replies":[{"embeddable":true,"href":"https:\/\/mefuxe.pl\/index.php?rest_route=%2Fwp%2Fv2%2Fcomments&post=261"}],"version-history":[{"count":83,"href":"https:\/\/mefuxe.pl\/index.php?rest_route=\/wp\/v2\/pages\/261\/revisions"}],"predecessor-version":[{"id":2166,"href":"https:\/\/mefuxe.pl\/index.php?rest_route=\/wp\/v2\/pages\/261\/revisions\/2166"}],"wp:attachment":[{"href":"https:\/\/mefuxe.pl\/index.php?rest_route=%2Fwp%2Fv2%2Fmedia&parent=261"}],"curies":[{"name":"wp","href":"https:\/\/api.w.org\/{rel}","templated":true}]}}