{"id":1985,"date":"2024-06-10T22:35:08","date_gmt":"2024-06-10T20:35:08","guid":{"rendered":"https:\/\/mefuxe.pl\/?page_id=1985"},"modified":"2024-06-10T23:31:12","modified_gmt":"2024-06-10T21:31:12","slug":"mecosel","status":"publish","type":"page","link":"https:\/\/mefuxe.pl\/?page_id=1985","title":{"rendered":"meCosel"},"content":{"rendered":"\n<p><a href=\"https:\/\/muzeumkozle.pl\/z-zamkowego-wzgorza\/\" target=\"_blank\" rel=\"noreferrer noopener\">Z Zamkowego Wzg\u00f3rza<\/a> to czasopismo wydawane przez <a href=\"https:\/\/muzeumkozle.pl\/\" target=\"_blank\" rel=\"noreferrer noopener\">Muzeum Ziemi Kozielskiej<\/a> w Ko\u017alu. W ramach <a href=\"https:\/\/drive.google.com\/file\/d\/1vwtY39hcn-VZGtNYHLkU2Ca71-wntMGV\/view\" target=\"_blank\" rel=\"noreferrer noopener\">numeru nr 1\/2024 (13)<\/a> ukaza\u0142 si\u0119 artyku\u0142 przybli\u017caj\u0105cy sylwetki <a href=\"https:\/\/mefuxe.pl\/?page_id=135\" data-type=\"page\" data-id=\"135\">Johanna Kirstein<\/a> i <a href=\"https:\/\/de.wikipedia.org\/wiki\/August_Kirstein\" target=\"_blank\" rel=\"noreferrer noopener\">Augusta Kirstein<\/a>. Autorem artyku\u0142u jest Pan Robert Scherner a projekt meFuxe mia\u0142 okazj\u0119 by\u0107 dawc\u0105 kilku informacji.<\/p>\n\n\n\n<p>Panie Robercie, dzi\u0119kuj\u0119 za linka \ud83d\ude42<\/p>\n\n\n\n<figure class=\"wp-block-gallery has-nested-images columns-default is-cropped wp-block-gallery-1 is-layout-flex wp-block-gallery-is-layout-flex\">\n<figure class=\"wp-block-image size-large\"><a href=\"https:\/\/mefuxe.pl\/wp-content\/uploads\/2024\/06\/screenshotAtUploadCC_1718049629018.jpeg\"><img fetchpriority=\"high\" decoding=\"async\" width=\"720\" height=\"1024\" data-id=\"1990\" src=\"https:\/\/mefuxe.pl\/wp-content\/uploads\/2024\/06\/screenshotAtUploadCC_1718049629018-720x1024.jpeg\" alt=\"\" class=\"wp-image-1990\" srcset=\"https:\/\/mefuxe.pl\/wp-content\/uploads\/2024\/06\/screenshotAtUploadCC_1718049629018-720x1024.jpeg 720w, https:\/\/mefuxe.pl\/wp-content\/uploads\/2024\/06\/screenshotAtUploadCC_1718049629018-211x300.jpeg 211w, https:\/\/mefuxe.pl\/wp-content\/uploads\/2024\/06\/screenshotAtUploadCC_1718049629018-768x1093.jpeg 768w, https:\/\/mefuxe.pl\/wp-content\/uploads\/2024\/06\/screenshotAtUploadCC_1718049629018.jpeg 787w\" sizes=\"(max-width: 720px) 100vw, 720px\" \/><\/a><\/figure>\n\n\n\n<figure class=\"wp-block-image size-large\"><a href=\"https:\/\/mefuxe.pl\/wp-content\/uploads\/2024\/06\/screenshotAtUploadCC_1718049719769.jpeg\"><img decoding=\"async\" width=\"703\" height=\"1024\" data-id=\"1991\" src=\"https:\/\/mefuxe.pl\/wp-content\/uploads\/2024\/06\/screenshotAtUploadCC_1718049719769-703x1024.jpeg\" alt=\"\" class=\"wp-image-1991\" srcset=\"https:\/\/mefuxe.pl\/wp-content\/uploads\/2024\/06\/screenshotAtUploadCC_1718049719769-703x1024.jpeg 703w, https:\/\/mefuxe.pl\/wp-content\/uploads\/2024\/06\/screenshotAtUploadCC_1718049719769-206x300.jpeg 206w, https:\/\/mefuxe.pl\/wp-content\/uploads\/2024\/06\/screenshotAtUploadCC_1718049719769.jpeg 767w\" sizes=\"(max-width: 703px) 100vw, 703px\" \/><\/a><\/figure>\n\n\n\n<figure class=\"wp-block-image size-large\"><a href=\"https:\/\/mefuxe.pl\/wp-content\/uploads\/2024\/06\/screenshotAtUploadCC_1718049753710.jpeg\"><img decoding=\"async\" width=\"718\" height=\"1024\" data-id=\"1992\" src=\"https:\/\/mefuxe.pl\/wp-content\/uploads\/2024\/06\/screenshotAtUploadCC_1718049753710-718x1024.jpeg\" alt=\"\" class=\"wp-image-1992\" srcset=\"https:\/\/mefuxe.pl\/wp-content\/uploads\/2024\/06\/screenshotAtUploadCC_1718049753710-718x1024.jpeg 718w, https:\/\/mefuxe.pl\/wp-content\/uploads\/2024\/06\/screenshotAtUploadCC_1718049753710-210x300.jpeg 210w, https:\/\/mefuxe.pl\/wp-content\/uploads\/2024\/06\/screenshotAtUploadCC_1718049753710-768x1095.jpeg 768w, https:\/\/mefuxe.pl\/wp-content\/uploads\/2024\/06\/screenshotAtUploadCC_1718049753710.jpeg 782w\" sizes=\"(max-width: 718px) 100vw, 718px\" \/><\/a><\/figure>\n\n\n\n<figure class=\"wp-block-image size-large\"><img loading=\"lazy\" decoding=\"async\" width=\"712\" height=\"1024\" data-id=\"1993\" src=\"https:\/\/mefuxe.pl\/wp-content\/uploads\/2024\/06\/screenshotAtUploadCC_1718049846559-712x1024.jpeg\" alt=\"\" class=\"wp-image-1993\" srcset=\"https:\/\/mefuxe.pl\/wp-content\/uploads\/2024\/06\/screenshotAtUploadCC_1718049846559-712x1024.jpeg 712w, https:\/\/mefuxe.pl\/wp-content\/uploads\/2024\/06\/screenshotAtUploadCC_1718049846559-209x300.jpeg 209w, https:\/\/mefuxe.pl\/wp-content\/uploads\/2024\/06\/screenshotAtUploadCC_1718049846559-768x1104.jpeg 768w, https:\/\/mefuxe.pl\/wp-content\/uploads\/2024\/06\/screenshotAtUploadCC_1718049846559.jpeg 784w\" sizes=\"(max-width: 712px) 100vw, 712px\" \/><\/figure>\n<\/figure>\n\n\n\n<p><\/p>\n","protected":false},"excerpt":{"rendered":"<p>Z Zamkowego Wzg\u00f3rza to czasopismo wydawane przez Muzeum Ziemi Kozielskiej w Ko\u017alu. W ramach numeru nr 1\/2024 (13) ukaza\u0142 si\u0119 artyku\u0142 przybli\u017caj\u0105cy sylwetki Johanna Kirstein i Augusta Kirstein. Autorem artyku\u0142u jest Pan Robert Scherner a projekt meFuxe mia\u0142 okazj\u0119 by\u0107 &hellip; <a href=\"https:\/\/mefuxe.pl\/?page_id=1985\">Czytaj dalej <span class=\"meta-nav\">&rarr;<\/span><\/a><\/p>\n","protected":false},"author":1,"featured_media":0,"parent":0,"menu_order":0,"comment_status":"closed","ping_status":"closed","template":"","meta":{"footnotes":""},"class_list":["post-1985","page","type-page","status-publish","hentry"],"_links":{"self":[{"href":"https:\/\/mefuxe.pl\/index.php?rest_route=\/wp\/v2\/pages\/1985","targetHints":{"allow":["GET"]}}],"collection":[{"href":"https:\/\/mefuxe.pl\/index.php?rest_route=\/wp\/v2\/pages"}],"about":[{"href":"https:\/\/mefuxe.pl\/index.php?rest_route=\/wp\/v2\/types\/page"}],"author":[{"embeddable":true,"href":"https:\/\/mefuxe.pl\/index.php?rest_route=\/wp\/v2\/users\/1"}],"replies":[{"embeddable":true,"href":"https:\/\/mefuxe.pl\/index.php?rest_route=%2Fwp%2Fv2%2Fcomments&post=1985"}],"version-history":[{"count":6,"href":"https:\/\/mefuxe.pl\/index.php?rest_route=\/wp\/v2\/pages\/1985\/revisions"}],"predecessor-version":[{"id":1999,"href":"https:\/\/mefuxe.pl\/index.php?rest_route=\/wp\/v2\/pages\/1985\/revisions\/1999"}],"wp:attachment":[{"href":"https:\/\/mefuxe.pl\/index.php?rest_route=%2Fwp%2Fv2%2Fmedia&parent=1985"}],"curies":[{"name":"wp","href":"https:\/\/api.w.org\/{rel}","templated":true}]}}