{"id":1783,"date":"2023-09-09T01:57:05","date_gmt":"2023-09-08T23:57:05","guid":{"rendered":"http:\/\/mefuxe.pl\/?page_id=1783"},"modified":"2026-04-15T23:52:39","modified_gmt":"2026-04-15T21:52:39","slug":"mekrzysztoforzyce","status":"publish","type":"page","link":"https:\/\/mefuxe.pl\/?page_id=1783","title":{"rendered":"meKrzysztoforzyce"},"content":{"rendered":"\n<p>W okresie wakacyjnym 2023, dosz\u0142o do kilku niezwyk\u0142ych spotka\u0144. <\/p>\n\n\n\n<p>W \u015blad za swoim bratem, Zbyszkiem Kasprzykiem, do Polski przylecia\u0142a Danka Kasprzyk z m\u0119\u017cem Danielem Montano.<\/p>\n\n\n\n<p>W ramach spotka\u0144 warszawskich, w kt\u00f3rych mia\u0142em okazj\u0119 pozna\u0107 tak\u017ce Lucind\u0119 Misiewicz (Zimbabwe) oraz Gosi\u0119  Ciechanowicz-Misi\u0142o, odwiedzili\u015bmy m.in. \u017belazow\u0105 Wol\u0119, Ogr\u00f3d Botaniczny w Powsinie.   <\/p>\n\n\n\n<p>W ramach spotka\u0144 krakowskich, dosz\u0142o do ponownego spotkania z <a href=\"https:\/\/mefuxe.pl\/?page_id=741\" data-type=\"page\" data-id=\"741\">Kevinem Urbanem<\/a>  z kt\u00f3rym mia\u0142em okazj\u0119 spotka\u0107 si\u0119 w roku 2020. Kevin przelecia\u0142 specjalnie z W\u0142och na spotkanie do kt\u00f3rego dosz\u0142o 2 wrze\u015bnia 2023 pod Krakowem. <\/p>\n\n\n\n<p>2 wrze\u015bnia mia\u0142em zaszczyt bra\u0107 udzia\u0142 w nietuzinkowym spotkaniu, pierwszym na tak\u0105 skal\u0119. Spotkaniu potomk\u00f3w tr\u00f3jki rodze\u0144stwa: Rudolfa, Erwina i Marii Fuchs. Ostatni raz rodze\u0144stwo widzia\u0142o si\u0119, z pewno\u015bci\u0105 przed 1913, kiedy to do USA wyemigrowa\u0142 Erwin. Zwie\u0144czeniem spotkania by\u0142a wsp\u00f3lna podr\u00f3\u017c do Skawinek aby obejrze\u0107 rodzinny dom rodze\u0144stwa Rudolfa, Erwina i Marii Fuchs. Dom kupiony przez ich ojca, Johanna Fuchsa, w roku 1873.<\/p>\n\n\n\n<p>Dla potomnych, uczestnicy spotkania:<\/p>\n\n\n\n<p><strong>Wnuki Marii Kasprzyk de domo Fuchs z 4 r\u00f3\u017cnych dzieci Marii<\/strong>:<\/p>\n\n\n\n<p>Joasia Su\u0142owska z m\u0119\u017cem Markiem oraz dzie\u0107mi (Antonim, Ann\u0105, Ma\u0142gorzat\u0105). Zdalnie z UK po\u0142\u0105czy\u0142a si\u0119 z nami Urszula, siostra Joasi.<\/p>\n\n\n\n<p>Danuta W\u0142och z synem Piotrem.<\/p>\n\n\n\n<p>Danka Kasprzyk z m\u0119\u017cem Danielem Montano z USA.<\/p>\n\n\n\n<p>Stefan Kasprzyk z \u017con\u0105 Magd\u0105 z UK.<\/p>\n\n\n\n<p><\/p>\n\n\n\n<p><strong>Wnuki Erwina Fuchs z dw\u00f3ch r\u00f3\u017cnych ma\u0142\u017ce\u0144stw Erwina<\/strong>:<\/p>\n\n\n\n<p>Anna Kuczek z zi\u0119ciem Krzysztofem i wnuczk\u0105 Weronik\u0105 W\u00f3jcik.<\/p>\n\n\n\n<p>Kevin Urban z W\u0142och\/USA.<\/p>\n\n\n\n<p><\/p>\n\n\n\n<p><strong>Prawnuk <a href=\"https:\/\/mefuxe.pl\/?page_id=139\" data-type=\"page\" data-id=\"139\">Rudolfa<\/a><\/strong>:<\/p>\n\n\n\n<p>Tadeusz Fuchs.<\/p>\n\n\n\n<p><\/p>\n\n\n\n<p>Poni\u017cej kilka zdj\u0119\u0107 oraz pogl\u0105dowe drzewo. <\/p>\n\n\n\n<figure class=\"wp-block-image size-large\"><a href=\"https:\/\/mefuxe.pl\/wp-content\/uploads\/2023\/09\/Johann-Fuchss-Descendants-Tree-v20230909-by-Tadeusz-Fuchs-meFuxe-pl-scaled.jpg\"><img fetchpriority=\"high\" decoding=\"async\" width=\"1024\" height=\"251\" src=\"https:\/\/mefuxe.pl\/wp-content\/uploads\/2023\/09\/Johann-Fuchss-Descendants-Tree-v20230909-by-Tadeusz-Fuchs-meFuxe-pl-1024x251.jpg\" alt=\"\" class=\"wp-image-1829\" srcset=\"https:\/\/mefuxe.pl\/wp-content\/uploads\/2023\/09\/Johann-Fuchss-Descendants-Tree-v20230909-by-Tadeusz-Fuchs-meFuxe-pl-1024x251.jpg 1024w, https:\/\/mefuxe.pl\/wp-content\/uploads\/2023\/09\/Johann-Fuchss-Descendants-Tree-v20230909-by-Tadeusz-Fuchs-meFuxe-pl-300x73.jpg 300w, https:\/\/mefuxe.pl\/wp-content\/uploads\/2023\/09\/Johann-Fuchss-Descendants-Tree-v20230909-by-Tadeusz-Fuchs-meFuxe-pl-768x188.jpg 768w, https:\/\/mefuxe.pl\/wp-content\/uploads\/2023\/09\/Johann-Fuchss-Descendants-Tree-v20230909-by-Tadeusz-Fuchs-meFuxe-pl-1536x376.jpg 1536w, https:\/\/mefuxe.pl\/wp-content\/uploads\/2023\/09\/Johann-Fuchss-Descendants-Tree-v20230909-by-Tadeusz-Fuchs-meFuxe-pl-2048x501.jpg 2048w\" sizes=\"(max-width: 1024px) 100vw, 1024px\" \/><\/a><\/figure>\n\n\n\n<figure class=\"wp-block-gallery has-nested-images columns-default is-cropped wp-block-gallery-1 is-layout-flex wp-block-gallery-is-layout-flex\">\n<figure class=\"wp-block-image size-full\"><a href=\"https:\/\/mefuxe.pl\/wp-content\/uploads\/2023\/09\/20230903_103908-\u2014-kopia-\u2014-kopia-scaled.jpg\"><img decoding=\"async\" width=\"2560\" height=\"1152\" data-id=\"1809\" src=\"https:\/\/mefuxe.pl\/wp-content\/uploads\/2023\/09\/20230903_103908-\u2014-kopia-\u2014-kopia-scaled.jpg\" alt=\"\" class=\"wp-image-1809\" srcset=\"https:\/\/mefuxe.pl\/wp-content\/uploads\/2023\/09\/20230903_103908-\u2014-kopia-\u2014-kopia-scaled.jpg 2560w, https:\/\/mefuxe.pl\/wp-content\/uploads\/2023\/09\/20230903_103908-\u2014-kopia-\u2014-kopia-300x135.jpg 300w, https:\/\/mefuxe.pl\/wp-content\/uploads\/2023\/09\/20230903_103908-\u2014-kopia-\u2014-kopia-1024x461.jpg 1024w, https:\/\/mefuxe.pl\/wp-content\/uploads\/2023\/09\/20230903_103908-\u2014-kopia-\u2014-kopia-768x346.jpg 768w, https:\/\/mefuxe.pl\/wp-content\/uploads\/2023\/09\/20230903_103908-\u2014-kopia-\u2014-kopia-1536x691.jpg 1536w, https:\/\/mefuxe.pl\/wp-content\/uploads\/2023\/09\/20230903_103908-\u2014-kopia-\u2014-kopia-2048x922.jpg 2048w\" sizes=\"(max-width: 2560px) 100vw, 2560px\" \/><\/a><\/figure>\n\n\n\n<figure class=\"wp-block-image size-full\"><a href=\"https:\/\/mefuxe.pl\/wp-content\/uploads\/2023\/09\/IMG-20230903-WA0046-\u2014-kopia.jpg\"><img decoding=\"async\" width=\"1024\" height=\"768\" data-id=\"1815\" src=\"https:\/\/mefuxe.pl\/wp-content\/uploads\/2023\/09\/IMG-20230903-WA0046-\u2014-kopia.jpg\" alt=\"\" class=\"wp-image-1815\" srcset=\"https:\/\/mefuxe.pl\/wp-content\/uploads\/2023\/09\/IMG-20230903-WA0046-\u2014-kopia.jpg 1024w, https:\/\/mefuxe.pl\/wp-content\/uploads\/2023\/09\/IMG-20230903-WA0046-\u2014-kopia-300x225.jpg 300w, https:\/\/mefuxe.pl\/wp-content\/uploads\/2023\/09\/IMG-20230903-WA0046-\u2014-kopia-768x576.jpg 768w\" sizes=\"(max-width: 1024px) 100vw, 1024px\" \/><\/a><\/figure>\n\n\n\n<figure class=\"wp-block-image size-full is-style-default\"><a href=\"https:\/\/mefuxe.pl\/wp-content\/uploads\/2023\/09\/20230902_163600-\u2014-kopia-2-scaled.jpg\"><img loading=\"lazy\" decoding=\"async\" width=\"2560\" height=\"1152\" data-id=\"1814\" src=\"https:\/\/mefuxe.pl\/wp-content\/uploads\/2023\/09\/20230902_163600-\u2014-kopia-2-scaled.jpg\" alt=\"\" class=\"wp-image-1814\" srcset=\"https:\/\/mefuxe.pl\/wp-content\/uploads\/2023\/09\/20230902_163600-\u2014-kopia-2-scaled.jpg 2560w, https:\/\/mefuxe.pl\/wp-content\/uploads\/2023\/09\/20230902_163600-\u2014-kopia-2-300x135.jpg 300w, https:\/\/mefuxe.pl\/wp-content\/uploads\/2023\/09\/20230902_163600-\u2014-kopia-2-1024x461.jpg 1024w, https:\/\/mefuxe.pl\/wp-content\/uploads\/2023\/09\/20230902_163600-\u2014-kopia-2-768x346.jpg 768w, https:\/\/mefuxe.pl\/wp-content\/uploads\/2023\/09\/20230902_163600-\u2014-kopia-2-1536x691.jpg 1536w, https:\/\/mefuxe.pl\/wp-content\/uploads\/2023\/09\/20230902_163600-\u2014-kopia-2-2048x922.jpg 2048w\" sizes=\"(max-width: 2560px) 100vw, 2560px\" \/><\/a><\/figure>\n\n\n\n<figure class=\"wp-block-image size-full\"><a href=\"https:\/\/mefuxe.pl\/wp-content\/uploads\/2023\/09\/IMG-20230730-WA0000-\u2014-kopia.jpg\"><img loading=\"lazy\" decoding=\"async\" width=\"1024\" height=\"768\" data-id=\"1805\" src=\"https:\/\/mefuxe.pl\/wp-content\/uploads\/2023\/09\/IMG-20230730-WA0000-\u2014-kopia.jpg\" alt=\"\" class=\"wp-image-1805\" srcset=\"https:\/\/mefuxe.pl\/wp-content\/uploads\/2023\/09\/IMG-20230730-WA0000-\u2014-kopia.jpg 1024w, https:\/\/mefuxe.pl\/wp-content\/uploads\/2023\/09\/IMG-20230730-WA0000-\u2014-kopia-300x225.jpg 300w, https:\/\/mefuxe.pl\/wp-content\/uploads\/2023\/09\/IMG-20230730-WA0000-\u2014-kopia-768x576.jpg 768w\" sizes=\"(max-width: 1024px) 100vw, 1024px\" \/><\/a><\/figure>\n\n\n\n<figure class=\"wp-block-image size-full\"><a href=\"https:\/\/mefuxe.pl\/wp-content\/uploads\/2023\/09\/IMG-20230903-WA0019-\u2014-kopia.jpg\"><img loading=\"lazy\" decoding=\"async\" width=\"1024\" height=\"768\" data-id=\"1807\" src=\"https:\/\/mefuxe.pl\/wp-content\/uploads\/2023\/09\/IMG-20230903-WA0019-\u2014-kopia.jpg\" alt=\"\" class=\"wp-image-1807\" srcset=\"https:\/\/mefuxe.pl\/wp-content\/uploads\/2023\/09\/IMG-20230903-WA0019-\u2014-kopia.jpg 1024w, https:\/\/mefuxe.pl\/wp-content\/uploads\/2023\/09\/IMG-20230903-WA0019-\u2014-kopia-300x225.jpg 300w, https:\/\/mefuxe.pl\/wp-content\/uploads\/2023\/09\/IMG-20230903-WA0019-\u2014-kopia-768x576.jpg 768w\" sizes=\"(max-width: 1024px) 100vw, 1024px\" \/><\/a><\/figure>\n\n\n\n<figure class=\"wp-block-image size-full\"><a href=\"https:\/\/mefuxe.pl\/wp-content\/uploads\/2023\/09\/IMG-20230903-WA0020-\u2014-kopia.jpg\"><img loading=\"lazy\" decoding=\"async\" width=\"1024\" height=\"768\" data-id=\"1810\" src=\"https:\/\/mefuxe.pl\/wp-content\/uploads\/2023\/09\/IMG-20230903-WA0020-\u2014-kopia.jpg\" alt=\"\" class=\"wp-image-1810\" srcset=\"https:\/\/mefuxe.pl\/wp-content\/uploads\/2023\/09\/IMG-20230903-WA0020-\u2014-kopia.jpg 1024w, https:\/\/mefuxe.pl\/wp-content\/uploads\/2023\/09\/IMG-20230903-WA0020-\u2014-kopia-300x225.jpg 300w, https:\/\/mefuxe.pl\/wp-content\/uploads\/2023\/09\/IMG-20230903-WA0020-\u2014-kopia-768x576.jpg 768w\" sizes=\"(max-width: 1024px) 100vw, 1024px\" \/><\/a><\/figure>\n\n\n\n<figure class=\"wp-block-image size-full\"><a href=\"https:\/\/mefuxe.pl\/wp-content\/uploads\/2023\/09\/IMG-20230903-WA0023-\u2014-kopia.jpg\"><img loading=\"lazy\" decoding=\"async\" width=\"1024\" height=\"576\" data-id=\"1813\" src=\"https:\/\/mefuxe.pl\/wp-content\/uploads\/2023\/09\/IMG-20230903-WA0023-\u2014-kopia.jpg\" alt=\"\" class=\"wp-image-1813\" srcset=\"https:\/\/mefuxe.pl\/wp-content\/uploads\/2023\/09\/IMG-20230903-WA0023-\u2014-kopia.jpg 1024w, https:\/\/mefuxe.pl\/wp-content\/uploads\/2023\/09\/IMG-20230903-WA0023-\u2014-kopia-300x169.jpg 300w, https:\/\/mefuxe.pl\/wp-content\/uploads\/2023\/09\/IMG-20230903-WA0023-\u2014-kopia-768x432.jpg 768w\" sizes=\"(max-width: 1024px) 100vw, 1024px\" \/><\/a><\/figure>\n\n\n\n<figure class=\"wp-block-image size-full\"><a href=\"https:\/\/mefuxe.pl\/wp-content\/uploads\/2023\/09\/IMG-20230903-WA0048-\u2014-kopia.jpg\"><img loading=\"lazy\" decoding=\"async\" width=\"1024\" height=\"768\" data-id=\"1817\" src=\"https:\/\/mefuxe.pl\/wp-content\/uploads\/2023\/09\/IMG-20230903-WA0048-\u2014-kopia.jpg\" alt=\"\" class=\"wp-image-1817\" srcset=\"https:\/\/mefuxe.pl\/wp-content\/uploads\/2023\/09\/IMG-20230903-WA0048-\u2014-kopia.jpg 1024w, https:\/\/mefuxe.pl\/wp-content\/uploads\/2023\/09\/IMG-20230903-WA0048-\u2014-kopia-300x225.jpg 300w, https:\/\/mefuxe.pl\/wp-content\/uploads\/2023\/09\/IMG-20230903-WA0048-\u2014-kopia-768x576.jpg 768w\" sizes=\"(max-width: 1024px) 100vw, 1024px\" \/><\/a><\/figure>\n\n\n\n<figure class=\"wp-block-image size-full\"><a href=\"https:\/\/mefuxe.pl\/wp-content\/uploads\/2023\/09\/IMG-20230903-WA0049-\u2014-kopia.jpg\"><img loading=\"lazy\" decoding=\"async\" width=\"1024\" height=\"768\" data-id=\"1816\" src=\"https:\/\/mefuxe.pl\/wp-content\/uploads\/2023\/09\/IMG-20230903-WA0049-\u2014-kopia.jpg\" alt=\"\" class=\"wp-image-1816\" srcset=\"https:\/\/mefuxe.pl\/wp-content\/uploads\/2023\/09\/IMG-20230903-WA0049-\u2014-kopia.jpg 1024w, https:\/\/mefuxe.pl\/wp-content\/uploads\/2023\/09\/IMG-20230903-WA0049-\u2014-kopia-300x225.jpg 300w, https:\/\/mefuxe.pl\/wp-content\/uploads\/2023\/09\/IMG-20230903-WA0049-\u2014-kopia-768x576.jpg 768w\" sizes=\"(max-width: 1024px) 100vw, 1024px\" \/><\/a><\/figure>\n\n\n\n<figure class=\"wp-block-image size-full\"><a href=\"https:\/\/mefuxe.pl\/wp-content\/uploads\/2023\/09\/IMG-20230903-WA0052-\u2014-kopia.jpg\"><img loading=\"lazy\" decoding=\"async\" width=\"1024\" height=\"768\" data-id=\"1818\" src=\"https:\/\/mefuxe.pl\/wp-content\/uploads\/2023\/09\/IMG-20230903-WA0052-\u2014-kopia.jpg\" alt=\"\" class=\"wp-image-1818\" srcset=\"https:\/\/mefuxe.pl\/wp-content\/uploads\/2023\/09\/IMG-20230903-WA0052-\u2014-kopia.jpg 1024w, https:\/\/mefuxe.pl\/wp-content\/uploads\/2023\/09\/IMG-20230903-WA0052-\u2014-kopia-300x225.jpg 300w, https:\/\/mefuxe.pl\/wp-content\/uploads\/2023\/09\/IMG-20230903-WA0052-\u2014-kopia-768x576.jpg 768w\" sizes=\"(max-width: 1024px) 100vw, 1024px\" \/><\/a><\/figure>\n\n\n\n<figure class=\"wp-block-image size-full\"><a href=\"https:\/\/mefuxe.pl\/wp-content\/uploads\/2023\/09\/IMG-20230903-WA0100-1.jpg\"><img loading=\"lazy\" decoding=\"async\" width=\"1024\" height=\"768\" data-id=\"1823\" src=\"https:\/\/mefuxe.pl\/wp-content\/uploads\/2023\/09\/IMG-20230903-WA0100-1.jpg\" alt=\"\" class=\"wp-image-1823\" srcset=\"https:\/\/mefuxe.pl\/wp-content\/uploads\/2023\/09\/IMG-20230903-WA0100-1.jpg 1024w, https:\/\/mefuxe.pl\/wp-content\/uploads\/2023\/09\/IMG-20230903-WA0100-1-300x225.jpg 300w, https:\/\/mefuxe.pl\/wp-content\/uploads\/2023\/09\/IMG-20230903-WA0100-1-768x576.jpg 768w\" sizes=\"(max-width: 1024px) 100vw, 1024px\" \/><\/a><\/figure>\n\n\n\n<figure class=\"wp-block-image size-full\"><a href=\"https:\/\/mefuxe.pl\/wp-content\/uploads\/2023\/09\/IMG-20230903-WA0055-\u2014-kopia.jpg\"><img loading=\"lazy\" decoding=\"async\" width=\"1024\" height=\"768\" data-id=\"1819\" src=\"https:\/\/mefuxe.pl\/wp-content\/uploads\/2023\/09\/IMG-20230903-WA0055-\u2014-kopia.jpg\" alt=\"\" class=\"wp-image-1819\" srcset=\"https:\/\/mefuxe.pl\/wp-content\/uploads\/2023\/09\/IMG-20230903-WA0055-\u2014-kopia.jpg 1024w, https:\/\/mefuxe.pl\/wp-content\/uploads\/2023\/09\/IMG-20230903-WA0055-\u2014-kopia-300x225.jpg 300w, https:\/\/mefuxe.pl\/wp-content\/uploads\/2023\/09\/IMG-20230903-WA0055-\u2014-kopia-768x576.jpg 768w\" sizes=\"(max-width: 1024px) 100vw, 1024px\" \/><\/a><\/figure>\n\n\n\n<figure class=\"wp-block-image size-large\"><a href=\"https:\/\/mefuxe.pl\/wp-content\/uploads\/2023\/09\/20230903_111220-\u2014-kopia-1-scaled.jpg\"><img loading=\"lazy\" decoding=\"async\" width=\"1024\" height=\"461\" data-id=\"1827\" src=\"https:\/\/mefuxe.pl\/wp-content\/uploads\/2023\/09\/20230903_111220-\u2014-kopia-1-1024x461.jpg\" alt=\"\" class=\"wp-image-1827\" srcset=\"https:\/\/mefuxe.pl\/wp-content\/uploads\/2023\/09\/20230903_111220-\u2014-kopia-1-1024x461.jpg 1024w, https:\/\/mefuxe.pl\/wp-content\/uploads\/2023\/09\/20230903_111220-\u2014-kopia-1-300x135.jpg 300w, https:\/\/mefuxe.pl\/wp-content\/uploads\/2023\/09\/20230903_111220-\u2014-kopia-1-768x346.jpg 768w, https:\/\/mefuxe.pl\/wp-content\/uploads\/2023\/09\/20230903_111220-\u2014-kopia-1-1536x691.jpg 1536w, https:\/\/mefuxe.pl\/wp-content\/uploads\/2023\/09\/20230903_111220-\u2014-kopia-1-2048x922.jpg 2048w\" sizes=\"(max-width: 1024px) 100vw, 1024px\" \/><\/a><\/figure>\n\n\n\n<figure class=\"wp-block-image size-full\"><a href=\"https:\/\/mefuxe.pl\/wp-content\/uploads\/2023\/09\/IMG-20230903-WA0057-\u2014-kopia.jpg\"><img loading=\"lazy\" decoding=\"async\" width=\"1024\" height=\"768\" data-id=\"1822\" src=\"https:\/\/mefuxe.pl\/wp-content\/uploads\/2023\/09\/IMG-20230903-WA0057-\u2014-kopia.jpg\" alt=\"\" class=\"wp-image-1822\" srcset=\"https:\/\/mefuxe.pl\/wp-content\/uploads\/2023\/09\/IMG-20230903-WA0057-\u2014-kopia.jpg 1024w, https:\/\/mefuxe.pl\/wp-content\/uploads\/2023\/09\/IMG-20230903-WA0057-\u2014-kopia-300x225.jpg 300w, https:\/\/mefuxe.pl\/wp-content\/uploads\/2023\/09\/IMG-20230903-WA0057-\u2014-kopia-768x576.jpg 768w\" sizes=\"(max-width: 1024px) 100vw, 1024px\" \/><\/a><\/figure>\n\n\n\n<figure class=\"wp-block-image size-full\"><a href=\"https:\/\/mefuxe.pl\/wp-content\/uploads\/2023\/09\/IMG-20230903-WA0103-\u2014-kopia.jpg\"><img loading=\"lazy\" decoding=\"async\" width=\"1024\" height=\"768\" data-id=\"1824\" src=\"https:\/\/mefuxe.pl\/wp-content\/uploads\/2023\/09\/IMG-20230903-WA0103-\u2014-kopia.jpg\" alt=\"\" class=\"wp-image-1824\" srcset=\"https:\/\/mefuxe.pl\/wp-content\/uploads\/2023\/09\/IMG-20230903-WA0103-\u2014-kopia.jpg 1024w, https:\/\/mefuxe.pl\/wp-content\/uploads\/2023\/09\/IMG-20230903-WA0103-\u2014-kopia-300x225.jpg 300w, https:\/\/mefuxe.pl\/wp-content\/uploads\/2023\/09\/IMG-20230903-WA0103-\u2014-kopia-768x576.jpg 768w\" sizes=\"(max-width: 1024px) 100vw, 1024px\" \/><\/a><\/figure>\n\n\n\n<figure class=\"wp-block-image size-full\"><a href=\"https:\/\/mefuxe.pl\/wp-content\/uploads\/2023\/09\/IMG-20230903-WA0104-1.jpg\"><img loading=\"lazy\" decoding=\"async\" width=\"1024\" height=\"768\" data-id=\"1825\" src=\"https:\/\/mefuxe.pl\/wp-content\/uploads\/2023\/09\/IMG-20230903-WA0104-1.jpg\" alt=\"\" class=\"wp-image-1825\" srcset=\"https:\/\/mefuxe.pl\/wp-content\/uploads\/2023\/09\/IMG-20230903-WA0104-1.jpg 1024w, https:\/\/mefuxe.pl\/wp-content\/uploads\/2023\/09\/IMG-20230903-WA0104-1-300x225.jpg 300w, https:\/\/mefuxe.pl\/wp-content\/uploads\/2023\/09\/IMG-20230903-WA0104-1-768x576.jpg 768w\" sizes=\"(max-width: 1024px) 100vw, 1024px\" \/><\/a><\/figure>\n\n\n\n<figure class=\"wp-block-image size-large\"><a href=\"https:\/\/mefuxe.pl\/wp-content\/uploads\/2023\/09\/20230901_230338-\u2014-kopia-1-scaled.jpg\"><img loading=\"lazy\" decoding=\"async\" width=\"1024\" height=\"462\" data-id=\"1828\" src=\"https:\/\/mefuxe.pl\/wp-content\/uploads\/2023\/09\/20230901_230338-\u2014-kopia-1-1024x462.jpg\" alt=\"\" class=\"wp-image-1828\" srcset=\"https:\/\/mefuxe.pl\/wp-content\/uploads\/2023\/09\/20230901_230338-\u2014-kopia-1-1024x462.jpg 1024w, https:\/\/mefuxe.pl\/wp-content\/uploads\/2023\/09\/20230901_230338-\u2014-kopia-1-300x135.jpg 300w, https:\/\/mefuxe.pl\/wp-content\/uploads\/2023\/09\/20230901_230338-\u2014-kopia-1-768x346.jpg 768w, https:\/\/mefuxe.pl\/wp-content\/uploads\/2023\/09\/20230901_230338-\u2014-kopia-1-1536x692.jpg 1536w, https:\/\/mefuxe.pl\/wp-content\/uploads\/2023\/09\/20230901_230338-\u2014-kopia-1-2048x923.jpg 2048w\" sizes=\"(max-width: 1024px) 100vw, 1024px\" \/><\/a><\/figure>\n\n\n\n<figure class=\"wp-block-image size-full\"><a href=\"https:\/\/mefuxe.pl\/wp-content\/uploads\/2023\/09\/20230903_102027-scaled.jpg\"><img loading=\"lazy\" decoding=\"async\" width=\"2560\" height=\"1152\" data-id=\"1826\" src=\"https:\/\/mefuxe.pl\/wp-content\/uploads\/2023\/09\/20230903_102027-scaled.jpg\" alt=\"\" class=\"wp-image-1826\" srcset=\"https:\/\/mefuxe.pl\/wp-content\/uploads\/2023\/09\/20230903_102027-scaled.jpg 2560w, https:\/\/mefuxe.pl\/wp-content\/uploads\/2023\/09\/20230903_102027-300x135.jpg 300w, https:\/\/mefuxe.pl\/wp-content\/uploads\/2023\/09\/20230903_102027-1024x461.jpg 1024w, https:\/\/mefuxe.pl\/wp-content\/uploads\/2023\/09\/20230903_102027-768x346.jpg 768w, https:\/\/mefuxe.pl\/wp-content\/uploads\/2023\/09\/20230903_102027-1536x691.jpg 1536w, https:\/\/mefuxe.pl\/wp-content\/uploads\/2023\/09\/20230903_102027-2048x922.jpg 2048w\" sizes=\"(max-width: 2560px) 100vw, 2560px\" \/><\/a><\/figure>\n\n\n\n<figure class=\"wp-block-image size-full\"><a href=\"https:\/\/mefuxe.pl\/wp-content\/uploads\/2023\/09\/IMG-20230903-WA0014-\u2014-kopia.jpg\"><img loading=\"lazy\" decoding=\"async\" width=\"768\" height=\"1024\" data-id=\"1806\" src=\"https:\/\/mefuxe.pl\/wp-content\/uploads\/2023\/09\/IMG-20230903-WA0014-\u2014-kopia.jpg\" alt=\"\" class=\"wp-image-1806\" srcset=\"https:\/\/mefuxe.pl\/wp-content\/uploads\/2023\/09\/IMG-20230903-WA0014-\u2014-kopia.jpg 768w, https:\/\/mefuxe.pl\/wp-content\/uploads\/2023\/09\/IMG-20230903-WA0014-\u2014-kopia-225x300.jpg 225w\" sizes=\"(max-width: 768px) 100vw, 768px\" \/><\/a><\/figure>\n<\/figure>\n\n\n\n<p><\/p>\n","protected":false},"excerpt":{"rendered":"<p>W okresie wakacyjnym 2023, dosz\u0142o do kilku niezwyk\u0142ych spotka\u0144. W \u015blad za swoim bratem, Zbyszkiem Kasprzykiem, do Polski przylecia\u0142a Danka Kasprzyk z m\u0119\u017cem Danielem Montano. W ramach spotka\u0144 warszawskich, w kt\u00f3rych mia\u0142em okazj\u0119 pozna\u0107 tak\u017ce Lucind\u0119 Misiewicz (Zimbabwe) oraz Gosi\u0119 &hellip; <a href=\"https:\/\/mefuxe.pl\/?page_id=1783\">Czytaj dalej <span class=\"meta-nav\">&rarr;<\/span><\/a><\/p>\n","protected":false},"author":2,"featured_media":0,"parent":0,"menu_order":0,"comment_status":"closed","ping_status":"closed","template":"","meta":{"footnotes":""},"class_list":["post-1783","page","type-page","status-publish","hentry"],"_links":{"self":[{"href":"https:\/\/mefuxe.pl\/index.php?rest_route=\/wp\/v2\/pages\/1783","targetHints":{"allow":["GET"]}}],"collection":[{"href":"https:\/\/mefuxe.pl\/index.php?rest_route=\/wp\/v2\/pages"}],"about":[{"href":"https:\/\/mefuxe.pl\/index.php?rest_route=\/wp\/v2\/types\/page"}],"author":[{"embeddable":true,"href":"https:\/\/mefuxe.pl\/index.php?rest_route=\/wp\/v2\/users\/2"}],"replies":[{"embeddable":true,"href":"https:\/\/mefuxe.pl\/index.php?rest_route=%2Fwp%2Fv2%2Fcomments&post=1783"}],"version-history":[{"count":33,"href":"https:\/\/mefuxe.pl\/index.php?rest_route=\/wp\/v2\/pages\/1783\/revisions"}],"predecessor-version":[{"id":2199,"href":"https:\/\/mefuxe.pl\/index.php?rest_route=\/wp\/v2\/pages\/1783\/revisions\/2199"}],"wp:attachment":[{"href":"https:\/\/mefuxe.pl\/index.php?rest_route=%2Fwp%2Fv2%2Fmedia&parent=1783"}],"curies":[{"name":"wp","href":"https:\/\/api.w.org\/{rel}","templated":true}]}}