{"id":1663,"date":"2022-09-18T00:49:32","date_gmt":"2022-09-17T22:49:32","guid":{"rendered":"http:\/\/mefuxe.pl\/?page_id=1663"},"modified":"2024-10-18T23:20:42","modified_gmt":"2024-10-18T21:20:42","slug":"mezibifromrhodesia","status":"publish","type":"page","link":"https:\/\/mefuxe.pl\/?page_id=1663","title":{"rendered":"meZibifromRhodesia"},"content":{"rendered":"\n<p>Wrzesie\u0144 2022 by\u0142 \u015bwiadkiem kolejnego spotkania z \u017cyj\u0105cymi, na tym \u0142ez padole, potomkami dla kt\u00f3rych powsta\u0142a ta strona.<\/p>\n\n\n\n<p>Do Europy przybyli, prosto z USA, Kareen i Zbigniew Kasprzyk. Ich poprzednia wizyta na ziemiach przodk\u00f3w(dot. Zibi ale Norwegia le\u017cy tu\u017c tu\u017c) mia\u0142a miejsce w roku 1984, na szcz\u0119\u015bcie Orwell tworzy\u0142 troch\u0119 wcze\u015bniej \ud83d\ude09<\/p>\n\n\n\n<p>Zbyszek i m\u00f3j Ojciec to kuzyni w drugim pokoleniu a \u0142\u0105cznikiem jest m\u00f3j Pradziadek <a href=\"https:\/\/mefuxe.pl\/?page_id=139\" data-type=\"page\" data-id=\"139\">Rudolf Fuchs<\/a> i Jego siostra <a href=\"https:\/\/mefuxe.pl\/?page_id=927\" data-type=\"page\" data-id=\"927\">Maria Kasprzyk<\/a> de domo Fuchs.<\/p>\n\n\n\n<p>W ramach integracji zosta\u0142o odwiedzonych kilka miejsc, nie tylko w okolicach Warszawy (\u017belazowa Wola) ale tak\u017ce w samej Stolicy (m.in. Wilan\u00f3w, \u0141azienki Kr\u00f3lewskie, Krakowskie Przedmie\u015bcie, Wis\u0142a oraz objazd miasta). Zwie\u0144czeniem dzie\u0142a by\u0142a degustacja m.in. tatara w Starym Domu.  Dla jednych potrawa znana od ma\u0142ego a dla &#8220;Turyst\u00f3w z drugiego obszaru p\u0142atniczego&#8221; nowo\u015b\u0107 o kt\u00f3rej rodzice wspominali z rozrzewnieniem \ud83d\ude42<\/p>\n\n\n\n<figure class=\"wp-block-gallery has-nested-images columns-default is-cropped wp-block-gallery-1 is-layout-flex wp-block-gallery-is-layout-flex\">\n<figure class=\"wp-block-image size-large\"><img fetchpriority=\"high\" decoding=\"async\" width=\"1024\" height=\"462\" data-id=\"1671\" src=\"https:\/\/mefuxe.pl\/wp-content\/uploads\/2022\/09\/20220915_192853-1024x462.jpg\" alt=\"\" class=\"wp-image-1671\" srcset=\"https:\/\/mefuxe.pl\/wp-content\/uploads\/2022\/09\/20220915_192853-1024x462.jpg 1024w, https:\/\/mefuxe.pl\/wp-content\/uploads\/2022\/09\/20220915_192853-300x135.jpg 300w, https:\/\/mefuxe.pl\/wp-content\/uploads\/2022\/09\/20220915_192853-768x346.jpg 768w, https:\/\/mefuxe.pl\/wp-content\/uploads\/2022\/09\/20220915_192853-1536x692.jpg 1536w, https:\/\/mefuxe.pl\/wp-content\/uploads\/2022\/09\/20220915_192853-2048x923.jpg 2048w\" sizes=\"(max-width: 1024px) 100vw, 1024px\" \/><\/figure>\n\n\n\n<figure class=\"wp-block-image size-large\"><img decoding=\"async\" width=\"1024\" height=\"768\" data-id=\"1668\" src=\"https:\/\/mefuxe.pl\/wp-content\/uploads\/2022\/09\/20220912_112842-1024x768.jpg\" alt=\"\" class=\"wp-image-1668\" srcset=\"https:\/\/mefuxe.pl\/wp-content\/uploads\/2022\/09\/20220912_112842-1024x768.jpg 1024w, https:\/\/mefuxe.pl\/wp-content\/uploads\/2022\/09\/20220912_112842-300x225.jpg 300w, https:\/\/mefuxe.pl\/wp-content\/uploads\/2022\/09\/20220912_112842-768x576.jpg 768w, https:\/\/mefuxe.pl\/wp-content\/uploads\/2022\/09\/20220912_112842-1536x1152.jpg 1536w, https:\/\/mefuxe.pl\/wp-content\/uploads\/2022\/09\/20220912_112842-2048x1536.jpg 2048w\" sizes=\"(max-width: 1024px) 100vw, 1024px\" \/><\/figure>\n\n\n\n<figure class=\"wp-block-image size-large\"><img decoding=\"async\" width=\"1024\" height=\"462\" data-id=\"1677\" src=\"https:\/\/mefuxe.pl\/wp-content\/uploads\/2022\/09\/20220915_192857-1-1024x462.jpg\" alt=\"\" class=\"wp-image-1677\" srcset=\"https:\/\/mefuxe.pl\/wp-content\/uploads\/2022\/09\/20220915_192857-1-1024x462.jpg 1024w, https:\/\/mefuxe.pl\/wp-content\/uploads\/2022\/09\/20220915_192857-1-300x135.jpg 300w, https:\/\/mefuxe.pl\/wp-content\/uploads\/2022\/09\/20220915_192857-1-768x346.jpg 768w, https:\/\/mefuxe.pl\/wp-content\/uploads\/2022\/09\/20220915_192857-1-1536x692.jpg 1536w, https:\/\/mefuxe.pl\/wp-content\/uploads\/2022\/09\/20220915_192857-1-2048x923.jpg 2048w\" sizes=\"(max-width: 1024px) 100vw, 1024px\" \/><\/figure>\n\n\n\n<figure class=\"wp-block-image size-large\"><img loading=\"lazy\" decoding=\"async\" width=\"1024\" height=\"461\" data-id=\"1676\" src=\"https:\/\/mefuxe.pl\/wp-content\/uploads\/2022\/09\/20220915_194218-1-1024x461.jpg\" alt=\"\" class=\"wp-image-1676\" srcset=\"https:\/\/mefuxe.pl\/wp-content\/uploads\/2022\/09\/20220915_194218-1-1024x461.jpg 1024w, https:\/\/mefuxe.pl\/wp-content\/uploads\/2022\/09\/20220915_194218-1-300x135.jpg 300w, https:\/\/mefuxe.pl\/wp-content\/uploads\/2022\/09\/20220915_194218-1-768x346.jpg 768w, https:\/\/mefuxe.pl\/wp-content\/uploads\/2022\/09\/20220915_194218-1-1536x691.jpg 1536w, https:\/\/mefuxe.pl\/wp-content\/uploads\/2022\/09\/20220915_194218-1-2048x922.jpg 2048w\" sizes=\"(max-width: 1024px) 100vw, 1024px\" \/><\/figure>\n\n\n\n<figure class=\"wp-block-image size-large\"><img loading=\"lazy\" decoding=\"async\" width=\"1024\" height=\"461\" data-id=\"1667\" src=\"https:\/\/mefuxe.pl\/wp-content\/uploads\/2022\/09\/20220915_194548-1024x461.jpg\" alt=\"\" class=\"wp-image-1667\" srcset=\"https:\/\/mefuxe.pl\/wp-content\/uploads\/2022\/09\/20220915_194548-1024x461.jpg 1024w, https:\/\/mefuxe.pl\/wp-content\/uploads\/2022\/09\/20220915_194548-300x135.jpg 300w, https:\/\/mefuxe.pl\/wp-content\/uploads\/2022\/09\/20220915_194548-768x346.jpg 768w, https:\/\/mefuxe.pl\/wp-content\/uploads\/2022\/09\/20220915_194548-1536x691.jpg 1536w, https:\/\/mefuxe.pl\/wp-content\/uploads\/2022\/09\/20220915_194548-2048x922.jpg 2048w\" sizes=\"(max-width: 1024px) 100vw, 1024px\" \/><\/figure>\n\n\n\n<figure class=\"wp-block-image size-large\"><img loading=\"lazy\" decoding=\"async\" width=\"1024\" height=\"768\" data-id=\"1673\" src=\"https:\/\/mefuxe.pl\/wp-content\/uploads\/2022\/09\/IMG-20220915-WA0008.jpg\" alt=\"\" class=\"wp-image-1673\" srcset=\"https:\/\/mefuxe.pl\/wp-content\/uploads\/2022\/09\/IMG-20220915-WA0008.jpg 1024w, https:\/\/mefuxe.pl\/wp-content\/uploads\/2022\/09\/IMG-20220915-WA0008-300x225.jpg 300w, https:\/\/mefuxe.pl\/wp-content\/uploads\/2022\/09\/IMG-20220915-WA0008-768x576.jpg 768w\" sizes=\"(max-width: 1024px) 100vw, 1024px\" \/><\/figure>\n\n\n\n<figure class=\"wp-block-image size-large\"><img loading=\"lazy\" decoding=\"async\" width=\"1024\" height=\"461\" data-id=\"1675\" src=\"https:\/\/mefuxe.pl\/wp-content\/uploads\/2022\/09\/20220915_194602-1024x461.jpg\" alt=\"\" class=\"wp-image-1675\" srcset=\"https:\/\/mefuxe.pl\/wp-content\/uploads\/2022\/09\/20220915_194602-1024x461.jpg 1024w, https:\/\/mefuxe.pl\/wp-content\/uploads\/2022\/09\/20220915_194602-300x135.jpg 300w, https:\/\/mefuxe.pl\/wp-content\/uploads\/2022\/09\/20220915_194602-768x346.jpg 768w, https:\/\/mefuxe.pl\/wp-content\/uploads\/2022\/09\/20220915_194602-1536x691.jpg 1536w, https:\/\/mefuxe.pl\/wp-content\/uploads\/2022\/09\/20220915_194602-2048x922.jpg 2048w\" sizes=\"(max-width: 1024px) 100vw, 1024px\" \/><\/figure>\n\n\n\n<figure class=\"wp-block-image size-large\"><img loading=\"lazy\" decoding=\"async\" width=\"1024\" height=\"768\" data-id=\"1674\" src=\"https:\/\/mefuxe.pl\/wp-content\/uploads\/2022\/09\/IMG-20220915-WA0005.jpg\" alt=\"\" class=\"wp-image-1674\" srcset=\"https:\/\/mefuxe.pl\/wp-content\/uploads\/2022\/09\/IMG-20220915-WA0005.jpg 1024w, https:\/\/mefuxe.pl\/wp-content\/uploads\/2022\/09\/IMG-20220915-WA0005-300x225.jpg 300w, https:\/\/mefuxe.pl\/wp-content\/uploads\/2022\/09\/IMG-20220915-WA0005-768x576.jpg 768w\" sizes=\"(max-width: 1024px) 100vw, 1024px\" \/><\/figure>\n\n\n\n<figure class=\"wp-block-image size-large\"><img loading=\"lazy\" decoding=\"async\" width=\"768\" height=\"1024\" data-id=\"1672\" src=\"https:\/\/mefuxe.pl\/wp-content\/uploads\/2022\/09\/IMG-20220915-WA0004.jpg\" alt=\"\" class=\"wp-image-1672\" srcset=\"https:\/\/mefuxe.pl\/wp-content\/uploads\/2022\/09\/IMG-20220915-WA0004.jpg 768w, https:\/\/mefuxe.pl\/wp-content\/uploads\/2022\/09\/IMG-20220915-WA0004-225x300.jpg 225w\" sizes=\"(max-width: 768px) 100vw, 768px\" \/><\/figure>\n\n\n\n<figure class=\"wp-block-image size-large\"><img loading=\"lazy\" decoding=\"async\" width=\"1024\" height=\"682\" data-id=\"1697\" src=\"https:\/\/mefuxe.pl\/wp-content\/uploads\/2022\/09\/DSC_7569-1024x682.jpeg\" alt=\"\" class=\"wp-image-1697\" srcset=\"https:\/\/mefuxe.pl\/wp-content\/uploads\/2022\/09\/DSC_7569-1024x682.jpeg 1024w, https:\/\/mefuxe.pl\/wp-content\/uploads\/2022\/09\/DSC_7569-300x200.jpeg 300w, https:\/\/mefuxe.pl\/wp-content\/uploads\/2022\/09\/DSC_7569-768x512.jpeg 768w, https:\/\/mefuxe.pl\/wp-content\/uploads\/2022\/09\/DSC_7569.jpeg 1280w\" sizes=\"(max-width: 1024px) 100vw, 1024px\" \/><\/figure>\n<\/figure>\n","protected":false},"excerpt":{"rendered":"<p>Wrzesie\u0144 2022 by\u0142 \u015bwiadkiem kolejnego spotkania z \u017cyj\u0105cymi, na tym \u0142ez padole, potomkami dla kt\u00f3rych powsta\u0142a ta strona. Do Europy przybyli, prosto z USA, Kareen i Zbigniew Kasprzyk. Ich poprzednia wizyta na ziemiach przodk\u00f3w(dot. Zibi ale Norwegia le\u017cy tu\u017c tu\u017c) &hellip; <a href=\"https:\/\/mefuxe.pl\/?page_id=1663\">Czytaj dalej <span class=\"meta-nav\">&rarr;<\/span><\/a><\/p>\n","protected":false},"author":1,"featured_media":0,"parent":0,"menu_order":0,"comment_status":"closed","ping_status":"closed","template":"","meta":{"footnotes":""},"class_list":["post-1663","page","type-page","status-publish","hentry"],"_links":{"self":[{"href":"https:\/\/mefuxe.pl\/index.php?rest_route=\/wp\/v2\/pages\/1663","targetHints":{"allow":["GET"]}}],"collection":[{"href":"https:\/\/mefuxe.pl\/index.php?rest_route=\/wp\/v2\/pages"}],"about":[{"href":"https:\/\/mefuxe.pl\/index.php?rest_route=\/wp\/v2\/types\/page"}],"author":[{"embeddable":true,"href":"https:\/\/mefuxe.pl\/index.php?rest_route=\/wp\/v2\/users\/1"}],"replies":[{"embeddable":true,"href":"https:\/\/mefuxe.pl\/index.php?rest_route=%2Fwp%2Fv2%2Fcomments&post=1663"}],"version-history":[{"count":8,"href":"https:\/\/mefuxe.pl\/index.php?rest_route=\/wp\/v2\/pages\/1663\/revisions"}],"predecessor-version":[{"id":2028,"href":"https:\/\/mefuxe.pl\/index.php?rest_route=\/wp\/v2\/pages\/1663\/revisions\/2028"}],"wp:attachment":[{"href":"https:\/\/mefuxe.pl\/index.php?rest_route=%2Fwp%2Fv2%2Fmedia&parent=1663"}],"curies":[{"name":"wp","href":"https:\/\/api.w.org\/{rel}","templated":true}]}}