{"id":1655,"date":"2022-09-18T00:29:25","date_gmt":"2022-09-17T22:29:25","guid":{"rendered":"http:\/\/mefuxe.pl\/?page_id=1655"},"modified":"2022-09-18T00:29:25","modified_gmt":"2022-09-17T22:29:25","slug":"mepodhalenowytarg","status":"publish","type":"page","link":"https:\/\/mefuxe.pl\/?page_id=1655","title":{"rendered":"mePodhaleNowyTarg"},"content":{"rendered":"\n<p>Cz\u0119\u015b\u0107 Projektu meFuxe po\u015bwi\u0119cona klubowi sportowemu dla kt\u00f3rego powiedzenie: &#8221; Od ko\u0142yski a\u017c po gr\u00f3b&#8221; to nie tylko przesz\u0142o\u015b\u0107, referuj\u0105ca do moich przodk\u00f3w,  ale tak\u017ce jedyna zdefiniowana przysz\u0142o\u015b\u0107 dla obecnych.<\/p>\n\n\n\n<p>W zak\u0142adkach b\u0119d\u0105 pojawia\u0107 si\u0119 informacj\u0119 \u0142\u0105cz\u0105ce projekt meFuxe z Klubem kt\u00f3ry,  mimo obecnych problem\u00f3w, dalej jest najbardziej utytu\u0142owanym klubem hokejowym w Polsce.<\/p>\n\n\n\n<p><\/p>\n","protected":false},"excerpt":{"rendered":"<p>Cz\u0119\u015b\u0107 Projektu meFuxe po\u015bwi\u0119cona klubowi sportowemu dla kt\u00f3rego powiedzenie: &#8221; Od ko\u0142yski a\u017c po gr\u00f3b&#8221; to nie tylko przesz\u0142o\u015b\u0107, referuj\u0105ca do moich przodk\u00f3w, ale tak\u017ce jedyna zdefiniowana przysz\u0142o\u015b\u0107 dla obecnych. W zak\u0142adkach b\u0119d\u0105 pojawia\u0107 si\u0119 informacj\u0119 \u0142\u0105cz\u0105ce projekt meFuxe z &hellip; <a href=\"https:\/\/mefuxe.pl\/?page_id=1655\">Czytaj dalej <span class=\"meta-nav\">&rarr;<\/span><\/a><\/p>\n","protected":false},"author":1,"featured_media":0,"parent":0,"menu_order":0,"comment_status":"closed","ping_status":"closed","template":"","meta":{"footnotes":""},"class_list":["post-1655","page","type-page","status-publish","hentry"],"_links":{"self":[{"href":"https:\/\/mefuxe.pl\/index.php?rest_route=\/wp\/v2\/pages\/1655","targetHints":{"allow":["GET"]}}],"collection":[{"href":"https:\/\/mefuxe.pl\/index.php?rest_route=\/wp\/v2\/pages"}],"about":[{"href":"https:\/\/mefuxe.pl\/index.php?rest_route=\/wp\/v2\/types\/page"}],"author":[{"embeddable":true,"href":"https:\/\/mefuxe.pl\/index.php?rest_route=\/wp\/v2\/users\/1"}],"replies":[{"embeddable":true,"href":"https:\/\/mefuxe.pl\/index.php?rest_route=%2Fwp%2Fv2%2Fcomments&post=1655"}],"version-history":[{"count":1,"href":"https:\/\/mefuxe.pl\/index.php?rest_route=\/wp\/v2\/pages\/1655\/revisions"}],"predecessor-version":[{"id":1656,"href":"https:\/\/mefuxe.pl\/index.php?rest_route=\/wp\/v2\/pages\/1655\/revisions\/1656"}],"wp:attachment":[{"href":"https:\/\/mefuxe.pl\/index.php?rest_route=%2Fwp%2Fv2%2Fmedia&parent=1655"}],"curies":[{"name":"wp","href":"https:\/\/api.w.org\/{rel}","templated":true}]}}