{"id":1476,"date":"2021-05-03T22:07:53","date_gmt":"2021-05-03T20:07:53","guid":{"rendered":"http:\/\/mefuxe.pl\/?page_id=1476"},"modified":"2022-07-25T14:05:46","modified_gmt":"2022-07-25T12:05:46","slug":"memysterybox","status":"publish","type":"page","link":"https:\/\/mefuxe.pl\/?page_id=1476","title":{"rendered":"meMysteryBox"},"content":{"rendered":"\n<p><a rel=\"noreferrer noopener\" href=\"https:\/\/pl.wikipedia.org\/wiki\/Nowy_Targ\" target=\"_blank\">Nowy Targ<\/a> to hokej. Kiedy\u015b dominowa\u0142 w Mie\u015bcie. Teraz prze\u017cywa trudniejszy okres ale hokej (i ludzie z nim zwi\u0105zani) to nie tylko rywalizacja sportowa ale te\u017c g\u00f3rlaski charakter i ch\u0119\u0107 wspierania tych, kt\u00f3rzy maj\u0105 w \u017cyciu  pod g\u00f3rk\u0119.<\/p>\n\n\n\n<p>Jedn\u0105 z takich akcji charytatywnych jest cykliczna impreza organizowana przez Ch\u0142opak\u00f3w z <a rel=\"noreferrer noopener\" href=\"https:\/\/www.facebook.com\/winterclassic.nowytarg\/\" target=\"_blank\">Winter Classic<\/a>.  Oficjalna strona <a rel=\"noreferrer noopener\" href=\"http:\/\/www.nowytarg.winterclassic.pl\" target=\"_blank\"> www.nowytarg.winterclassic.pl<\/a>.<\/p>\n\n\n\n<p>W ramach Edycji 2021, w kt\u00f3rej wzi\u0105\u0142em udzia\u0142, do wylicytowania by\u0142 m.in. z\u0142oty medal zdobyty przez <a rel=\"noreferrer noopener\" href=\"https:\/\/pl.wikipedia.org\/wiki\/Podhale_Nowy_Targ\" target=\"_blank\">KS Podhale  Nowy Targ<\/a> w sezonie 2009\/2010. Ostatni z\u0142oty medal.<\/p>\n\n\n\n<p>Darczy\u0144c\u0105 medalu by\u0142 zawodnik <a rel=\"noreferrer noopener\" href=\"https:\/\/pl.wikipedia.org\/wiki\/Podhale_Nowy_Targ\" target=\"_blank\">KS Podhale Nowy Targ<\/a>, <a rel=\"noreferrer noopener\" href=\"https:\/\/pl.wikipedia.org\/wiki\/Dariusz_Gruszka\" target=\"_blank\">Dariusz Gruszka<\/a>.  Dzi\u0119kuj\u0119!<\/p>\n\n\n\n<p>Z jednej strony rewelacyjna pami\u0105tka na lata, z drugiej strony prawdopodobnie medal trafi jeszcze na aukcj\u0119 charytatywn\u0105 w przysz\u0142o\u015bci. Czas poka\u017ce.<\/p>\n\n\n\n<figure class=\"wp-block-gallery has-nested-images columns-default is-cropped wp-block-gallery-1 is-layout-flex wp-block-gallery-is-layout-flex\">\n<figure class=\"wp-block-image size-full\"><a href=\"https:\/\/mefuxe.pl\/wp-content\/uploads\/2021\/05\/2021-05-03-20-22-43-0037.png\"><img fetchpriority=\"high\" decoding=\"async\" width=\"1198\" height=\"800\" data-id=\"1477\" src=\"https:\/\/mefuxe.pl\/wp-content\/uploads\/2021\/05\/2021-05-03-20-22-43-0037.png\" alt=\"\" class=\"wp-image-1477\" srcset=\"https:\/\/mefuxe.pl\/wp-content\/uploads\/2021\/05\/2021-05-03-20-22-43-0037.png 1198w, https:\/\/mefuxe.pl\/wp-content\/uploads\/2021\/05\/2021-05-03-20-22-43-0037-300x200.png 300w, https:\/\/mefuxe.pl\/wp-content\/uploads\/2021\/05\/2021-05-03-20-22-43-0037-1024x684.png 1024w, https:\/\/mefuxe.pl\/wp-content\/uploads\/2021\/05\/2021-05-03-20-22-43-0037-768x513.png 768w\" sizes=\"(max-width: 1198px) 100vw, 1198px\" \/><\/a><figcaption>Winter Classic \/ Dariusz Gruszka<\/figcaption><\/figure>\n\n\n\n<figure class=\"wp-block-image size-full\"><a href=\"https:\/\/mefuxe.pl\/wp-content\/uploads\/2021\/05\/2021-05-03-21-18-21-0039.png\"><img decoding=\"async\" width=\"1198\" height=\"800\" data-id=\"1478\" src=\"https:\/\/mefuxe.pl\/wp-content\/uploads\/2021\/05\/2021-05-03-21-18-21-0039.png\" alt=\"\" class=\"wp-image-1478\" srcset=\"https:\/\/mefuxe.pl\/wp-content\/uploads\/2021\/05\/2021-05-03-21-18-21-0039.png 1198w, https:\/\/mefuxe.pl\/wp-content\/uploads\/2021\/05\/2021-05-03-21-18-21-0039-300x200.png 300w, https:\/\/mefuxe.pl\/wp-content\/uploads\/2021\/05\/2021-05-03-21-18-21-0039-1024x684.png 1024w, https:\/\/mefuxe.pl\/wp-content\/uploads\/2021\/05\/2021-05-03-21-18-21-0039-768x513.png 768w\" sizes=\"(max-width: 1198px) 100vw, 1198px\" \/><\/a><figcaption><em>Winter Classic \/ Dariusz Gruszka<\/em><\/figcaption><\/figure>\n\n\n\n<figure class=\"wp-block-image size-full\"><a href=\"https:\/\/mefuxe.pl\/wp-content\/uploads\/2021\/05\/2021-05-03-21-20-14-0041.png\"><img decoding=\"async\" width=\"1198\" height=\"800\" data-id=\"1479\" src=\"https:\/\/mefuxe.pl\/wp-content\/uploads\/2021\/05\/2021-05-03-21-20-14-0041.png\" alt=\"\" class=\"wp-image-1479\" srcset=\"https:\/\/mefuxe.pl\/wp-content\/uploads\/2021\/05\/2021-05-03-21-20-14-0041.png 1198w, https:\/\/mefuxe.pl\/wp-content\/uploads\/2021\/05\/2021-05-03-21-20-14-0041-300x200.png 300w, https:\/\/mefuxe.pl\/wp-content\/uploads\/2021\/05\/2021-05-03-21-20-14-0041-1024x684.png 1024w, https:\/\/mefuxe.pl\/wp-content\/uploads\/2021\/05\/2021-05-03-21-20-14-0041-768x513.png 768w\" sizes=\"(max-width: 1198px) 100vw, 1198px\" \/><\/a><figcaption><em>Winter Classic \/ Dariusz Gruszka<\/em><\/figcaption><\/figure>\n\n\n\n<figure class=\"wp-block-image size-full\"><a href=\"https:\/\/mefuxe.pl\/wp-content\/uploads\/2021\/05\/2021-05-03-21-20-31-0043.png\"><img loading=\"lazy\" decoding=\"async\" width=\"1198\" height=\"800\" data-id=\"1480\" src=\"https:\/\/mefuxe.pl\/wp-content\/uploads\/2021\/05\/2021-05-03-21-20-31-0043.png\" alt=\"\" class=\"wp-image-1480\" srcset=\"https:\/\/mefuxe.pl\/wp-content\/uploads\/2021\/05\/2021-05-03-21-20-31-0043.png 1198w, https:\/\/mefuxe.pl\/wp-content\/uploads\/2021\/05\/2021-05-03-21-20-31-0043-300x200.png 300w, https:\/\/mefuxe.pl\/wp-content\/uploads\/2021\/05\/2021-05-03-21-20-31-0043-1024x684.png 1024w, https:\/\/mefuxe.pl\/wp-content\/uploads\/2021\/05\/2021-05-03-21-20-31-0043-768x513.png 768w\" sizes=\"(max-width: 1198px) 100vw, 1198px\" \/><\/a><figcaption><em>Winter Classic \/ Dariusz Gruszka<\/em><\/figcaption><\/figure>\n\n\n\n<figure class=\"wp-block-image size-full\"><a href=\"https:\/\/mefuxe.pl\/wp-content\/uploads\/2021\/05\/2021-05-03-21-20-45-0045.png\"><img loading=\"lazy\" decoding=\"async\" width=\"1198\" height=\"800\" data-id=\"1481\" src=\"https:\/\/mefuxe.pl\/wp-content\/uploads\/2021\/05\/2021-05-03-21-20-45-0045.png\" alt=\"\" class=\"wp-image-1481\" srcset=\"https:\/\/mefuxe.pl\/wp-content\/uploads\/2021\/05\/2021-05-03-21-20-45-0045.png 1198w, https:\/\/mefuxe.pl\/wp-content\/uploads\/2021\/05\/2021-05-03-21-20-45-0045-300x200.png 300w, https:\/\/mefuxe.pl\/wp-content\/uploads\/2021\/05\/2021-05-03-21-20-45-0045-1024x684.png 1024w, https:\/\/mefuxe.pl\/wp-content\/uploads\/2021\/05\/2021-05-03-21-20-45-0045-768x513.png 768w\" sizes=\"(max-width: 1198px) 100vw, 1198px\" \/><\/a><figcaption><em>Winter Classic \/ Dariusz Gruszka<\/em><\/figcaption><\/figure>\n\n\n\n<figure class=\"wp-block-image size-full\"><a href=\"https:\/\/mefuxe.pl\/wp-content\/uploads\/2021\/05\/2021-05-03-21-21-09-0050.png\"><img loading=\"lazy\" decoding=\"async\" width=\"1198\" height=\"800\" data-id=\"1482\" src=\"https:\/\/mefuxe.pl\/wp-content\/uploads\/2021\/05\/2021-05-03-21-21-09-0050.png\" alt=\"\" class=\"wp-image-1482\" srcset=\"https:\/\/mefuxe.pl\/wp-content\/uploads\/2021\/05\/2021-05-03-21-21-09-0050.png 1198w, https:\/\/mefuxe.pl\/wp-content\/uploads\/2021\/05\/2021-05-03-21-21-09-0050-300x200.png 300w, https:\/\/mefuxe.pl\/wp-content\/uploads\/2021\/05\/2021-05-03-21-21-09-0050-1024x684.png 1024w, https:\/\/mefuxe.pl\/wp-content\/uploads\/2021\/05\/2021-05-03-21-21-09-0050-768x513.png 768w\" sizes=\"(max-width: 1198px) 100vw, 1198px\" \/><\/a><figcaption><em>Winter Classic \/ Dariusz Gruszka<\/em><\/figcaption><\/figure>\n\n\n\n<figure class=\"wp-block-image size-full\"><a href=\"https:\/\/mefuxe.pl\/wp-content\/uploads\/2021\/05\/2021-05-03-21-21-39-0053.png\"><img loading=\"lazy\" decoding=\"async\" width=\"1198\" height=\"800\" data-id=\"1483\" src=\"https:\/\/mefuxe.pl\/wp-content\/uploads\/2021\/05\/2021-05-03-21-21-39-0053.png\" alt=\"\" class=\"wp-image-1483\" srcset=\"https:\/\/mefuxe.pl\/wp-content\/uploads\/2021\/05\/2021-05-03-21-21-39-0053.png 1198w, https:\/\/mefuxe.pl\/wp-content\/uploads\/2021\/05\/2021-05-03-21-21-39-0053-300x200.png 300w, https:\/\/mefuxe.pl\/wp-content\/uploads\/2021\/05\/2021-05-03-21-21-39-0053-1024x684.png 1024w, https:\/\/mefuxe.pl\/wp-content\/uploads\/2021\/05\/2021-05-03-21-21-39-0053-768x513.png 768w\" sizes=\"(max-width: 1198px) 100vw, 1198px\" \/><\/a><figcaption><em>Winter Classic \/ Dariusz Gruszka<\/em><\/figcaption><\/figure>\n\n\n\n<figure class=\"wp-block-image size-full\"><a href=\"https:\/\/mefuxe.pl\/wp-content\/uploads\/2021\/05\/2021-05-03-21-23-17-0056.png\"><img loading=\"lazy\" decoding=\"async\" width=\"1198\" height=\"800\" data-id=\"1484\" src=\"https:\/\/mefuxe.pl\/wp-content\/uploads\/2021\/05\/2021-05-03-21-23-17-0056.png\" alt=\"\" class=\"wp-image-1484\" srcset=\"https:\/\/mefuxe.pl\/wp-content\/uploads\/2021\/05\/2021-05-03-21-23-17-0056.png 1198w, https:\/\/mefuxe.pl\/wp-content\/uploads\/2021\/05\/2021-05-03-21-23-17-0056-300x200.png 300w, https:\/\/mefuxe.pl\/wp-content\/uploads\/2021\/05\/2021-05-03-21-23-17-0056-1024x684.png 1024w, https:\/\/mefuxe.pl\/wp-content\/uploads\/2021\/05\/2021-05-03-21-23-17-0056-768x513.png 768w\" sizes=\"(max-width: 1198px) 100vw, 1198px\" \/><\/a><figcaption><em>Winter Classic \/ Dariusz Gruszka<\/em><\/figcaption><\/figure>\n<\/figure>\n","protected":false},"excerpt":{"rendered":"<p>Nowy Targ to hokej. Kiedy\u015b dominowa\u0142 w Mie\u015bcie. Teraz prze\u017cywa trudniejszy okres ale hokej (i ludzie z nim zwi\u0105zani) to nie tylko rywalizacja sportowa ale te\u017c g\u00f3rlaski charakter i ch\u0119\u0107 wspierania tych, kt\u00f3rzy maj\u0105 w \u017cyciu pod g\u00f3rk\u0119. Jedn\u0105 z &hellip; <a href=\"https:\/\/mefuxe.pl\/?page_id=1476\">Czytaj dalej <span class=\"meta-nav\">&rarr;<\/span><\/a><\/p>\n","protected":false},"author":2,"featured_media":0,"parent":0,"menu_order":0,"comment_status":"closed","ping_status":"closed","template":"","meta":{"footnotes":""},"class_list":["post-1476","page","type-page","status-publish","hentry"],"_links":{"self":[{"href":"https:\/\/mefuxe.pl\/index.php?rest_route=\/wp\/v2\/pages\/1476","targetHints":{"allow":["GET"]}}],"collection":[{"href":"https:\/\/mefuxe.pl\/index.php?rest_route=\/wp\/v2\/pages"}],"about":[{"href":"https:\/\/mefuxe.pl\/index.php?rest_route=\/wp\/v2\/types\/page"}],"author":[{"embeddable":true,"href":"https:\/\/mefuxe.pl\/index.php?rest_route=\/wp\/v2\/users\/2"}],"replies":[{"embeddable":true,"href":"https:\/\/mefuxe.pl\/index.php?rest_route=%2Fwp%2Fv2%2Fcomments&post=1476"}],"version-history":[{"count":9,"href":"https:\/\/mefuxe.pl\/index.php?rest_route=\/wp\/v2\/pages\/1476\/revisions"}],"predecessor-version":[{"id":1643,"href":"https:\/\/mefuxe.pl\/index.php?rest_route=\/wp\/v2\/pages\/1476\/revisions\/1643"}],"wp:attachment":[{"href":"https:\/\/mefuxe.pl\/index.php?rest_route=%2Fwp%2Fv2%2Fmedia&parent=1476"}],"curies":[{"name":"wp","href":"https:\/\/api.w.org\/{rel}","templated":true}]}}