{"id":1452,"date":"2021-05-03T20:55:13","date_gmt":"2021-05-03T18:55:13","guid":{"rendered":"http:\/\/mefuxe.pl\/?page_id=1452"},"modified":"2021-05-03T21:19:55","modified_gmt":"2021-05-03T19:19:55","slug":"mewladyslawinarmywithbike","status":"publish","type":"page","link":"https:\/\/mefuxe.pl\/?page_id=1452","title":{"rendered":"meInArmywithBike"},"content":{"rendered":"\n<p>W ramach sortowania i porz\u0105dkowania zebranych fotografii, umieszczam kilka z nich dotycz\u0105cych W\u0142adys\u0142awa Freya z okresu wojaczki. Do czasu wybuchu WWII W\u0142ady\u0142aw by\u0142 Oficerem zawodowym a w Kampanii Wrze\u015bniowej schwytany i osadzony w Oflagu II B (Arnswalde).  <\/p>\n\n\n\n<p>Zdj\u0119cia z motocyklem z okolic grudnia 1945r. <\/p>\n\n\n\n<figure class=\"wp-block-gallery columns-3 is-cropped wp-block-gallery-1 is-layout-flex wp-block-gallery-is-layout-flex\"><ul class=\"blocks-gallery-grid\"><li class=\"blocks-gallery-item\"><figure><a href=\"https:\/\/mefuxe.pl\/wp-content\/uploads\/2021\/05\/20210503_wladyslaw_2_tn_1.jpeg\"><img fetchpriority=\"high\" decoding=\"async\" width=\"937\" height=\"1319\" src=\"https:\/\/mefuxe.pl\/wp-content\/uploads\/2021\/05\/20210503_wladyslaw_2_tn_1.jpeg\" alt=\"\" data-id=\"1453\" data-full-url=\"https:\/\/mefuxe.pl\/wp-content\/uploads\/2021\/05\/20210503_wladyslaw_2_tn_1.jpeg\" data-link=\"https:\/\/mefuxe.pl\/?attachment_id=1453\" class=\"wp-image-1453\" srcset=\"https:\/\/mefuxe.pl\/wp-content\/uploads\/2021\/05\/20210503_wladyslaw_2_tn_1.jpeg 937w, https:\/\/mefuxe.pl\/wp-content\/uploads\/2021\/05\/20210503_wladyslaw_2_tn_1-213x300.jpeg 213w, https:\/\/mefuxe.pl\/wp-content\/uploads\/2021\/05\/20210503_wladyslaw_2_tn_1-727x1024.jpeg 727w, https:\/\/mefuxe.pl\/wp-content\/uploads\/2021\/05\/20210503_wladyslaw_2_tn_1-768x1081.jpeg 768w\" sizes=\"(max-width: 937px) 100vw, 937px\" \/><\/a><figcaption class=\"blocks-gallery-item__caption\">W\u0142adys\u0142aw Frey<\/figcaption><\/figure><\/li><li class=\"blocks-gallery-item\"><figure><a href=\"https:\/\/mefuxe.pl\/wp-content\/uploads\/2021\/05\/20210503_wladyslaw_2_tn2.jpeg\"><img decoding=\"async\" width=\"869\" height=\"1230\" src=\"https:\/\/mefuxe.pl\/wp-content\/uploads\/2021\/05\/20210503_wladyslaw_2_tn2.jpeg\" alt=\"\" data-id=\"1454\" data-full-url=\"https:\/\/mefuxe.pl\/wp-content\/uploads\/2021\/05\/20210503_wladyslaw_2_tn2.jpeg\" data-link=\"https:\/\/mefuxe.pl\/?attachment_id=1454\" class=\"wp-image-1454\" srcset=\"https:\/\/mefuxe.pl\/wp-content\/uploads\/2021\/05\/20210503_wladyslaw_2_tn2.jpeg 869w, https:\/\/mefuxe.pl\/wp-content\/uploads\/2021\/05\/20210503_wladyslaw_2_tn2-212x300.jpeg 212w, https:\/\/mefuxe.pl\/wp-content\/uploads\/2021\/05\/20210503_wladyslaw_2_tn2-723x1024.jpeg 723w, https:\/\/mefuxe.pl\/wp-content\/uploads\/2021\/05\/20210503_wladyslaw_2_tn2-768x1087.jpeg 768w\" sizes=\"(max-width: 869px) 100vw, 869px\" \/><\/a><figcaption class=\"blocks-gallery-item__caption\"><em>W\u0142adys\u0142aw Frey<\/em><\/figcaption><\/figure><\/li><li class=\"blocks-gallery-item\"><figure><a href=\"https:\/\/mefuxe.pl\/wp-content\/uploads\/2021\/05\/20210503_wladyslaw_2_tn3.jpeg\"><img decoding=\"async\" width=\"900\" height=\"1264\" src=\"https:\/\/mefuxe.pl\/wp-content\/uploads\/2021\/05\/20210503_wladyslaw_2_tn3.jpeg\" alt=\"\" data-id=\"1455\" data-full-url=\"https:\/\/mefuxe.pl\/wp-content\/uploads\/2021\/05\/20210503_wladyslaw_2_tn3.jpeg\" data-link=\"https:\/\/mefuxe.pl\/?attachment_id=1455\" class=\"wp-image-1455\" srcset=\"https:\/\/mefuxe.pl\/wp-content\/uploads\/2021\/05\/20210503_wladyslaw_2_tn3.jpeg 900w, https:\/\/mefuxe.pl\/wp-content\/uploads\/2021\/05\/20210503_wladyslaw_2_tn3-214x300.jpeg 214w, https:\/\/mefuxe.pl\/wp-content\/uploads\/2021\/05\/20210503_wladyslaw_2_tn3-729x1024.jpeg 729w, https:\/\/mefuxe.pl\/wp-content\/uploads\/2021\/05\/20210503_wladyslaw_2_tn3-768x1079.jpeg 768w\" sizes=\"(max-width: 900px) 100vw, 900px\" \/><\/a><figcaption class=\"blocks-gallery-item__caption\"><em>W\u0142adys\u0142aw Frey<\/em><\/figcaption><\/figure><\/li><li class=\"blocks-gallery-item\"><figure><a href=\"https:\/\/mefuxe.pl\/wp-content\/uploads\/2021\/05\/20210503_wladyslaw_tn5.jpg\"><img loading=\"lazy\" decoding=\"async\" width=\"2198\" height=\"1520\" src=\"https:\/\/mefuxe.pl\/wp-content\/uploads\/2021\/05\/20210503_wladyslaw_tn5.jpg\" alt=\"\" data-id=\"1461\" data-full-url=\"https:\/\/mefuxe.pl\/wp-content\/uploads\/2021\/05\/20210503_wladyslaw_tn5.jpg\" data-link=\"https:\/\/mefuxe.pl\/?attachment_id=1461\" class=\"wp-image-1461\" srcset=\"https:\/\/mefuxe.pl\/wp-content\/uploads\/2021\/05\/20210503_wladyslaw_tn5.jpg 2198w, https:\/\/mefuxe.pl\/wp-content\/uploads\/2021\/05\/20210503_wladyslaw_tn5-300x207.jpg 300w, https:\/\/mefuxe.pl\/wp-content\/uploads\/2021\/05\/20210503_wladyslaw_tn5-1024x708.jpg 1024w, https:\/\/mefuxe.pl\/wp-content\/uploads\/2021\/05\/20210503_wladyslaw_tn5-768x531.jpg 768w, https:\/\/mefuxe.pl\/wp-content\/uploads\/2021\/05\/20210503_wladyslaw_tn5-1536x1062.jpg 1536w, https:\/\/mefuxe.pl\/wp-content\/uploads\/2021\/05\/20210503_wladyslaw_tn5-2048x1416.jpg 2048w\" sizes=\"(max-width: 2198px) 100vw, 2198px\" \/><\/a><figcaption class=\"blocks-gallery-item__caption\"><em>W\u0142adys\u0142aw Frey<\/em><\/figcaption><\/figure><\/li><li class=\"blocks-gallery-item\"><figure><a href=\"https:\/\/mefuxe.pl\/wp-content\/uploads\/2021\/05\/20210503_wladyslaw_tn2.jpg\"><img loading=\"lazy\" decoding=\"async\" width=\"1535\" height=\"2249\" src=\"https:\/\/mefuxe.pl\/wp-content\/uploads\/2021\/05\/20210503_wladyslaw_tn2.jpg\" alt=\"\" data-id=\"1458\" data-full-url=\"https:\/\/mefuxe.pl\/wp-content\/uploads\/2021\/05\/20210503_wladyslaw_tn2.jpg\" data-link=\"https:\/\/mefuxe.pl\/?attachment_id=1458\" class=\"wp-image-1458\" srcset=\"https:\/\/mefuxe.pl\/wp-content\/uploads\/2021\/05\/20210503_wladyslaw_tn2.jpg 1535w, https:\/\/mefuxe.pl\/wp-content\/uploads\/2021\/05\/20210503_wladyslaw_tn2-205x300.jpg 205w, https:\/\/mefuxe.pl\/wp-content\/uploads\/2021\/05\/20210503_wladyslaw_tn2-699x1024.jpg 699w, https:\/\/mefuxe.pl\/wp-content\/uploads\/2021\/05\/20210503_wladyslaw_tn2-768x1125.jpg 768w, https:\/\/mefuxe.pl\/wp-content\/uploads\/2021\/05\/20210503_wladyslaw_tn2-1048x1536.jpg 1048w, https:\/\/mefuxe.pl\/wp-content\/uploads\/2021\/05\/20210503_wladyslaw_tn2-1398x2048.jpg 1398w\" sizes=\"(max-width: 1535px) 100vw, 1535px\" \/><\/a><figcaption class=\"blocks-gallery-item__caption\"><em>W\u0142adys\u0142aw Frey<\/em><\/figcaption><\/figure><\/li><li class=\"blocks-gallery-item\"><figure><a href=\"https:\/\/mefuxe.pl\/wp-content\/uploads\/2021\/05\/20210503_wladyslaw_tn8.jpg\"><img loading=\"lazy\" decoding=\"async\" width=\"1455\" height=\"2205\" src=\"https:\/\/mefuxe.pl\/wp-content\/uploads\/2021\/05\/20210503_wladyslaw_tn8.jpg\" alt=\"\" data-id=\"1464\" data-full-url=\"https:\/\/mefuxe.pl\/wp-content\/uploads\/2021\/05\/20210503_wladyslaw_tn8.jpg\" data-link=\"https:\/\/mefuxe.pl\/?attachment_id=1464\" class=\"wp-image-1464\" srcset=\"https:\/\/mefuxe.pl\/wp-content\/uploads\/2021\/05\/20210503_wladyslaw_tn8.jpg 1455w, https:\/\/mefuxe.pl\/wp-content\/uploads\/2021\/05\/20210503_wladyslaw_tn8-198x300.jpg 198w, https:\/\/mefuxe.pl\/wp-content\/uploads\/2021\/05\/20210503_wladyslaw_tn8-676x1024.jpg 676w, https:\/\/mefuxe.pl\/wp-content\/uploads\/2021\/05\/20210503_wladyslaw_tn8-768x1164.jpg 768w, https:\/\/mefuxe.pl\/wp-content\/uploads\/2021\/05\/20210503_wladyslaw_tn8-1014x1536.jpg 1014w, https:\/\/mefuxe.pl\/wp-content\/uploads\/2021\/05\/20210503_wladyslaw_tn8-1351x2048.jpg 1351w\" sizes=\"(max-width: 1455px) 100vw, 1455px\" \/><\/a><figcaption class=\"blocks-gallery-item__caption\"><em>W\u0142adys\u0142aw Frey<\/em><\/figcaption><\/figure><\/li><li class=\"blocks-gallery-item\"><figure><a href=\"https:\/\/mefuxe.pl\/wp-content\/uploads\/2021\/05\/20210503_wladyslaw_2_tn4.jpeg\"><img loading=\"lazy\" decoding=\"async\" width=\"1502\" height=\"2291\" src=\"https:\/\/mefuxe.pl\/wp-content\/uploads\/2021\/05\/20210503_wladyslaw_2_tn4.jpeg\" alt=\"\" data-id=\"1456\" data-full-url=\"https:\/\/mefuxe.pl\/wp-content\/uploads\/2021\/05\/20210503_wladyslaw_2_tn4.jpeg\" data-link=\"https:\/\/mefuxe.pl\/?attachment_id=1456\" class=\"wp-image-1456\" srcset=\"https:\/\/mefuxe.pl\/wp-content\/uploads\/2021\/05\/20210503_wladyslaw_2_tn4.jpeg 1502w, https:\/\/mefuxe.pl\/wp-content\/uploads\/2021\/05\/20210503_wladyslaw_2_tn4-197x300.jpeg 197w, https:\/\/mefuxe.pl\/wp-content\/uploads\/2021\/05\/20210503_wladyslaw_2_tn4-671x1024.jpeg 671w, https:\/\/mefuxe.pl\/wp-content\/uploads\/2021\/05\/20210503_wladyslaw_2_tn4-768x1171.jpeg 768w, https:\/\/mefuxe.pl\/wp-content\/uploads\/2021\/05\/20210503_wladyslaw_2_tn4-1007x1536.jpeg 1007w, https:\/\/mefuxe.pl\/wp-content\/uploads\/2021\/05\/20210503_wladyslaw_2_tn4-1343x2048.jpeg 1343w\" sizes=\"(max-width: 1502px) 100vw, 1502px\" \/><\/a><figcaption class=\"blocks-gallery-item__caption\"><em>W\u0142adys\u0142aw Frey<\/em><\/figcaption><\/figure><\/li><li class=\"blocks-gallery-item\"><figure><a href=\"https:\/\/mefuxe.pl\/wp-content\/uploads\/2021\/05\/20210503_wladyslaw_tn3.jpg\"><img loading=\"lazy\" decoding=\"async\" width=\"1535\" height=\"2249\" src=\"https:\/\/mefuxe.pl\/wp-content\/uploads\/2021\/05\/20210503_wladyslaw_tn3.jpg\" alt=\"\" data-id=\"1459\" data-full-url=\"https:\/\/mefuxe.pl\/wp-content\/uploads\/2021\/05\/20210503_wladyslaw_tn3.jpg\" data-link=\"https:\/\/mefuxe.pl\/?attachment_id=1459\" class=\"wp-image-1459\" srcset=\"https:\/\/mefuxe.pl\/wp-content\/uploads\/2021\/05\/20210503_wladyslaw_tn3.jpg 1535w, https:\/\/mefuxe.pl\/wp-content\/uploads\/2021\/05\/20210503_wladyslaw_tn3-205x300.jpg 205w, https:\/\/mefuxe.pl\/wp-content\/uploads\/2021\/05\/20210503_wladyslaw_tn3-699x1024.jpg 699w, https:\/\/mefuxe.pl\/wp-content\/uploads\/2021\/05\/20210503_wladyslaw_tn3-768x1125.jpg 768w, https:\/\/mefuxe.pl\/wp-content\/uploads\/2021\/05\/20210503_wladyslaw_tn3-1048x1536.jpg 1048w, https:\/\/mefuxe.pl\/wp-content\/uploads\/2021\/05\/20210503_wladyslaw_tn3-1398x2048.jpg 1398w\" sizes=\"(max-width: 1535px) 100vw, 1535px\" \/><\/a><figcaption class=\"blocks-gallery-item__caption\"><em>W\u0142adys\u0142aw Frey<\/em><\/figcaption><\/figure><\/li><li class=\"blocks-gallery-item\"><figure><a href=\"https:\/\/mefuxe.pl\/wp-content\/uploads\/2021\/05\/20210503_wladyslaw_tn1.jpg\"><img loading=\"lazy\" decoding=\"async\" width=\"1535\" height=\"2249\" src=\"https:\/\/mefuxe.pl\/wp-content\/uploads\/2021\/05\/20210503_wladyslaw_tn1.jpg\" alt=\"\" data-id=\"1457\" data-full-url=\"https:\/\/mefuxe.pl\/wp-content\/uploads\/2021\/05\/20210503_wladyslaw_tn1.jpg\" data-link=\"https:\/\/mefuxe.pl\/?attachment_id=1457\" class=\"wp-image-1457\" srcset=\"https:\/\/mefuxe.pl\/wp-content\/uploads\/2021\/05\/20210503_wladyslaw_tn1.jpg 1535w, https:\/\/mefuxe.pl\/wp-content\/uploads\/2021\/05\/20210503_wladyslaw_tn1-205x300.jpg 205w, https:\/\/mefuxe.pl\/wp-content\/uploads\/2021\/05\/20210503_wladyslaw_tn1-699x1024.jpg 699w, https:\/\/mefuxe.pl\/wp-content\/uploads\/2021\/05\/20210503_wladyslaw_tn1-768x1125.jpg 768w, https:\/\/mefuxe.pl\/wp-content\/uploads\/2021\/05\/20210503_wladyslaw_tn1-1048x1536.jpg 1048w, https:\/\/mefuxe.pl\/wp-content\/uploads\/2021\/05\/20210503_wladyslaw_tn1-1398x2048.jpg 1398w\" sizes=\"(max-width: 1535px) 100vw, 1535px\" \/><\/a><figcaption class=\"blocks-gallery-item__caption\"><em>W\u0142adys\u0142aw Frey<\/em><\/figcaption><\/figure><\/li><li class=\"blocks-gallery-item\"><figure><a href=\"https:\/\/mefuxe.pl\/wp-content\/uploads\/2021\/05\/20210503_wladyslaw_tn4.jpg\"><img loading=\"lazy\" decoding=\"async\" width=\"2067\" height=\"1408\" src=\"https:\/\/mefuxe.pl\/wp-content\/uploads\/2021\/05\/20210503_wladyslaw_tn4.jpg\" alt=\"\" data-id=\"1460\" data-full-url=\"https:\/\/mefuxe.pl\/wp-content\/uploads\/2021\/05\/20210503_wladyslaw_tn4.jpg\" data-link=\"https:\/\/mefuxe.pl\/?attachment_id=1460\" class=\"wp-image-1460\" srcset=\"https:\/\/mefuxe.pl\/wp-content\/uploads\/2021\/05\/20210503_wladyslaw_tn4.jpg 2067w, https:\/\/mefuxe.pl\/wp-content\/uploads\/2021\/05\/20210503_wladyslaw_tn4-300x204.jpg 300w, https:\/\/mefuxe.pl\/wp-content\/uploads\/2021\/05\/20210503_wladyslaw_tn4-1024x698.jpg 1024w, https:\/\/mefuxe.pl\/wp-content\/uploads\/2021\/05\/20210503_wladyslaw_tn4-768x523.jpg 768w, https:\/\/mefuxe.pl\/wp-content\/uploads\/2021\/05\/20210503_wladyslaw_tn4-1536x1046.jpg 1536w, https:\/\/mefuxe.pl\/wp-content\/uploads\/2021\/05\/20210503_wladyslaw_tn4-2048x1395.jpg 2048w\" sizes=\"(max-width: 2067px) 100vw, 2067px\" \/><\/a><figcaption class=\"blocks-gallery-item__caption\"><em>W\u0142adys\u0142aw Frey<\/em><\/figcaption><\/figure><\/li><li class=\"blocks-gallery-item\"><figure><a href=\"https:\/\/mefuxe.pl\/wp-content\/uploads\/2021\/05\/20210503_wladyslaw_tn6.jpg\"><img loading=\"lazy\" decoding=\"async\" width=\"2240\" height=\"1510\" src=\"https:\/\/mefuxe.pl\/wp-content\/uploads\/2021\/05\/20210503_wladyslaw_tn6.jpg\" alt=\"\" data-id=\"1462\" data-full-url=\"https:\/\/mefuxe.pl\/wp-content\/uploads\/2021\/05\/20210503_wladyslaw_tn6.jpg\" data-link=\"https:\/\/mefuxe.pl\/?attachment_id=1462\" class=\"wp-image-1462\" srcset=\"https:\/\/mefuxe.pl\/wp-content\/uploads\/2021\/05\/20210503_wladyslaw_tn6.jpg 2240w, https:\/\/mefuxe.pl\/wp-content\/uploads\/2021\/05\/20210503_wladyslaw_tn6-300x202.jpg 300w, https:\/\/mefuxe.pl\/wp-content\/uploads\/2021\/05\/20210503_wladyslaw_tn6-1024x690.jpg 1024w, https:\/\/mefuxe.pl\/wp-content\/uploads\/2021\/05\/20210503_wladyslaw_tn6-768x518.jpg 768w, https:\/\/mefuxe.pl\/wp-content\/uploads\/2021\/05\/20210503_wladyslaw_tn6-1536x1035.jpg 1536w, https:\/\/mefuxe.pl\/wp-content\/uploads\/2021\/05\/20210503_wladyslaw_tn6-2048x1381.jpg 2048w\" sizes=\"(max-width: 2240px) 100vw, 2240px\" \/><\/a><figcaption class=\"blocks-gallery-item__caption\"><em>W\u0142adys\u0142aw Frey<\/em><\/figcaption><\/figure><\/li><li class=\"blocks-gallery-item\"><figure><a href=\"https:\/\/mefuxe.pl\/wp-content\/uploads\/2021\/05\/20210503_wladyslaw_tn7.jpg\"><img loading=\"lazy\" decoding=\"async\" width=\"2180\" height=\"1512\" src=\"https:\/\/mefuxe.pl\/wp-content\/uploads\/2021\/05\/20210503_wladyslaw_tn7.jpg\" alt=\"\" data-id=\"1463\" data-full-url=\"https:\/\/mefuxe.pl\/wp-content\/uploads\/2021\/05\/20210503_wladyslaw_tn7.jpg\" data-link=\"https:\/\/mefuxe.pl\/?attachment_id=1463\" class=\"wp-image-1463\" srcset=\"https:\/\/mefuxe.pl\/wp-content\/uploads\/2021\/05\/20210503_wladyslaw_tn7.jpg 2180w, https:\/\/mefuxe.pl\/wp-content\/uploads\/2021\/05\/20210503_wladyslaw_tn7-300x208.jpg 300w, https:\/\/mefuxe.pl\/wp-content\/uploads\/2021\/05\/20210503_wladyslaw_tn7-1024x710.jpg 1024w, https:\/\/mefuxe.pl\/wp-content\/uploads\/2021\/05\/20210503_wladyslaw_tn7-768x533.jpg 768w, https:\/\/mefuxe.pl\/wp-content\/uploads\/2021\/05\/20210503_wladyslaw_tn7-1536x1065.jpg 1536w, https:\/\/mefuxe.pl\/wp-content\/uploads\/2021\/05\/20210503_wladyslaw_tn7-2048x1420.jpg 2048w\" sizes=\"(max-width: 2180px) 100vw, 2180px\" \/><\/a><figcaption class=\"blocks-gallery-item__caption\"><em>W\u0142adys\u0142aw Frey<\/em><\/figcaption><\/figure><\/li><\/ul><\/figure>\n","protected":false},"excerpt":{"rendered":"<p>W ramach sortowania i porz\u0105dkowania zebranych fotografii, umieszczam kilka z nich dotycz\u0105cych W\u0142adys\u0142awa Freya z okresu wojaczki. Do czasu wybuchu WWII W\u0142ady\u0142aw by\u0142 Oficerem zawodowym a w Kampanii Wrze\u015bniowej schwytany i osadzony w Oflagu II B (Arnswalde). Zdj\u0119cia z motocyklem &hellip; <a href=\"https:\/\/mefuxe.pl\/?page_id=1452\">Czytaj dalej <span class=\"meta-nav\">&rarr;<\/span><\/a><\/p>\n","protected":false},"author":2,"featured_media":0,"parent":0,"menu_order":0,"comment_status":"closed","ping_status":"closed","template":"","meta":{"footnotes":""},"class_list":["post-1452","page","type-page","status-publish","hentry"],"_links":{"self":[{"href":"https:\/\/mefuxe.pl\/index.php?rest_route=\/wp\/v2\/pages\/1452","targetHints":{"allow":["GET"]}}],"collection":[{"href":"https:\/\/mefuxe.pl\/index.php?rest_route=\/wp\/v2\/pages"}],"about":[{"href":"https:\/\/mefuxe.pl\/index.php?rest_route=\/wp\/v2\/types\/page"}],"author":[{"embeddable":true,"href":"https:\/\/mefuxe.pl\/index.php?rest_route=\/wp\/v2\/users\/2"}],"replies":[{"embeddable":true,"href":"https:\/\/mefuxe.pl\/index.php?rest_route=%2Fwp%2Fv2%2Fcomments&post=1452"}],"version-history":[{"count":3,"href":"https:\/\/mefuxe.pl\/index.php?rest_route=\/wp\/v2\/pages\/1452\/revisions"}],"predecessor-version":[{"id":1473,"href":"https:\/\/mefuxe.pl\/index.php?rest_route=\/wp\/v2\/pages\/1452\/revisions\/1473"}],"wp:attachment":[{"href":"https:\/\/mefuxe.pl\/index.php?rest_route=%2Fwp%2Fv2%2Fmedia&parent=1452"}],"curies":[{"name":"wp","href":"https:\/\/api.w.org\/{rel}","templated":true}]}}