{"id":139,"date":"2019-06-04T23:57:02","date_gmt":"2019-06-04T21:57:02","guid":{"rendered":"http:\/\/mefuxe.pl\/?page_id=139"},"modified":"2022-12-28T17:44:31","modified_gmt":"2022-12-28T16:44:31","slug":"merudolf","status":"publish","type":"page","link":"https:\/\/mefuxe.pl\/?page_id=139","title":{"rendered":"meRudolf"},"content":{"rendered":"<table width=\"100%\">\n<tbody>\n<tr>\n<td width=\"16%\"><img fetchpriority=\"high\" decoding=\"async\" class=\"alignnone size-medium wp-image-357\" src=\"https:\/\/mefuxe.pl\/wp-content\/uploads\/2019\/06\/rudol_fuchs-234x300.jpg\" alt=\"\" width=\"234\" height=\"300\" srcset=\"https:\/\/mefuxe.pl\/wp-content\/uploads\/2019\/06\/rudol_fuchs-234x300.jpg 234w, https:\/\/mefuxe.pl\/wp-content\/uploads\/2019\/06\/rudol_fuchs.jpg 450w\" sizes=\"(max-width: 234px) 100vw, 234px\" \/><\/td>\n<td width=\"83%\">\n<p style=\"text-align: center;\"><strong>Rudolf Fuchs<\/strong><\/p>\n<\/td>\n<\/tr>\n<tr>\n<td width=\"16%\"><\/td>\n<td width=\"83%\"><\/td>\n<\/tr>\n<tr>\n<td width=\"16%\">Daty<\/td>\n<td width=\"83%\">1875-1936<\/td>\n<\/tr>\n<tr>\n<td width=\"16%\">Zaw\u00f3d<\/td>\n<td width=\"83%\">Rz\u0105dca d\u00f3br<\/td>\n<\/tr>\n<tr>\n<td width=\"16%\">Biografia<\/td>\n<td width=\"83%\">Urodzi\u0142 si\u0119 w rodzinie w\u0142a\u015bciciela d\u00f3br tabularnych (dworskich) w Skawinkach oraz dzier\u017cawcy ziemskiego (m.in. Jastrz\u0119bia Dolna) Johanna Fuchsa, przyby\u0142ego do Skawinek w roku z 1873 z Bia\u0142ej (obecnie Bielsko-Bia\u0142a).<\/p>\n<p>Rz\u0105dca d\u00f3br w Skawinkach.<\/p>\n<p>Dzier\u017cawca d\u00f3br Zakrz\u00f3w.<\/p>\n<p>Dzier\u017cawca d\u00f3br Kotowice Mir\u00f3w .<\/p>\n<p>Porucznik armii Austro-W\u0119gier w trakcie I Wojny \u015awiatowej.<\/p>\n<p>Porucznik armii Polskiej po odzyskaniu przez Polsk\u0119 niepodleg\u0142o\u015bci.<\/p>\n<p>M\u00f3j pradziadek.<\/td>\n<\/tr>\n<tr>\n<td width=\"16%\">Ciekawe linki<\/td>\n<td width=\"83%\">\n<ul>\n<li><a href=\"https:\/\/www.genealodzy.czestochowa.pl\/forum\/dyskusje-dot-artykulow\/8802-ziemianstwo-z-okolic-czestochowy-1793-1945?start=300\" target=\"_blank\" rel=\"noopener\">https:\/\/www.genealodzy.czestochowa.pl\/forum\/dyskusje-dot-artykulow\/8802-ziemianstwo-z-okolic-czestochowy-1793-1945?start=300<\/a><\/li>\n<\/ul>\n<ul>\n<li><a href=\"https:\/\/sdm.upjp2.edu.pl\/miejscowosci\/skawinki\" target=\"_blank\" rel=\"noopener\">https:\/\/sdm.upjp2.edu.pl\/miejscowosci\/skawinki<\/a><\/li>\n<\/ul>\n<\/td>\n<\/tr>\n<\/tbody>\n<\/table>\n","protected":false},"excerpt":{"rendered":"<p>Rudolf Fuchs Daty 1875-1936 Zaw\u00f3d Rz\u0105dca d\u00f3br Biografia Urodzi\u0142 si\u0119 w rodzinie w\u0142a\u015bciciela d\u00f3br tabularnych (dworskich) w Skawinkach oraz dzier\u017cawcy ziemskiego (m.in. Jastrz\u0119bia Dolna) Johanna Fuchsa, przyby\u0142ego do Skawinek w roku z 1873 z Bia\u0142ej (obecnie Bielsko-Bia\u0142a). Rz\u0105dca d\u00f3br w &hellip; <a href=\"https:\/\/mefuxe.pl\/?page_id=139\">Czytaj dalej <span class=\"meta-nav\">&rarr;<\/span><\/a><\/p>\n","protected":false},"author":2,"featured_media":0,"parent":0,"menu_order":0,"comment_status":"closed","ping_status":"closed","template":"","meta":{"footnotes":""},"class_list":["post-139","page","type-page","status-publish","hentry"],"_links":{"self":[{"href":"https:\/\/mefuxe.pl\/index.php?rest_route=\/wp\/v2\/pages\/139","targetHints":{"allow":["GET"]}}],"collection":[{"href":"https:\/\/mefuxe.pl\/index.php?rest_route=\/wp\/v2\/pages"}],"about":[{"href":"https:\/\/mefuxe.pl\/index.php?rest_route=\/wp\/v2\/types\/page"}],"author":[{"embeddable":true,"href":"https:\/\/mefuxe.pl\/index.php?rest_route=\/wp\/v2\/users\/2"}],"replies":[{"embeddable":true,"href":"https:\/\/mefuxe.pl\/index.php?rest_route=%2Fwp%2Fv2%2Fcomments&post=139"}],"version-history":[{"count":16,"href":"https:\/\/mefuxe.pl\/index.php?rest_route=\/wp\/v2\/pages\/139\/revisions"}],"predecessor-version":[{"id":1759,"href":"https:\/\/mefuxe.pl\/index.php?rest_route=\/wp\/v2\/pages\/139\/revisions\/1759"}],"wp:attachment":[{"href":"https:\/\/mefuxe.pl\/index.php?rest_route=%2Fwp%2Fv2%2Fmedia&parent=139"}],"curies":[{"name":"wp","href":"https:\/\/api.w.org\/{rel}","templated":true}]}}