{"id":1265,"date":"2021-03-06T22:45:42","date_gmt":"2021-03-06T21:45:42","guid":{"rendered":"http:\/\/mefuxe.pl\/?page_id=1265"},"modified":"2023-09-06T22:24:33","modified_gmt":"2023-09-06T20:24:33","slug":"mebeginnig","status":"publish","type":"page","link":"https:\/\/mefuxe.pl\/?page_id=1265","title":{"rendered":"meBeginnig"},"content":{"rendered":"\n<p>Aktualne drzewo, prezentuj\u0105ce pierwsze pokolenia rodziny Fuchs.  <\/p>\n\n\n\n<p>Zebrane materia\u0142y prowadz\u0105 nas do miasta Bia\u0142a. Aktualna  nazwa,   <a rel=\"noreferrer noopener\" href=\"https:\/\/pl.wikipedia.org\/wiki\/Bielsko-Bia%C5%82a\" target=\"_blank\">Bielsko-Bia\u0142a<\/a>. Najwcze\u015bniejsza data w materia\u0142ach  to rok 1724 i \u015blub pomi\u0119dzy Micha\u0142em Wawrzy\u0144cem i Zuzann\u0105 Dubie\u0144sk\u0105 w Bielsku. Micha\u0142 jako wdowiec a Zuzanna by\u0142a panna. Zgodnie z wpisem oboje byli Luteranami. <\/p>\n\n\n\n<p><\/p>\n\n\n\n<figure class=\"wp-block-gallery has-nested-images columns-default is-cropped wp-block-gallery-1 is-layout-flex wp-block-gallery-is-layout-flex\">\n<figure class=\"wp-block-image size-large\"><a href=\"https:\/\/mefuxe.pl\/wp-content\/uploads\/2023\/09\/Michal-Lorentz-Fuchss-Descendants-Tree-v20230906-by-Tadeusz-Fuchs-meFuxe-pl-scaled.jpg\"><img fetchpriority=\"high\" decoding=\"async\" width=\"1024\" height=\"378\" data-id=\"1772\" src=\"https:\/\/mefuxe.pl\/wp-content\/uploads\/2023\/09\/Michal-Lorentz-Fuchss-Descendants-Tree-v20230906-by-Tadeusz-Fuchs-meFuxe-pl-1024x378.jpg\" alt=\"\" class=\"wp-image-1772\" srcset=\"https:\/\/mefuxe.pl\/wp-content\/uploads\/2023\/09\/Michal-Lorentz-Fuchss-Descendants-Tree-v20230906-by-Tadeusz-Fuchs-meFuxe-pl-1024x378.jpg 1024w, https:\/\/mefuxe.pl\/wp-content\/uploads\/2023\/09\/Michal-Lorentz-Fuchss-Descendants-Tree-v20230906-by-Tadeusz-Fuchs-meFuxe-pl-300x111.jpg 300w, https:\/\/mefuxe.pl\/wp-content\/uploads\/2023\/09\/Michal-Lorentz-Fuchss-Descendants-Tree-v20230906-by-Tadeusz-Fuchs-meFuxe-pl-768x283.jpg 768w, https:\/\/mefuxe.pl\/wp-content\/uploads\/2023\/09\/Michal-Lorentz-Fuchss-Descendants-Tree-v20230906-by-Tadeusz-Fuchs-meFuxe-pl-1536x567.jpg 1536w, https:\/\/mefuxe.pl\/wp-content\/uploads\/2023\/09\/Michal-Lorentz-Fuchss-Descendants-Tree-v20230906-by-Tadeusz-Fuchs-meFuxe-pl-2048x756.jpg 2048w\" sizes=\"(max-width: 1024px) 100vw, 1024px\" \/><\/a><\/figure>\n<\/figure>\n\n\n\n<p>Micha\u0142 Wawrzyniec by\u0142 Mistrzem Cechowym w Bia\u0142ej a urodzi\u0142 si\u0119 oko\u0142o roku 1695. Jego syn Johanes poszed\u0142 w Jego \u015blady.<\/p>\n\n\n\n<p>Warto pozyska\u0107 \/ zapozna\u0107 si\u0119 m.in. z Dzie\u0142em &#8220;Bielsko-Bia\u0142a, Monografia miasta&#8221; (praca zbiorowa pod red. Idziego Panica). Niew\u0105tpliwie jest to mega pozytywny \u0142adunek historyczny. Tak\u017ce dotykaj\u0105cy, w swoich opisach, Rodzin\u0119 Fuchs\u00f3w. <\/p>\n\n\n\n<p><\/p>\n\n\n\n<p>Autorem poni\u017cszego podsumowania jest Pan Piotr Kenig:<\/p>\n\n\n\n<p class=\"has-black-color has-text-color\">Fuchsowie przybyli do Bia\u0142ej oraz Lipnika z&nbsp; B i e l s k a&nbsp; na prze\u0142omie XVII i XVIII w. W najstarszej zachowanej ksi\u0119dze zmar\u0142ych bielskiej parafii p.w. \u015bw. Miko\u0142aja z lat 1681-1729, obejmuj\u0105cej zar\u00f3wno miasto z dwoma przedmie\u015bciami, jak i okoliczne wioski (dzisiaj dzielnice Bielska-Bia\u0142ej) odnotowano zgon 93 os\u00f3b zapisanych jako <strong>Fuchs<\/strong> wzgl\u0119dnie <strong>Fochs<\/strong> oraz 3 zapisanych w wersji <strong>Fux<\/strong> lub <strong>Fox<\/strong>.<\/p>\n\n\n\n<p class=\"has-black-color has-text-color\">W spisie mieszka\u0144c\u00f3w Bia\u0142ej i Lipnika z 1674 roku nazwisko to jeszcze nie wyst\u0119puje<a href=\"#_ftn1\">[1]<\/a>.<\/p>\n\n\n\n<p class=\"has-black-color has-text-color\">W najstarszej zachowanej ksi\u0119dze zmar\u0142ych parafii w Lipniku z lat 1729-1776, obejmuj\u0105cej Lipnik, Bia\u0142\u0105 oraz Straconk\u0119, odnotowano zgon 26 os\u00f3b zapisanych jako <strong>Fox<\/strong> oraz 1 zapisan\u0105 w wersji <strong>Fuchs<\/strong>. Z tego 21 os\u00f3b zmar\u0142o w Bia\u0142ej, a 5 w Lipniku.<\/p>\n\n\n\n<p class=\"has-black-color has-text-color\">W latach 1738-1739 Jan (Johann) Fuchs piastowa\u0142 stanowisko burmistrza Bia\u0142ej (miejscowo\u015b\u0107 otrzyma\u0142a prawa miejskie w 1723 roku)<a href=\"#_ftn2\">[2]<\/a>.<\/p>\n\n\n\n<hr class=\"wp-block-separator has-css-opacity\"\/>\n\n\n\n<p><a href=\"#_ftnref1\">[1]<\/a> J. Polak, <em>Zarys dziej\u00f3w Lipnika<\/em>, Bielsko-Bia\u0142a 2002, s. 89; J. Polak, <em>Bia\u0142a od zarania do zako\u0144czenia I wojny \u015bwiatowej (1918)<\/em>, [w:] <em>Bielsko-Bia\u0142a. Monografia miasta<\/em>, red. I. Panic, Bielsko-Bia\u0142a 2010, s. 73.<\/p>\n\n\n\n<p><a href=\"#_ftnref2\">[2]<\/a> J. Polak, <em>Bia\u0142a<\/em>\u2026, s. 132.<\/p>\n\n\n\n<p><\/p>\n","protected":false},"excerpt":{"rendered":"<p>Aktualne drzewo, prezentuj\u0105ce pierwsze pokolenia rodziny Fuchs. Zebrane materia\u0142y prowadz\u0105 nas do miasta Bia\u0142a. Aktualna nazwa, Bielsko-Bia\u0142a. Najwcze\u015bniejsza data w materia\u0142ach to rok 1724 i \u015blub pomi\u0119dzy Micha\u0142em Wawrzy\u0144cem i Zuzann\u0105 Dubie\u0144sk\u0105 w Bielsku. Micha\u0142 jako wdowiec a Zuzanna by\u0142a &hellip; <a href=\"https:\/\/mefuxe.pl\/?page_id=1265\">Czytaj dalej <span class=\"meta-nav\">&rarr;<\/span><\/a><\/p>\n","protected":false},"author":2,"featured_media":0,"parent":0,"menu_order":0,"comment_status":"closed","ping_status":"closed","template":"","meta":{"footnotes":""},"class_list":["post-1265","page","type-page","status-publish","hentry"],"_links":{"self":[{"href":"https:\/\/mefuxe.pl\/index.php?rest_route=\/wp\/v2\/pages\/1265","targetHints":{"allow":["GET"]}}],"collection":[{"href":"https:\/\/mefuxe.pl\/index.php?rest_route=\/wp\/v2\/pages"}],"about":[{"href":"https:\/\/mefuxe.pl\/index.php?rest_route=\/wp\/v2\/types\/page"}],"author":[{"embeddable":true,"href":"https:\/\/mefuxe.pl\/index.php?rest_route=\/wp\/v2\/users\/2"}],"replies":[{"embeddable":true,"href":"https:\/\/mefuxe.pl\/index.php?rest_route=%2Fwp%2Fv2%2Fcomments&post=1265"}],"version-history":[{"count":25,"href":"https:\/\/mefuxe.pl\/index.php?rest_route=\/wp\/v2\/pages\/1265\/revisions"}],"predecessor-version":[{"id":1775,"href":"https:\/\/mefuxe.pl\/index.php?rest_route=\/wp\/v2\/pages\/1265\/revisions\/1775"}],"wp:attachment":[{"href":"https:\/\/mefuxe.pl\/index.php?rest_route=%2Fwp%2Fv2%2Fmedia&parent=1265"}],"curies":[{"name":"wp","href":"https:\/\/api.w.org\/{rel}","templated":true}]}}