{"id":110,"date":"2019-06-04T23:00:45","date_gmt":"2019-06-04T21:00:45","guid":{"rendered":"http:\/\/mefuxe.pl\/?page_id=110"},"modified":"2025-09-12T21:51:16","modified_gmt":"2025-09-12T19:51:16","slug":"mesurnames","status":"publish","type":"page","link":"https:\/\/mefuxe.pl\/?page_id=110","title":{"rendered":"meSurnames"},"content":{"rendered":"Lista nazwisk oraz miejscowo\u015bci w moim drzewie.\n\n<!-- \/wp:post-content -->\n<!-- wp:table {\"align\":\"left\"} -->\n<table>\n<tbody>\n<tr>\n<td>Nazwisko &#8211; r\u00f3\u017cne odmiany<\/td>\n<td>Skojarzone miejscowo\u015bci<\/td>\n<\/tr>\n<tr>\n<td>Antkowicz<\/td>\n<td>Krzyszkowice<\/td>\n<\/tr>\n<tr>\n<td>Apfeld<\/td>\n<td>Ujazd<\/td>\n<\/tr>\n<tr>\n<td>Bania<\/td>\n<td>Grab\u00f3wki<\/td>\n<\/tr>\n<tr>\n<td>Barthusel, Bartusel<\/td>\n<td>Ujazd, Racib\u00f3rz<\/td>\n<\/tr>\n<tr>\n<td>Biela\u0144ski<\/td>\n<td>Pieni\u0105\u017ckowice<\/td>\n<\/tr>\n<tr>\n<td>Bieniek<\/td>\n<td>Babiny<\/td>\n<\/tr>\n<tr>\n<td>Biernat<\/td>\n<td>Bochnia<\/td>\n<\/tr>\n<tr>\n<td>Bili\u0144ski<\/td>\n<td>Brze\u017cany, Si\u00f3\u0142ko<\/td>\n<\/tr>\n<tr>\n<td>Bili\u0144ski &#8211; h. Sas<\/td>\n<td><\/td>\n<\/tr>\n<tr>\n<td>Bogucki<\/td>\n<td>Grab\u00f3wki<\/td>\n<\/tr>\n<tr>\n<td>Bro\u017cek<\/td>\n<td>Zbydniowice<\/td>\n<\/tr>\n<tr>\n<td>Bukowski<\/td>\n<td>Bia\u0142a<\/td>\n<\/tr>\n<tr>\n<td>Chrzanowski<\/td>\n<td>Miasteczko, Adam\u00f3wka<\/td>\n<\/tr>\n<tr>\n<td>D\u0119bowski<\/td>\n<td>BIa\u0142a<\/td>\n<\/tr>\n<tr>\n<td>Duma\u0144ski<\/td>\n<td><\/td>\n<\/tr>\n<tr>\n<td>Dusza<\/td>\n<td>Pieni\u0105\u017ckowice<\/td>\n<\/tr>\n<tr>\n<td>Dutka, Dudka<\/td>\n<td>Bia\u0142a<\/td>\n<\/tr>\n<tr>\n<td>Englert<\/td>\n<td>Bia\u0142a<\/td>\n<\/tr>\n<tr>\n<td>Fiedor<\/td>\n<td>Pieni\u0105\u017ckowice<\/td>\n<\/tr>\n<tr>\n<td>Frey, Frei<\/td>\n<td>Babiny, Por\u0119by, Grab\u00f3wki, Wieliczka, Bochnia, Zabrze, Rybnik<\/td>\n<\/tr>\n<tr>\n<td>Fuchs, Fox, Fux, Fochs, Foxk<\/td>\n<td>Bia\u0142a, Bielsko-Bia\u0142a, Skawinki, Jastrz\u0119bia Dolna, Lanckrona, Kotowice Mir\u00f3w, Gda\u0144sk, Nowy Targ, Zakopane, Warszawa<\/td>\n<\/tr>\n<tr>\n<td>Gali\u0144ski<\/td>\n<td>Nowy Targ<\/td>\n<\/tr>\n<tr>\n<td>Gawlik<\/td>\n<td>Barycz, Zbydniowice, Go\u0142kowice, Soboniowice<\/td>\n<\/tr>\n<tr>\n<td>Gazda<\/td>\n<td>Nowy Targ<\/td>\n<\/tr>\n<tr>\n<td>Gomor<\/td>\n<td>Go\u0142kowice<\/td>\n<\/tr>\n<tr>\n<td>Gorka<\/td>\n<td>Krzyszkowice<\/td>\n<\/tr>\n<tr>\n<td>Hermann<\/td>\n<td>Bia\u0142a<\/td>\n<\/tr>\n<tr>\n<td>Hertman<\/td>\n<td>Brze\u017cany, Miasteczko, Adam\u00f3wka<\/td>\n<\/tr>\n<tr>\n<td>Ilnicki &#8211; h. Sas<\/td>\n<td><\/td>\n<\/tr>\n<tr>\n<td>Janisz vel Knapik, Knapczyk<\/td>\n<td>Krzyszkowice, Wieliczka<\/td>\n<\/tr>\n<tr>\n<td>Jasenow<\/td>\n<td>Brze\u017cany, Si\u00f3\u0142ko<\/td>\n<\/tr>\n<tr>\n<td>Jarkiewicz<\/td>\n<td>Nowy Targ<\/td>\n<\/tr>\n<tr>\n<td>Kapusta, Kapu\u015bciak<\/td>\n<td>Ko\u017amice<\/td>\n<\/tr>\n<tr>\n<td>Karwaczka<\/td>\n<td>Pieni\u0105\u017ckowice<\/td>\n<\/tr>\n<tr>\n<td>K\u0119kus<\/td>\n<td>Kosocice<\/td>\n<\/tr>\n<tr>\n<td>Kirschstein, Kirstein<\/td>\n<td>Ko\u017ale, Bijasowice, Bieru\u0144 Stary, Strzelce Opolskie, Racib\u00f3rz, Lubliniec, Kokotek<\/td>\n<\/tr>\n<tr>\n<td>Kosturkiewicz<\/td>\n<td>Bochnia<\/td>\n<\/tr>\n<tr>\n<td>Kowal<\/td>\n<td>Kosocice, Go\u0142kowice<\/td>\n<\/tr>\n<tr>\n<td>Kowalski<\/td>\n<td>Brze\u017cany, Miasteczko<\/td>\n<\/tr>\n<tr>\n<td>Kozub<\/td>\n<td>Bochnia<\/td>\n<\/tr>\n<tr>\n<td>Krupa<\/td>\n<td>Nowy Targ<\/td>\n<\/tr>\n<tr>\n<td>Lasak<\/td>\n<td>Pieni\u0105\u017ckowice<\/td>\n<\/tr>\n<tr>\n<td>Lonczig<\/td>\n<td>Bijasowice, Bieru\u0144 Stary, Katowice, Wroc\u0142aw, Rybnik, S\u0142aw\u0119cice<\/td>\n<\/tr>\n<tr>\n<td>Ludwig<\/td>\n<td><\/td>\n<\/tr>\n<tr>\n<td>\u0141yszczarczyk<\/td>\n<td>Pieni\u0105\u017ckowice<\/td>\n<\/tr>\n<tr>\n<td>Major<\/td>\n<td>Grab\u00f3wki<\/td>\n<\/tr>\n<tr>\n<td>Manasterski, Manastyrski &#8211; h.Sas<\/td>\n<td>Bobuli\u0144ce, Kujdan\u00f3w<\/td>\n<\/tr>\n<tr>\n<td>Mistat<\/td>\n<td>Por\u0119by, Wieliczka<\/td>\n<\/tr>\n<tr>\n<td>Mr\u00f3zek, Mrozek, Mruzek<\/td>\n<td>Bochnia, Grab\u00f3wki, Wieliczka<\/td>\n<\/tr>\n<tr>\n<td>Oprych<\/td>\n<td>Grab\u00f3wki, Bochnia<\/td>\n<\/tr>\n<tr>\n<td>O\u017cga, Ozga<\/td>\n<td>Por\u0119by, Wieliczka, Babiny, Grab\u00f3wki<\/td>\n<\/tr>\n<tr>\n<td>Piskorski<\/td>\n<td>Brze\u017cany, Miasteczko<\/td>\n<\/tr>\n<tr>\n<td>P\u0142oszczak<\/td>\n<td>Brze\u017cany, Miasteczko<\/td>\n<\/tr>\n<tr>\n<td>Rayjski, Rajski<\/td>\n<td>Nowy Targ, Zaleszczyki<\/td>\n<\/tr>\n<tr>\n<td>Schnurch<\/td>\n<td>Skawinki<\/td>\n<\/tr>\n<tr>\n<td>Seweryn<\/td>\n<td>Barycz, Kosocice, Raysko<\/td>\n<\/tr>\n<tr>\n<td>S\u0142owakiewicz<\/td>\n<td>Nowy Targ<\/td>\n<\/tr>\n<tr>\n<td>Skupie\u0144<\/td>\n<td>Bochnia, Proszowa, Karniowice, Olsztyn, Pieni\u0105\u017ckowice, Ostapie<\/td>\n<\/tr>\n<tr>\n<td>Stafiera<\/td>\n<td>Pieni\u0105\u017ckowice<\/td>\n<\/tr>\n<tr>\n<td>Strzelbicki &#8211; h. Sas<\/td>\n<td>Kujdan\u00f3w<\/td>\n<\/tr>\n<tr>\n<td>Sur\u00f3wka<\/td>\n<td>Krzyszkowice, Bugaj,<\/td>\n<\/tr>\n<tr>\n<td>Swoboda<\/td>\n<td>Bia\u0142a<\/td>\n<\/tr>\n<tr>\n<td>Szopi\u0144ski<\/td>\n<td>Nowy Targ<\/td>\n<\/tr>\n<tr>\n<td>Sztaier, Steier<\/td>\n<td>Brze\u017cany, Le\u015bniki<\/td>\n<\/tr>\n<tr>\n<td>Szubi\u0144ski<\/td>\n<td>Nowy Targ, Przemy\u015bl<\/td>\n<\/tr>\n<tr>\n<td>Turku\u0142, Turclet &#8211; h. Ostoja odm.<\/td>\n<td>Bobuli\u0144ce, Kujdan\u00f3w, Kurzany<\/td>\n<\/tr>\n<tr>\n<td>Weishaupt<\/td>\n<td>Ko\u017ale<\/td>\n<\/tr>\n<tr>\n<td>Wierzbicki<\/td>\n<td>Ostapie, Olsztyn, Kurzany, Brze\u017cany, Miasteczko, Si\u00f3\u0142ko, Adam\u00f3wka,<\/td>\n<\/tr>\n<tr>\n<td>Wo\u017aniak, Wo\u017aniaczek<\/td>\n<td>Babiny, Por\u0119by, Grab\u00f3wki, Barycz, Wieliczka<\/td>\n<\/tr>\n<tr>\n<td>Wyrwa, Wyrwie\u0144ski<\/td>\n<td>Bochnia<\/td>\n<\/tr>\n<\/tbody>\n<\/table>\n<!-- \/wp:table -->\n<!-- wp:paragraph -->\n\n<!-- \/wp:paragraph -->\n<!-- wp:paragraph -->\n\n<!-- \/wp:paragraph -->\n<!-- wp:columns -->\n\n<!-- wp:column -->\n\n<!-- wp:paragraph -->\n\n<!-- \/wp:paragraph -->\n\n<!-- \/wp:column -->\n<!-- wp:column -->\n\n<!-- \/wp:column -->\n\n<!-- \/wp:columns -->","protected":false},"excerpt":{"rendered":"<p>Lista nazwisk oraz miejscowo\u015bci w moim drzewie. Nazwisko &#8211; r\u00f3\u017cne odmiany Skojarzone miejscowo\u015bci Antkowicz Krzyszkowice Apfeld Ujazd Bania Grab\u00f3wki Barthusel, Bartusel Ujazd, Racib\u00f3rz Biela\u0144ski Pieni\u0105\u017ckowice Bieniek Babiny Biernat Bochnia Bili\u0144ski Brze\u017cany, Si\u00f3\u0142ko Bili\u0144ski &#8211; h. Sas Bogucki Grab\u00f3wki Bro\u017cek Zbydniowice &hellip; <a href=\"https:\/\/mefuxe.pl\/?page_id=110\">Czytaj dalej <span class=\"meta-nav\">&rarr;<\/span><\/a><\/p>\n","protected":false},"author":2,"featured_media":0,"parent":0,"menu_order":0,"comment_status":"closed","ping_status":"closed","template":"","meta":{"footnotes":""},"class_list":["post-110","page","type-page","status-publish","hentry"],"_links":{"self":[{"href":"https:\/\/mefuxe.pl\/index.php?rest_route=\/wp\/v2\/pages\/110","targetHints":{"allow":["GET"]}}],"collection":[{"href":"https:\/\/mefuxe.pl\/index.php?rest_route=\/wp\/v2\/pages"}],"about":[{"href":"https:\/\/mefuxe.pl\/index.php?rest_route=\/wp\/v2\/types\/page"}],"author":[{"embeddable":true,"href":"https:\/\/mefuxe.pl\/index.php?rest_route=\/wp\/v2\/users\/2"}],"replies":[{"embeddable":true,"href":"https:\/\/mefuxe.pl\/index.php?rest_route=%2Fwp%2Fv2%2Fcomments&post=110"}],"version-history":[{"count":49,"href":"https:\/\/mefuxe.pl\/index.php?rest_route=\/wp\/v2\/pages\/110\/revisions"}],"predecessor-version":[{"id":2160,"href":"https:\/\/mefuxe.pl\/index.php?rest_route=\/wp\/v2\/pages\/110\/revisions\/2160"}],"wp:attachment":[{"href":"https:\/\/mefuxe.pl\/index.php?rest_route=%2Fwp%2Fv2%2Fmedia&parent=110"}],"curies":[{"name":"wp","href":"https:\/\/api.w.org\/{rel}","templated":true}]}}