{"id":103,"date":"2019-06-04T22:26:04","date_gmt":"2019-06-04T20:26:04","guid":{"rendered":"http:\/\/mefuxe.pl\/?page_id=103"},"modified":"2025-04-22T19:24:27","modified_gmt":"2025-04-22T17:24:27","slug":"meoverview","status":"publish","type":"page","link":"https:\/\/mefuxe.pl\/?page_id=103","title":{"rendered":"meOverview"},"content":{"rendered":"\n<p>Kilka tysi\u0119cy godzin w ci\u0105gu ostatnich kilku lat. Tyle czasu dotychczas po\u015bwi\u0119ci\u0142em na Projekt genealogiczny o d\u017awi\u0119cznej nazwie &#8220;meFuxe&#8221;.  Rok 2018, z racji wolnego czasu, bardzo pracowity i owocny. <\/p>\n\n\n\n<p>Pomys\u0142 na projekt genealogiczny &#8220;meFuxe&#8221; narodzi\u0142 si\u0119 w okolicach wakacji 2013. Jak ka\u017cdy pomys\u0142, pocz\u0105tki mia\u0142 lu\u017ane i priorytet dla niego by\u0142 niski. Ot, zada\u0142em kilka pyta\u0144 rodzicom na temat przodk\u00f3w.  Tak si\u0119 to zacz\u0119\u0142o.<\/p>\n\n\n\n<p>W kolejnych latach pomys\u0142 ewoluowa\u0142 i kolejne  kroki stawa\u0142y si\u0119 bardziej zaanga\u017cowane a materia\u0142u powoli przybywa\u0142o.<\/p>\n\n\n\n<p>Ta strona to pewnego rodzaju podsumowanie projektu &#8220;meFuxe&#8221; oraz  mojej \u015bwiadomo\u015bci na temat przesz\u0142o\u015bci moich przodk\u00f3w.  Zak\u0142adam, \u017ce osi\u0105gn\u0105\u0142em poziom &#8220;historycznej \u015bwiadomo\u015bci&#8221;.  <\/p>\n\n\n\n<p>Materia\u0142 przedstawiony na tej stronie jest mocno skondensowany ale taka koncepcja tej strony.<\/p>\n\n\n\n<p>Czy mam wszystko? Nie. Czy to finalny produkt? Nie.<\/p>\n\n\n\n<p>Projekt traci wysoki status ale jest aktywny i taki pozostanie. Tyle jeszcze materia\u0142\u00f3w czeka na pozyskanie, analiz\u0119, potwierdzenie i publikacj\u0119.  <\/p>\n\n\n\n<p><\/p>\n\n\n\n<p><strong>Wybrane dane statystyczne<\/strong><\/p>\n\n\n\n<ol class=\"wp-block-list\">\n<li>Wydobyci z czelu\u015bci archiw\u00f3w i opisani bezpo\u015bredni Przodkowie: ok 202.<\/li>\n\n\n\n<li>Najstarszy dokument metrykalny z 1644.<\/li>\n\n\n\n<li>Najstarsze pokolenie: 10x pradziadek. 2 osoby.<\/li>\n\n\n\n<li>Najstarszy przodek po mieczu, urodzi\u0142 si\u0119 ok 1695 (6x pradziadek).<\/li>\n\n\n\n<li>Najstarszy przodek po mieczu \u017cy\u0142 ok 96 lat.<\/li>\n<\/ol>\n\n\n\n<p><\/p>\n","protected":false},"excerpt":{"rendered":"<p>Kilka tysi\u0119cy godzin w ci\u0105gu ostatnich kilku lat. Tyle czasu dotychczas po\u015bwi\u0119ci\u0142em na Projekt genealogiczny o d\u017awi\u0119cznej nazwie &#8220;meFuxe&#8221;. Rok 2018, z racji wolnego czasu, bardzo pracowity i owocny. Pomys\u0142 na projekt genealogiczny &#8220;meFuxe&#8221; narodzi\u0142 si\u0119 w okolicach wakacji 2013. &hellip; <a href=\"https:\/\/mefuxe.pl\/?page_id=103\">Czytaj dalej <span class=\"meta-nav\">&rarr;<\/span><\/a><\/p>\n","protected":false},"author":2,"featured_media":0,"parent":0,"menu_order":0,"comment_status":"closed","ping_status":"closed","template":"","meta":{"footnotes":""},"class_list":["post-103","page","type-page","status-publish","hentry"],"_links":{"self":[{"href":"https:\/\/mefuxe.pl\/index.php?rest_route=\/wp\/v2\/pages\/103","targetHints":{"allow":["GET"]}}],"collection":[{"href":"https:\/\/mefuxe.pl\/index.php?rest_route=\/wp\/v2\/pages"}],"about":[{"href":"https:\/\/mefuxe.pl\/index.php?rest_route=\/wp\/v2\/types\/page"}],"author":[{"embeddable":true,"href":"https:\/\/mefuxe.pl\/index.php?rest_route=\/wp\/v2\/users\/2"}],"replies":[{"embeddable":true,"href":"https:\/\/mefuxe.pl\/index.php?rest_route=%2Fwp%2Fv2%2Fcomments&post=103"}],"version-history":[{"count":31,"href":"https:\/\/mefuxe.pl\/index.php?rest_route=\/wp\/v2\/pages\/103\/revisions"}],"predecessor-version":[{"id":2093,"href":"https:\/\/mefuxe.pl\/index.php?rest_route=\/wp\/v2\/pages\/103\/revisions\/2093"}],"wp:attachment":[{"href":"https:\/\/mefuxe.pl\/index.php?rest_route=%2Fwp%2Fv2%2Fmedia&parent=103"}],"curies":[{"name":"wp","href":"https:\/\/api.w.org\/{rel}","templated":true}]}}